{"id":26,"date":"2024-11-26T20:10:09","date_gmt":"2024-11-26T20:10:09","guid":{"rendered":"https:\/\/rickparts.com.br\/loja\/?page_id=26"},"modified":"2024-11-26T20:24:15","modified_gmt":"2024-11-26T20:24:15","slug":"reembolso_devolucoes","status":"publish","type":"page","link":"https:\/\/rickparts.com.br\/loja\/reembolso_devolucoes\/","title":{"rendered":"Pol\u00edtica de reembolso"},"content":{"rendered":"\t\t<div data-elementor-type=\"wp-page\" data-elementor-id=\"26\" class=\"elementor elementor-26\" data-elementor-post-type=\"page\">\n\t\t\t\t<div class=\"elementor-element elementor-element-69dea6 e-flex e-con-boxed e-con e-parent\" data-id=\"69dea6\" data-element_type=\"container\" data-e-type=\"container\">\n\t\t\t\t\t<div class=\"e-con-inner\">\n\t\t\t\t<div class=\"elementor-element elementor-element-21b8bf77 elementor-widget elementor-widget-text-editor\" data-id=\"21b8bf77\" data-element_type=\"widget\" data-e-type=\"widget\" data-widget_type=\"text-editor.default\">\n\t\t\t\t<div class=\"elementor-widget-container\">\n\t\t\t\t\t\t\t\t\t<p><strong>Como solicitar uma devolu\u00e7\u00e3o por arrependimento:<\/strong><\/p><p>Caso voc\u00ea n\u00e3o esteja satisfeito com o produto ou tenha se arrependido da compra, voc\u00ea poder\u00e1 solicitar a devolu\u00e7\u00e3o em at\u00e9 7 dias contados da data do recebimento do pedido no seu endere\u00e7o.<\/p><p>Envie um e-mail para sac@rickparts.com.br, informando seu nome completo e n\u00famero do pedido. Voc\u00ea receber\u00e1 o reembolso em at\u00e9 30 dias contados da data em que recebermos os produtos devolvidos. O valor ser\u00e1 reembolsado utilizando o mesmo m\u00e9todo de pagamento que voc\u00ea selecionou ao comprar na nossa loja virtual. N\u00e3o haver\u00e1 custo adicional para voc\u00ea receber o reembolso.<\/p><p><strong>Como solicitar uma devolu\u00e7\u00e3o de produtos com defeito:<\/strong><\/p><p>De acordo com a legisla\u00e7\u00e3o brasileira, no caso de itens com defeito de fabrica\u00e7\u00e3o, voc\u00ea tem o direito de solicitar a devolu\u00e7\u00e3o em at\u00e9 30 dias, contados da data do recebimento do pedido no seu endere\u00e7o.<\/p><p>Envie um e-mail para sac@rickparts.com.br, informando seu nome completo, n\u00famero do pedido e informa\u00e7\u00f5es sobre o defeito de fabrica\u00e7\u00e3o (descri\u00e7\u00e3o com fotos ou v\u00eddeos). Analisaremos o seu caso em at\u00e9 30 dias contados da data em que recebermos os produtos devolvidos. O valor ser\u00e1 reembolsado utilizando o mesmo m\u00e9todo de pagamento que voc\u00ea selecionou ao comprar na nossa loja virtual. N\u00e3o haver\u00e1 custo adicional para voc\u00ea receber o reembolso.<\/p><p><strong>Como devolver os produtos:<\/strong><\/p><p>Seguindo o estabelecido pelo Direito do Consumidor, os custos de envio da devolu\u00e7\u00e3o de produtos por direito de arrependimento ou itens com defeito de fabrica\u00e7\u00e3o ser\u00e3o cobertos pela nossa loja atrav\u00e9s do processo de log\u00edstica reversa.<\/p><p>Voc\u00ea receber\u00e1 um c\u00f3digo de autoriza\u00e7\u00e3o de postagem por e-mail ap\u00f3s a sua solicita\u00e7\u00e3o de devolu\u00e7\u00e3o e dever\u00e1 postar a mercadoria em uma ag\u00eancia dos Correios. N\u00e3o cobrimos os custos de embalagem, por isso, sugerimos que voc\u00ea utilize a mesma embalagem na qual recebeu a sua compra (caso n\u00e3o esteja danificada) ou uma caixa adequada que preserve as pe\u00e7as durante o transporte.<\/p><p>Endere\u00e7o para devolu\u00e7\u00e3o de produtos: Rua Eng Jos\u00e9 Apolin\u00e1rio, 471 &#8211; Imbiribeira, Recife\/PE CEP 51170-410<\/p><p><strong>Entre em contato conosco:<\/strong><\/p><p>Caso voc\u00ea tenha qualquer d\u00favida sobre a nossa pol\u00edtica de reembolso e devolu\u00e7\u00e3o, por favor, entre em contato pelo e-mail sac@rickparts.com.br.<\/p>\t\t\t\t\t\t\t\t<\/div>\n\t\t\t\t<\/div>\n\t\t\t\t\t<\/div>\n\t\t\t\t<\/div>\n\t\t\t\t<\/div>\n\t\t","protected":false},"excerpt":{"rendered":"<p>Como solicitar uma devolu\u00e7\u00e3o por arrependimento: Caso voc\u00ea n\u00e3o esteja satisfeito com o produto ou tenha se arrependido da compra, [&hellip;]<\/p>\n","protected":false},"author":1,"featured_media":0,"parent":0,"menu_order":0,"comment_status":"closed","ping_status":"closed","template":"","meta":{"nf_dc_page":"","site-sidebar-layout":"default","site-content-layout":"","ast-site-content-layout":"default","site-content-style":"default","site-sidebar-style":"default","ast-global-header-display":"","ast-banner-title-visibility":"","ast-main-header-display":"","ast-hfb-above-header-display":"","ast-hfb-below-header-display":"","ast-hfb-mobile-header-display":"","site-post-title":"","ast-breadcrumbs-content":"","ast-featured-img":"","footer-sml-layout":"","ast-disable-related-posts":"","theme-transparent-header-meta":"","adv-header-id-meta":"","stick-header-meta":"","header-above-stick-meta":"","header-main-stick-meta":"","header-below-stick-meta":"","astra-migrate-meta-layouts":"default","ast-page-background-enabled":"default","ast-page-background-meta":{"desktop":{"background-color":"var(--ast-global-color-4)","background-image":"","background-repeat":"repeat","background-position":"center center","background-size":"auto","background-attachment":"scroll","background-type":"","background-media":"","overlay-type":"","overlay-color":"","overlay-opacity":"","overlay-gradient":""},"tablet":{"background-color":"","background-image":"","background-repeat":"repeat","background-position":"center center","background-size":"auto","background-attachment":"scroll","background-type":"","background-media":"","overlay-type":"","overlay-color":"","overlay-opacity":"","overlay-gradient":""},"mobile":{"background-color":"","background-image":"","background-repeat":"repeat","background-position":"center center","background-size":"auto","background-attachment":"scroll","background-type":"","background-media":"","overlay-type":"","overlay-color":"","overlay-opacity":"","overlay-gradient":""}},"ast-content-background-meta":{"desktop":{"background-color":"var(--ast-global-color-5)","background-image":"","background-repeat":"repeat","background-position":"center center","background-size":"auto","background-attachment":"scroll","background-type":"","background-media":"","overlay-type":"","overlay-color":"","overlay-opacity":"","overlay-gradient":""},"tablet":{"background-color":"var(--ast-global-color-5)","background-image":"","background-repeat":"repeat","background-position":"center center","background-size":"auto","background-attachment":"scroll","background-type":"","background-media":"","overlay-type":"","overlay-color":"","overlay-opacity":"","overlay-gradient":""},"mobile":{"background-color":"var(--ast-global-color-5)","background-image":"","background-repeat":"repeat","background-position":"center center","background-size":"auto","background-attachment":"scroll","background-type":"","background-media":"","overlay-type":"","overlay-color":"","overlay-opacity":"","overlay-gradient":""}},"footnotes":""},"class_list":["post-26","page","type-page","status-publish","hentry"],"_links":{"self":[{"href":"https:\/\/rickparts.com.br\/loja\/wp-json\/wp\/v2\/pages\/26","targetHints":{"allow":["GET"]}}],"collection":[{"href":"https:\/\/rickparts.com.br\/loja\/wp-json\/wp\/v2\/pages"}],"about":[{"href":"https:\/\/rickparts.com.br\/loja\/wp-json\/wp\/v2\/types\/page"}],"author":[{"embeddable":true,"href":"https:\/\/rickparts.com.br\/loja\/wp-json\/wp\/v2\/users\/1"}],"replies":[{"embeddable":true,"href":"https:\/\/rickparts.com.br\/loja\/wp-json\/wp\/v2\/comments?post=26"}],"version-history":[{"count":5,"href":"https:\/\/rickparts.com.br\/loja\/wp-json\/wp\/v2\/pages\/26\/revisions"}],"predecessor-version":[{"id":325,"href":"https:\/\/rickparts.com.br\/loja\/wp-json\/wp\/v2\/pages\/26\/revisions\/325"}],"wp:attachment":[{"href":"https:\/\/rickparts.com.br\/loja\/wp-json\/wp\/v2\/media?parent=26"}],"curies":[{"name":"wp","href":"https:\/\/api.w.org\/{rel}","templated":true}]}}