{"id":1019,"date":"2024-12-26T20:15:56","date_gmt":"2024-12-26T17:15:56","guid":{"rendered":"https:\/\/rickparts.com.br\/loja\/produto\/farol-doblo-02-09-h7-h1-m-crom-le\/"},"modified":"2026-02-06T16:23:38","modified_gmt":"2026-02-06T19:23:38","slug":"farol-doblo-02-09-h7-h1-m-crom-le","status":"publish","type":"product","link":"https:\/\/rickparts.com.br\/loja\/produto\/farol-doblo-02-09-h7-h1-m-crom-le\/","title":{"rendered":"FAROL DOBLO 2002 A 2009 MASCARA CROMADA LE"},"content":{"rendered":"<p>Refer\u00eancia: FIAT58432-LEX<br \/>FAROL DIANTEIRO FIAT DOBL\u00f2 2002 2003 2004 2005 2006 2007 2008 2009 M\u00e1SCARA CROMADA FOCO DUPLO COM MILHA<\/p>\n<p>CARACTER\u00edSTICAS:<br \/>PRODUTO NOVO DE \u00f3TIMA QUALIDADE;<br \/>M\u00e1SCARA CROMADA;<br \/>LENTE LISA EM ACR\u00edLICO RESISTENTE.<\/p>\n<p>ESPECIFICA\u00e7\u00f5ES T\u00e9CNICAS:<br \/>REGULAGEM DE FOCO MANUAL;<br \/>ENCAIXE DE L\u00e2MPADA NA ALTA H1;<br \/>SUPORTA L\u00e2MPADAS AT\u00e9 55 WATTS;<br \/>FOCO DUPLO COM MILHA E DEFLETOR;<br \/>ENCAIXE DE L\u00e2MPADA NA BAIXA H7;<br \/>ENCAIXE DE L\u00e2MPADA NO MILHA H1.<\/p>\n<p>COMPAT\u00edVEL COM OS MODELOS:<br \/>DOBL\u00f2 2002;<br \/>DOBL\u00f2 2003;<br \/>DOBL\u00f2 2004;<br \/>DOBL\u00f2 2005;<br \/>DOBL\u00f2 2006;<br \/>DOBL\u00f2 2007;<br \/>DOBL\u00f2 2008;<br \/>DOBL\u00f2 2009.<\/p>\n<p>GARANTIA: 90 DIAS.<br \/>IMPORTANTE:<br \/>N\u00e3O SOMOS RESPONS\u00e1VEIS PELA M\u00e1 INSTALA\u00e7\u00e3O OU MAU USO DO PRODUTO, PARA EVITAR TRANSTORNOS PROCURE POR UM PROFISSIONAL ESPECIALIZADO.<\/p>\n","protected":false},"excerpt":{"rendered":"<p>Refer\u00eancia: FIAT58432-LEX<br \/>FAROL DIANTEIRO FIAT DOBL\u00f2 2002 2003 2004 2005 2006 2007 2008 2009 M\u00e1SCARA CROMADA FOCO DUPLO COM MILHA<\/p>\n<p>CARACTER\u00edSTICAS:<br \/>PRODUTO NOVO DE \u00f3TIMA QUALIDADE;<br \/>M\u00e1SCARA CROMADA;<br \/>LENTE LISA EM ACR\u00edLICO RESISTENTE.<\/p>\n<p>ESPECIFICA\u00e7\u00f5ES T\u00e9CNICAS:<br \/>REGULAGEM DE FOCO MANUAL;<br \/>ENCAIXE DE L\u00e2MPADA NA ALTA H1;<br \/>SUPORTA L\u00e2MPADAS AT\u00e9 55 WATTS;<br \/>FOCO DUPLO COM MILHA E DEFLETOR;<br \/>ENCAIXE DE L\u00e2MPADA NA BAIXA H7;<br \/>ENCAIXE DE L\u00e2MPADA NO MILHA H1.<\/p>\n<p>COMPAT\u00edVEL COM OS MODELOS:<br \/>DOBL\u00f2 2002;<br \/>DOBL\u00f2 2003;<br \/>DOBL\u00f2 2004;<br \/>DOBL\u00f2 2005;<br \/>DOBL\u00f2 2006;<br \/>DOBL\u00f2 2007;<br \/>DOBL\u00f2 2008;<br \/>DOBL\u00f2 2009.<\/p>\n<p>GARANTIA: 90 DIAS.<br \/>IMPORTANTE:<br \/>N\u00e3O SOMOS RESPONS\u00e1VEIS PELA M\u00e1 INSTALA\u00e7\u00e3O OU MAU USO DO PRODUTO, PARA EVITAR TRANSTORNOS PROCURE POR UM PROFISSIONAL ESPECIALIZADO.<\/p>\n","protected":false},"featured_media":1018,"comment_status":"open","ping_status":"closed","template":"","meta":{"nf_dc_page":"","site-sidebar-layout":"default","site-content-layout":"","ast-site-content-layout":"default","site-content-style":"default","site-sidebar-style":"default","ast-global-header-display":"","ast-banner-title-visibility":"","ast-main-header-display":"","ast-hfb-above-header-display":"","ast-hfb-below-header-display":"","ast-hfb-mobile-header-display":"","site-post-title":"","ast-breadcrumbs-content":"","ast-featured-img":"","footer-sml-layout":"","ast-disable-related-posts":"","theme-transparent-header-meta":"","adv-header-id-meta":"","stick-header-meta":"","header-above-stick-meta":"","header-main-stick-meta":"","header-below-stick-meta":"","astra-migrate-meta-layouts":"default","ast-page-background-enabled":"default","ast-page-background-meta":{"desktop":{"background-color":"var(--ast-global-color-4)","background-image":"","background-repeat":"repeat","background-position":"center center","background-size":"auto","background-attachment":"scroll","background-type":"","background-media":"","overlay-type":"","overlay-color":"","overlay-opacity":"","overlay-gradient":""},"tablet":{"background-color":"","background-image":"","background-repeat":"repeat","background-position":"center center","background-size":"auto","background-attachment":"scroll","background-type":"","background-media":"","overlay-type":"","overlay-color":"","overlay-opacity":"","overlay-gradient":""},"mobile":{"background-color":"","background-image":"","background-repeat":"repeat","background-position":"center center","background-size":"auto","background-attachment":"scroll","background-type":"","background-media":"","overlay-type":"","overlay-color":"","overlay-opacity":"","overlay-gradient":""}},"ast-content-background-meta":{"desktop":{"background-color":"var(--ast-global-color-5)","background-image":"","background-repeat":"repeat","background-position":"center center","background-size":"auto","background-attachment":"scroll","background-type":"","background-media":"","overlay-type":"","overlay-color":"","overlay-opacity":"","overlay-gradient":""},"tablet":{"background-color":"var(--ast-global-color-5)","background-image":"","background-repeat":"repeat","background-position":"center center","background-size":"auto","background-attachment":"scroll","background-type":"","background-media":"","overlay-type":"","overlay-color":"","overlay-opacity":"","overlay-gradient":""},"mobile":{"background-color":"var(--ast-global-color-5)","background-image":"","background-repeat":"repeat","background-position":"center center","background-size":"auto","background-attachment":"scroll","background-type":"","background-media":"","overlay-type":"","overlay-color":"","overlay-opacity":"","overlay-gradient":""}}},"product_brand":[],"product_cat":[35],"product_tag":[],"class_list":{"0":"post-1019","1":"product","2":"type-product","3":"status-publish","4":"has-post-thumbnail","6":"product_cat-iluminaoautomotiva","7":"desktop-align-left","8":"tablet-align-left","9":"mobile-align-left","11":"first","12":"instock","13":"shipping-taxable","14":"purchasable","15":"product-type-simple"},"_links":{"self":[{"href":"https:\/\/rickparts.com.br\/loja\/wp-json\/wp\/v2\/product\/1019","targetHints":{"allow":["GET"]}}],"collection":[{"href":"https:\/\/rickparts.com.br\/loja\/wp-json\/wp\/v2\/product"}],"about":[{"href":"https:\/\/rickparts.com.br\/loja\/wp-json\/wp\/v2\/types\/product"}],"replies":[{"embeddable":true,"href":"https:\/\/rickparts.com.br\/loja\/wp-json\/wp\/v2\/comments?post=1019"}],"wp:featuredmedia":[{"embeddable":true,"href":"https:\/\/rickparts.com.br\/loja\/wp-json\/wp\/v2\/media\/1018"}],"wp:attachment":[{"href":"https:\/\/rickparts.com.br\/loja\/wp-json\/wp\/v2\/media?parent=1019"}],"wp:term":[{"taxonomy":"product_brand","embeddable":true,"href":"https:\/\/rickparts.com.br\/loja\/wp-json\/wp\/v2\/product_brand?post=1019"},{"taxonomy":"product_cat","embeddable":true,"href":"https:\/\/rickparts.com.br\/loja\/wp-json\/wp\/v2\/product_cat?post=1019"},{"taxonomy":"product_tag","embeddable":true,"href":"https:\/\/rickparts.com.br\/loja\/wp-json\/wp\/v2\/product_tag?post=1019"}],"curies":[{"name":"wp","href":"https:\/\/api.w.org\/{rel}","templated":true}]}}