{"id":1361,"date":"2025-01-02T22:02:32","date_gmt":"2025-01-02T19:02:32","guid":{"rendered":"https:\/\/rickparts.com.br\/loja\/produto\/farol-gol-95-99-m-cromada-le\/"},"modified":"2026-03-02T10:28:04","modified_gmt":"2026-03-02T13:28:04","slug":"farol-gol-95-99-m-cromada-le","status":"publish","type":"product","link":"https:\/\/rickparts.com.br\/loja\/produto\/farol-gol-95-99-m-cromada-le\/","title":{"rendered":"FAROL GOL 1995 A 1999 LE"},"content":{"rendered":"<p>Refer\u00eancia: VW1181-LEX<br \/>ESTE ITEM POSSUI MATERIAL DE ALTA QUALIDADE E RESIST\u00eaNCIA, COMPOSTO COM SUA LENTE ACR\u00edLICO LISA, ENCAIXE DA L\u00e2MPADA H4 QUE SUPORTA AT\u00e9 55W E UM DESIGN QUE DEIXA SEU CARRO COM ASPECTO DIFERENCIADO DE TODOS OS OUTROS.<\/p>\n<p>COMPAT\u00edVEL COM:VOLKSWAGEN<\/p>\n<p>-GOL G2 1995 -PARATI G2 1996 -SAVEIRO G2 1998<br \/>-GOL G2 1996 -PARATI G2 1997 -SAVEIRO G2 1999<br \/>-GOL G2 1997 -PARATI G2 1998<br \/>-GOL G2 1998 -PARATI G2 1999<\/p>\n<p>&#8211; GOL G2 SPECIAL 2000<br \/>&#8211; GOL G2 SPECIAL 2001<br \/>&#8211; GOL G2 SPECIAL 2002<br \/>&#8211; GOL G2 SPECIAL 2003<br \/>&#8211; GOL G2 SPECIAL 2004<br \/>&#8211; GOL G2 SPECIAL 2005<\/p>\n<p>ESPECIFICA\u00e7\u00f5ES T\u00e9CNICAS:<\/p>\n<p>&#8211; FOCO SIMPLES<br \/>&#8211; REGULAGEM MANUAL<br \/>&#8211; ENCAIXE DA L\u00e2MPADA H4<br \/>&#8211; LENTE ESTRIADA<br \/>&#8211; MATERIAL DA LENTE EM VIDRO<br \/>&#8211; MATERIAL DA CARCA\u00e7A EM PL\u00e1STICO<br \/>&#8211; SUPORTA L\u00e2MPADAS DE AT\u00e9 55W<br \/>&#8211; COM SUPORTE ARTEB\/CIBIE<\/p>\n<p>ATEN\u00c7\u00c3O<\/p>\n<p>GARANTIA &#8211; 3 MESES<br \/>A EMPRESA N\u00e3O SE RESPONSABILIZA PELA M\u00e1 INSTALA\u00e7\u00e3O DO PRODUTO.<br \/>PROCURE POR UM PROFISSIONAL ESPECIALIZADO!<\/p>\n","protected":false},"excerpt":{"rendered":"<p>Refer\u00eancia: VW1181-LEX<br \/>ESTE ITEM POSSUI MATERIAL DE ALTA QUALIDADE E RESIST\u00eaNCIA, COMPOSTO COM SUA LENTE ACR\u00edLICO LISA, ENCAIXE DA L\u00e2MPADA H4 QUE SUPORTA AT\u00e9 55W E UM DESIGN QUE DEIXA SEU CARRO COM ASPECTO DIFERENCIADO DE TODOS OS OUTROS.<\/p>\n<p>COMPAT\u00edVEL COM:VOLKSWAGEN<\/p>\n<p>-GOL G2 1995 -PARATI G2 1996 -SAVEIRO G2 1998<br \/>-GOL G2 1996 -PARATI G2 1997 -SAVEIRO G2 1999<br \/>-GOL G2 1997 -PARATI G2 1998<br \/>-GOL G2 1998 -PARATI G2 1999<\/p>\n<p>&#8211; GOL G2 SPECIAL 2000<br \/>&#8211; GOL G2 SPECIAL 2001<br \/>&#8211; GOL G2 SPECIAL 2002<br \/>&#8211; GOL G2 SPECIAL 2003<br \/>&#8211; GOL G2 SPECIAL 2004<br \/>&#8211; GOL G2 SPECIAL 2005<\/p>\n<p>ESPECIFICA\u00e7\u00f5ES T\u00e9CNICAS:<\/p>\n<p>&#8211; FOCO SIMPLES<br \/>&#8211; REGULAGEM MANUAL<br \/>&#8211; ENCAIXE DA L\u00e2MPADA H4<br \/>&#8211; LENTE ESTRIADA<br \/>&#8211; MATERIAL DA LENTE EM VIDRO<br \/>&#8211; MATERIAL DA CARCA\u00e7A EM PL\u00e1STICO<br \/>&#8211; SUPORTA L\u00e2MPADAS DE AT\u00e9 55W<br \/>&#8211; COM SUPORTE ARTEB\/CIBIE<\/p>\n<p>ATEN\u00c7\u00c3O<\/p>\n<p>GARANTIA &#8211; 3 MESES<br \/>A EMPRESA N\u00e3O SE RESPONSABILIZA PELA M\u00e1 INSTALA\u00e7\u00e3O DO PRODUTO.<br \/>PROCURE POR UM PROFISSIONAL ESPECIALIZADO!<\/p>\n","protected":false},"featured_media":1360,"comment_status":"open","ping_status":"closed","template":"","meta":{"nf_dc_page":"","site-sidebar-layout":"default","site-content-layout":"","ast-site-content-layout":"default","site-content-style":"default","site-sidebar-style":"default","ast-global-header-display":"","ast-banner-title-visibility":"","ast-main-header-display":"","ast-hfb-above-header-display":"","ast-hfb-below-header-display":"","ast-hfb-mobile-header-display":"","site-post-title":"","ast-breadcrumbs-content":"","ast-featured-img":"","footer-sml-layout":"","ast-disable-related-posts":"","theme-transparent-header-meta":"","adv-header-id-meta":"","stick-header-meta":"","header-above-stick-meta":"","header-main-stick-meta":"","header-below-stick-meta":"","astra-migrate-meta-layouts":"default","ast-page-background-enabled":"default","ast-page-background-meta":{"desktop":{"background-color":"var(--ast-global-color-4)","background-image":"","background-repeat":"repeat","background-position":"center center","background-size":"auto","background-attachment":"scroll","background-type":"","background-media":"","overlay-type":"","overlay-color":"","overlay-opacity":"","overlay-gradient":""},"tablet":{"background-color":"","background-image":"","background-repeat":"repeat","background-position":"center center","background-size":"auto","background-attachment":"scroll","background-type":"","background-media":"","overlay-type":"","overlay-color":"","overlay-opacity":"","overlay-gradient":""},"mobile":{"background-color":"","background-image":"","background-repeat":"repeat","background-position":"center center","background-size":"auto","background-attachment":"scroll","background-type":"","background-media":"","overlay-type":"","overlay-color":"","overlay-opacity":"","overlay-gradient":""}},"ast-content-background-meta":{"desktop":{"background-color":"var(--ast-global-color-5)","background-image":"","background-repeat":"repeat","background-position":"center center","background-size":"auto","background-attachment":"scroll","background-type":"","background-media":"","overlay-type":"","overlay-color":"","overlay-opacity":"","overlay-gradient":""},"tablet":{"background-color":"var(--ast-global-color-5)","background-image":"","background-repeat":"repeat","background-position":"center center","background-size":"auto","background-attachment":"scroll","background-type":"","background-media":"","overlay-type":"","overlay-color":"","overlay-opacity":"","overlay-gradient":""},"mobile":{"background-color":"var(--ast-global-color-5)","background-image":"","background-repeat":"repeat","background-position":"center center","background-size":"auto","background-attachment":"scroll","background-type":"","background-media":"","overlay-type":"","overlay-color":"","overlay-opacity":"","overlay-gradient":""}}},"product_brand":[],"product_cat":[35],"product_tag":[],"class_list":{"0":"post-1361","1":"product","2":"type-product","3":"status-publish","4":"has-post-thumbnail","6":"product_cat-iluminaoautomotiva","7":"desktop-align-left","8":"tablet-align-left","9":"mobile-align-left","11":"first","12":"instock","13":"shipping-taxable","14":"purchasable","15":"product-type-simple"},"_links":{"self":[{"href":"https:\/\/rickparts.com.br\/loja\/wp-json\/wp\/v2\/product\/1361","targetHints":{"allow":["GET"]}}],"collection":[{"href":"https:\/\/rickparts.com.br\/loja\/wp-json\/wp\/v2\/product"}],"about":[{"href":"https:\/\/rickparts.com.br\/loja\/wp-json\/wp\/v2\/types\/product"}],"replies":[{"embeddable":true,"href":"https:\/\/rickparts.com.br\/loja\/wp-json\/wp\/v2\/comments?post=1361"}],"wp:featuredmedia":[{"embeddable":true,"href":"https:\/\/rickparts.com.br\/loja\/wp-json\/wp\/v2\/media\/1360"}],"wp:attachment":[{"href":"https:\/\/rickparts.com.br\/loja\/wp-json\/wp\/v2\/media?parent=1361"}],"wp:term":[{"taxonomy":"product_brand","embeddable":true,"href":"https:\/\/rickparts.com.br\/loja\/wp-json\/wp\/v2\/product_brand?post=1361"},{"taxonomy":"product_cat","embeddable":true,"href":"https:\/\/rickparts.com.br\/loja\/wp-json\/wp\/v2\/product_cat?post=1361"},{"taxonomy":"product_tag","embeddable":true,"href":"https:\/\/rickparts.com.br\/loja\/wp-json\/wp\/v2\/product_tag?post=1361"}],"curies":[{"name":"wp","href":"https:\/\/api.w.org\/{rel}","templated":true}]}}