{"id":1419,"date":"2025-01-03T16:30:53","date_gmt":"2025-01-03T13:30:53","guid":{"rendered":"https:\/\/rickparts.com.br\/loja\/produto\/farol-fiesta-00-02-h4-pisca-amb-le\/"},"modified":"2026-02-06T16:22:42","modified_gmt":"2026-02-06T19:22:42","slug":"farol-fiesta-00-02-h4-pisca-amb-le","status":"publish","type":"product","link":"https:\/\/rickparts.com.br\/loja\/produto\/farol-fiesta-00-02-h4-pisca-amb-le\/","title":{"rendered":"FAROL FIESTA 2000 A 2002 COURIER 2000 A 2010 P.AMBAR LE"},"content":{"rendered":"<p>Refer\u00eancia: FORD00760-LEX<br \/>FAROL FIESTA 2000 A 2002 COURIER 2000 A 2010 PISCA AMBAR<\/p>\n<p>ESTE ITEM POSSUI MATERIAL DE ALTA QUALIDADE E RESIST\u00eaNCIA, COMPOSTO COM SUA LENTE EM VIDRO COM PISCA ESTRIADO,ENCAIXE DA L\u00e2MPADA H4 QUE SUPORTA AT\u00e9 55W E UM DESIGN QUE DEIXA SEU CARRO COM ASPECTO DIFERENCIADO DE TODOS OS OUTROS.<\/p>\n<p>COMPAT\u00edVEL COM: FORD<\/p>\n<p>\u2013 COURIER 2000 \u2013 FIESTA 2000<br \/>\u2013 COURIER 2001 \u2013 FIESTA 2001<br \/>\u2013 COURIER 2002 \u2013 FIESTA 2002<br \/>\u2013 COURIER 2003<br \/>\u2013 COURIER 2004<br \/>\u2013 COURIER 2005<br \/>\u2013 COURIER 2006<br \/>\u2013 COURIER 2007<br \/>\u2013 COURIER 2008<br \/>\u2013 COURIER 2009<br \/>\u2013 COURIER 2010<\/p>\n<p>ESPECIFICA\u00e7\u00f5ES T\u00e9CNICAS:<\/p>\n<p>\u2013 FOCO SIMPLES<\/p>\n<p>\u2013 ENCAIXE DA L\u00e2MPADA H4<br \/>\u2013 LENTE PISCA ESTRIADO<br \/>\u2013 MATERIAL DA LENTE EM VIDRO<br \/>\u2013 MATERIAL DA CARCA\u00e7A EM PL\u00e1STICO<br \/>\u2013 SUPORTA L\u00e2MPADAS DE AT\u00e9 55W<\/p>\n<p>ATEN\u00c7\u00c3O<\/p>\n<p>GARANTIA \u2013 3 MESES<br \/>A EMPRESA N\u00e3O SE RESPONSABILIZA PELA M\u00e1 INSTALA\u00e7\u00e3O DO PRODUTO. PROCURE POR UM PROFISSIONAL ESPECIALIZADO!<\/p>\n","protected":false},"excerpt":{"rendered":"<p>Refer\u00eancia: FORD00760-LEX<br \/>FAROL FIESTA 2000 A 2002 COURIER 2000 A 2010 PISCA AMBAR<\/p>\n<p>ESTE ITEM POSSUI MATERIAL DE ALTA QUALIDADE E RESIST\u00eaNCIA, COMPOSTO COM SUA LENTE EM VIDRO COM PISCA ESTRIADO,ENCAIXE DA L\u00e2MPADA H4 QUE SUPORTA AT\u00e9 55W E UM DESIGN QUE DEIXA SEU CARRO COM ASPECTO DIFERENCIADO DE TODOS OS OUTROS.<\/p>\n<p>COMPAT\u00edVEL COM: FORD<\/p>\n<p>\u2013 COURIER 2000 \u2013 FIESTA 2000<br \/>\u2013 COURIER 2001 \u2013 FIESTA 2001<br \/>\u2013 COURIER 2002 \u2013 FIESTA 2002<br \/>\u2013 COURIER 2003<br \/>\u2013 COURIER 2004<br \/>\u2013 COURIER 2005<br \/>\u2013 COURIER 2006<br \/>\u2013 COURIER 2007<br \/>\u2013 COURIER 2008<br \/>\u2013 COURIER 2009<br \/>\u2013 COURIER 2010<\/p>\n<p>ESPECIFICA\u00e7\u00f5ES T\u00e9CNICAS:<\/p>\n<p>\u2013 FOCO SIMPLES<\/p>\n<p>\u2013 ENCAIXE DA L\u00e2MPADA H4<br \/>\u2013 LENTE PISCA ESTRIADO<br \/>\u2013 MATERIAL DA LENTE EM VIDRO<br \/>\u2013 MATERIAL DA CARCA\u00e7A EM PL\u00e1STICO<br \/>\u2013 SUPORTA L\u00e2MPADAS DE AT\u00e9 55W<\/p>\n<p>ATEN\u00c7\u00c3O<\/p>\n<p>GARANTIA \u2013 3 MESES<br \/>A EMPRESA N\u00e3O SE RESPONSABILIZA PELA M\u00e1 INSTALA\u00e7\u00e3O DO PRODUTO. PROCURE POR UM PROFISSIONAL ESPECIALIZADO!<\/p>\n","protected":false},"featured_media":1418,"comment_status":"open","ping_status":"closed","template":"","meta":{"nf_dc_page":"","site-sidebar-layout":"default","site-content-layout":"","ast-site-content-layout":"default","site-content-style":"default","site-sidebar-style":"default","ast-global-header-display":"","ast-banner-title-visibility":"","ast-main-header-display":"","ast-hfb-above-header-display":"","ast-hfb-below-header-display":"","ast-hfb-mobile-header-display":"","site-post-title":"","ast-breadcrumbs-content":"","ast-featured-img":"","footer-sml-layout":"","ast-disable-related-posts":"","theme-transparent-header-meta":"","adv-header-id-meta":"","stick-header-meta":"","header-above-stick-meta":"","header-main-stick-meta":"","header-below-stick-meta":"","astra-migrate-meta-layouts":"default","ast-page-background-enabled":"default","ast-page-background-meta":{"desktop":{"background-color":"var(--ast-global-color-4)","background-image":"","background-repeat":"repeat","background-position":"center center","background-size":"auto","background-attachment":"scroll","background-type":"","background-media":"","overlay-type":"","overlay-color":"","overlay-opacity":"","overlay-gradient":""},"tablet":{"background-color":"","background-image":"","background-repeat":"repeat","background-position":"center center","background-size":"auto","background-attachment":"scroll","background-type":"","background-media":"","overlay-type":"","overlay-color":"","overlay-opacity":"","overlay-gradient":""},"mobile":{"background-color":"","background-image":"","background-repeat":"repeat","background-position":"center center","background-size":"auto","background-attachment":"scroll","background-type":"","background-media":"","overlay-type":"","overlay-color":"","overlay-opacity":"","overlay-gradient":""}},"ast-content-background-meta":{"desktop":{"background-color":"var(--ast-global-color-5)","background-image":"","background-repeat":"repeat","background-position":"center center","background-size":"auto","background-attachment":"scroll","background-type":"","background-media":"","overlay-type":"","overlay-color":"","overlay-opacity":"","overlay-gradient":""},"tablet":{"background-color":"var(--ast-global-color-5)","background-image":"","background-repeat":"repeat","background-position":"center center","background-size":"auto","background-attachment":"scroll","background-type":"","background-media":"","overlay-type":"","overlay-color":"","overlay-opacity":"","overlay-gradient":""},"mobile":{"background-color":"var(--ast-global-color-5)","background-image":"","background-repeat":"repeat","background-position":"center center","background-size":"auto","background-attachment":"scroll","background-type":"","background-media":"","overlay-type":"","overlay-color":"","overlay-opacity":"","overlay-gradient":""}}},"product_brand":[],"product_cat":[35],"product_tag":[],"class_list":{"0":"post-1419","1":"product","2":"type-product","3":"status-publish","4":"has-post-thumbnail","6":"product_cat-iluminaoautomotiva","7":"desktop-align-left","8":"tablet-align-left","9":"mobile-align-left","11":"first","12":"instock","13":"shipping-taxable","14":"purchasable","15":"product-type-simple"},"_links":{"self":[{"href":"https:\/\/rickparts.com.br\/loja\/wp-json\/wp\/v2\/product\/1419","targetHints":{"allow":["GET"]}}],"collection":[{"href":"https:\/\/rickparts.com.br\/loja\/wp-json\/wp\/v2\/product"}],"about":[{"href":"https:\/\/rickparts.com.br\/loja\/wp-json\/wp\/v2\/types\/product"}],"replies":[{"embeddable":true,"href":"https:\/\/rickparts.com.br\/loja\/wp-json\/wp\/v2\/comments?post=1419"}],"wp:featuredmedia":[{"embeddable":true,"href":"https:\/\/rickparts.com.br\/loja\/wp-json\/wp\/v2\/media\/1418"}],"wp:attachment":[{"href":"https:\/\/rickparts.com.br\/loja\/wp-json\/wp\/v2\/media?parent=1419"}],"wp:term":[{"taxonomy":"product_brand","embeddable":true,"href":"https:\/\/rickparts.com.br\/loja\/wp-json\/wp\/v2\/product_brand?post=1419"},{"taxonomy":"product_cat","embeddable":true,"href":"https:\/\/rickparts.com.br\/loja\/wp-json\/wp\/v2\/product_cat?post=1419"},{"taxonomy":"product_tag","embeddable":true,"href":"https:\/\/rickparts.com.br\/loja\/wp-json\/wp\/v2\/product_tag?post=1419"}],"curies":[{"name":"wp","href":"https:\/\/api.w.org\/{rel}","templated":true}]}}