{"id":1481,"date":"2025-01-03T21:15:41","date_gmt":"2025-01-03T18:15:41","guid":{"rendered":"https:\/\/rickparts.com.br\/loja\/produto\/farol-ranger-16-21-p-cristal-ld\/"},"modified":"2026-02-06T16:23:48","modified_gmt":"2026-02-06T19:23:48","slug":"farol-ranger-16-21-p-cristal-ld","status":"publish","type":"product","link":"https:\/\/rickparts.com.br\/loja\/produto\/farol-ranger-16-21-p-cristal-ld\/","title":{"rendered":"FAROL RANGER 2016 A 2021 PISCA CRISTAL S\/ PROJETOR LD"},"content":{"rendered":"<p>Refer\u00eancia: FORD0589-LDX<br \/>FAROL RANGER 2016 A 2021 PISCA CRISTAL S\/ PROJETOR<\/p>\n<p>CARACTER\u00cdSTICAS:<br \/>&#8211; PRODUTO NOVO DE \u00d3TIMA QUALIDADE<br \/>&#8211; COM ENCAIXE E ACABAMENTO PERFEITOS<br \/>&#8211; CARCA\u00e7A DE PL\u00e1STICO<br \/>&#8211; LENTE EM ACR\u00edLICO<\/p>\n<p>ESPECIFICA\u00c7\u00d5ES T\u00c9CNICAS:<br \/>&#8211; FAROL NOVO E IMPORTADO<br \/>&#8211; FOCO SIMPLES SEM PROJETOR<br \/>&#8211; COM PISCA CRISTAL<br \/>&#8211; M\u00e1SCARA NEGRA<br \/>&#8211; REGULAGEM DE FOCO MANUAL<br \/>&#8211; SUPORTA L\u00e2MPADAS AT\u00e9 55 WATTS<br \/>&#8211; N\u00e3O ACOMPANHA L\u00e2MPADAS<\/p>\n<p>COMPAT\u00cdVEL COM OS MODELOS:<br \/>&#8211; RANGER 2016<br \/>&#8211; RANGER 2017<br \/>&#8211; RANGER 2018<br \/>&#8211; RANGER 2019<br \/>&#8211; RANGER 2020<br \/>&#8211; RANGER 2021<\/p>\n<p>GARANTIA:<br \/>&#8211; 03 MESES<br \/>&#8211; A INSTALA\u00e7\u00e3O DEVE SER FEITA POR UM PROFISSIONAL ESPECIALIZADO; N\u00e3O NOS RESPONSABILIZAMOS POR INSTALA\u00e7\u00e3O MAL REALIZADA<\/p>\n","protected":false},"excerpt":{"rendered":"<p>Refer\u00eancia: FORD0589-LDX<br \/>FAROL RANGER 2016 A 2021 PISCA CRISTAL S\/ PROJETOR<\/p>\n<p>CARACTER\u00cdSTICAS:<br \/>&#8211; PRODUTO NOVO DE \u00d3TIMA QUALIDADE<br \/>&#8211; COM ENCAIXE E ACABAMENTO PERFEITOS<br \/>&#8211; CARCA\u00e7A DE PL\u00e1STICO<br \/>&#8211; LENTE EM ACR\u00edLICO<\/p>\n<p>ESPECIFICA\u00c7\u00d5ES T\u00c9CNICAS:<br \/>&#8211; FAROL NOVO E IMPORTADO<br \/>&#8211; FOCO SIMPLES SEM PROJETOR<br \/>&#8211; COM PISCA CRISTAL<br \/>&#8211; M\u00e1SCARA NEGRA<br \/>&#8211; REGULAGEM DE FOCO MANUAL<br \/>&#8211; SUPORTA L\u00e2MPADAS AT\u00e9 55 WATTS<br \/>&#8211; N\u00e3O ACOMPANHA L\u00e2MPADAS<\/p>\n<p>COMPAT\u00cdVEL COM OS MODELOS:<br \/>&#8211; RANGER 2016<br \/>&#8211; RANGER 2017<br \/>&#8211; RANGER 2018<br \/>&#8211; RANGER 2019<br \/>&#8211; RANGER 2020<br \/>&#8211; RANGER 2021<\/p>\n<p>GARANTIA:<br \/>&#8211; 03 MESES<br \/>&#8211; A INSTALA\u00e7\u00e3O DEVE SER FEITA POR UM PROFISSIONAL ESPECIALIZADO; N\u00e3O NOS RESPONSABILIZAMOS POR INSTALA\u00e7\u00e3O MAL REALIZADA<\/p>\n","protected":false},"featured_media":1480,"comment_status":"open","ping_status":"closed","template":"","meta":{"nf_dc_page":"","site-sidebar-layout":"default","site-content-layout":"","ast-site-content-layout":"default","site-content-style":"default","site-sidebar-style":"default","ast-global-header-display":"","ast-banner-title-visibility":"","ast-main-header-display":"","ast-hfb-above-header-display":"","ast-hfb-below-header-display":"","ast-hfb-mobile-header-display":"","site-post-title":"","ast-breadcrumbs-content":"","ast-featured-img":"","footer-sml-layout":"","ast-disable-related-posts":"","theme-transparent-header-meta":"","adv-header-id-meta":"","stick-header-meta":"","header-above-stick-meta":"","header-main-stick-meta":"","header-below-stick-meta":"","astra-migrate-meta-layouts":"default","ast-page-background-enabled":"default","ast-page-background-meta":{"desktop":{"background-color":"var(--ast-global-color-4)","background-image":"","background-repeat":"repeat","background-position":"center center","background-size":"auto","background-attachment":"scroll","background-type":"","background-media":"","overlay-type":"","overlay-color":"","overlay-opacity":"","overlay-gradient":""},"tablet":{"background-color":"","background-image":"","background-repeat":"repeat","background-position":"center center","background-size":"auto","background-attachment":"scroll","background-type":"","background-media":"","overlay-type":"","overlay-color":"","overlay-opacity":"","overlay-gradient":""},"mobile":{"background-color":"","background-image":"","background-repeat":"repeat","background-position":"center center","background-size":"auto","background-attachment":"scroll","background-type":"","background-media":"","overlay-type":"","overlay-color":"","overlay-opacity":"","overlay-gradient":""}},"ast-content-background-meta":{"desktop":{"background-color":"var(--ast-global-color-5)","background-image":"","background-repeat":"repeat","background-position":"center center","background-size":"auto","background-attachment":"scroll","background-type":"","background-media":"","overlay-type":"","overlay-color":"","overlay-opacity":"","overlay-gradient":""},"tablet":{"background-color":"var(--ast-global-color-5)","background-image":"","background-repeat":"repeat","background-position":"center center","background-size":"auto","background-attachment":"scroll","background-type":"","background-media":"","overlay-type":"","overlay-color":"","overlay-opacity":"","overlay-gradient":""},"mobile":{"background-color":"var(--ast-global-color-5)","background-image":"","background-repeat":"repeat","background-position":"center center","background-size":"auto","background-attachment":"scroll","background-type":"","background-media":"","overlay-type":"","overlay-color":"","overlay-opacity":"","overlay-gradient":""}}},"product_brand":[],"product_cat":[35],"product_tag":[],"class_list":{"0":"post-1481","1":"product","2":"type-product","3":"status-publish","4":"has-post-thumbnail","6":"product_cat-iluminaoautomotiva","7":"desktop-align-left","8":"tablet-align-left","9":"mobile-align-left","11":"first","12":"instock","13":"shipping-taxable","14":"purchasable","15":"product-type-simple"},"_links":{"self":[{"href":"https:\/\/rickparts.com.br\/loja\/wp-json\/wp\/v2\/product\/1481","targetHints":{"allow":["GET"]}}],"collection":[{"href":"https:\/\/rickparts.com.br\/loja\/wp-json\/wp\/v2\/product"}],"about":[{"href":"https:\/\/rickparts.com.br\/loja\/wp-json\/wp\/v2\/types\/product"}],"replies":[{"embeddable":true,"href":"https:\/\/rickparts.com.br\/loja\/wp-json\/wp\/v2\/comments?post=1481"}],"wp:featuredmedia":[{"embeddable":true,"href":"https:\/\/rickparts.com.br\/loja\/wp-json\/wp\/v2\/media\/1480"}],"wp:attachment":[{"href":"https:\/\/rickparts.com.br\/loja\/wp-json\/wp\/v2\/media?parent=1481"}],"wp:term":[{"taxonomy":"product_brand","embeddable":true,"href":"https:\/\/rickparts.com.br\/loja\/wp-json\/wp\/v2\/product_brand?post=1481"},{"taxonomy":"product_cat","embeddable":true,"href":"https:\/\/rickparts.com.br\/loja\/wp-json\/wp\/v2\/product_cat?post=1481"},{"taxonomy":"product_tag","embeddable":true,"href":"https:\/\/rickparts.com.br\/loja\/wp-json\/wp\/v2\/product_tag?post=1481"}],"curies":[{"name":"wp","href":"https:\/\/api.w.org\/{rel}","templated":true}]}}