{"id":1508,"date":"2025-01-03T22:02:30","date_gmt":"2025-01-03T19:02:30","guid":{"rendered":"https:\/\/rickparts.com.br\/loja\/produto\/farol-transit-07-13-ld\/"},"modified":"2026-02-06T16:24:06","modified_gmt":"2026-02-06T19:24:06","slug":"farol-transit-07-13-ld","status":"publish","type":"product","link":"https:\/\/rickparts.com.br\/loja\/produto\/farol-transit-07-13-ld\/","title":{"rendered":"FAROL FORD TRANSIT 2007 A 2013 LD"},"content":{"rendered":"<p>Refer\u00eancia: FORD16244-LDX<br \/>FAROL FORD TRANSIT 2007 A 2013<\/p>\n<p>COMPAT\u00edVEL COM: FORD<br \/>&#8211; TRANSIT 2009<br \/>&#8211; TRANSIT 2010<br \/>&#8211; TRANSIT 2011<br \/>&#8211; TRANSIT 2012<\/p>\n<p>FICHA T\u00c9CNICA<br \/>&#8211; FOCO SIMPLES<br \/>&#8211; REGULAGEM EL\u00e9TRICA<br \/>&#8211; ENCAIXE DA L\u00e2MPADA H4<br \/>&#8211; LENTE LISA<br \/>&#8211; MATERIAL DA LENTE EM ACR\u00edLICO<br \/>&#8211; MATERIAL DA CARCA\u00e7A EM PL\u00e1STICO<\/p>\n<p>ATEN\u00c7\u00c3O<\/p>\n<p>GARANTIA \u2013 3 MESES<br \/>A EMPRESA N\u00e3O SE RESPONSABILIZA PELA M\u00e1 INSTALA\u00e7\u00e3O DO PRODUTO. PROCURE POR UM PROFISSIONAL ESPECIALIZADO!<\/p>\n","protected":false},"excerpt":{"rendered":"<p>Refer\u00eancia: FORD16244-LDX<br \/>FAROL FORD TRANSIT 2007 A 2013<\/p>\n<p>COMPAT\u00edVEL COM: FORD<br \/>&#8211; TRANSIT 2009<br \/>&#8211; TRANSIT 2010<br \/>&#8211; TRANSIT 2011<br \/>&#8211; TRANSIT 2012<\/p>\n<p>FICHA T\u00c9CNICA<br \/>&#8211; FOCO SIMPLES<br \/>&#8211; REGULAGEM EL\u00e9TRICA<br \/>&#8211; ENCAIXE DA L\u00e2MPADA H4<br \/>&#8211; LENTE LISA<br \/>&#8211; MATERIAL DA LENTE EM ACR\u00edLICO<br \/>&#8211; MATERIAL DA CARCA\u00e7A EM PL\u00e1STICO<\/p>\n<p>ATEN\u00c7\u00c3O<\/p>\n<p>GARANTIA \u2013 3 MESES<br \/>A EMPRESA N\u00e3O SE RESPONSABILIZA PELA M\u00e1 INSTALA\u00e7\u00e3O DO PRODUTO. PROCURE POR UM PROFISSIONAL ESPECIALIZADO!<\/p>\n","protected":false},"featured_media":1507,"comment_status":"open","ping_status":"closed","template":"","meta":{"nf_dc_page":"","site-sidebar-layout":"default","site-content-layout":"","ast-site-content-layout":"default","site-content-style":"default","site-sidebar-style":"default","ast-global-header-display":"","ast-banner-title-visibility":"","ast-main-header-display":"","ast-hfb-above-header-display":"","ast-hfb-below-header-display":"","ast-hfb-mobile-header-display":"","site-post-title":"","ast-breadcrumbs-content":"","ast-featured-img":"","footer-sml-layout":"","ast-disable-related-posts":"","theme-transparent-header-meta":"","adv-header-id-meta":"","stick-header-meta":"","header-above-stick-meta":"","header-main-stick-meta":"","header-below-stick-meta":"","astra-migrate-meta-layouts":"default","ast-page-background-enabled":"default","ast-page-background-meta":{"desktop":{"background-color":"var(--ast-global-color-4)","background-image":"","background-repeat":"repeat","background-position":"center center","background-size":"auto","background-attachment":"scroll","background-type":"","background-media":"","overlay-type":"","overlay-color":"","overlay-opacity":"","overlay-gradient":""},"tablet":{"background-color":"","background-image":"","background-repeat":"repeat","background-position":"center center","background-size":"auto","background-attachment":"scroll","background-type":"","background-media":"","overlay-type":"","overlay-color":"","overlay-opacity":"","overlay-gradient":""},"mobile":{"background-color":"","background-image":"","background-repeat":"repeat","background-position":"center center","background-size":"auto","background-attachment":"scroll","background-type":"","background-media":"","overlay-type":"","overlay-color":"","overlay-opacity":"","overlay-gradient":""}},"ast-content-background-meta":{"desktop":{"background-color":"var(--ast-global-color-5)","background-image":"","background-repeat":"repeat","background-position":"center center","background-size":"auto","background-attachment":"scroll","background-type":"","background-media":"","overlay-type":"","overlay-color":"","overlay-opacity":"","overlay-gradient":""},"tablet":{"background-color":"var(--ast-global-color-5)","background-image":"","background-repeat":"repeat","background-position":"center center","background-size":"auto","background-attachment":"scroll","background-type":"","background-media":"","overlay-type":"","overlay-color":"","overlay-opacity":"","overlay-gradient":""},"mobile":{"background-color":"var(--ast-global-color-5)","background-image":"","background-repeat":"repeat","background-position":"center center","background-size":"auto","background-attachment":"scroll","background-type":"","background-media":"","overlay-type":"","overlay-color":"","overlay-opacity":"","overlay-gradient":""}}},"product_brand":[],"product_cat":[35],"product_tag":[],"class_list":{"0":"post-1508","1":"product","2":"type-product","3":"status-publish","4":"has-post-thumbnail","6":"product_cat-iluminaoautomotiva","7":"desktop-align-left","8":"tablet-align-left","9":"mobile-align-left","11":"first","12":"instock","13":"shipping-taxable","14":"purchasable","15":"product-type-simple"},"_links":{"self":[{"href":"https:\/\/rickparts.com.br\/loja\/wp-json\/wp\/v2\/product\/1508","targetHints":{"allow":["GET"]}}],"collection":[{"href":"https:\/\/rickparts.com.br\/loja\/wp-json\/wp\/v2\/product"}],"about":[{"href":"https:\/\/rickparts.com.br\/loja\/wp-json\/wp\/v2\/types\/product"}],"replies":[{"embeddable":true,"href":"https:\/\/rickparts.com.br\/loja\/wp-json\/wp\/v2\/comments?post=1508"}],"wp:featuredmedia":[{"embeddable":true,"href":"https:\/\/rickparts.com.br\/loja\/wp-json\/wp\/v2\/media\/1507"}],"wp:attachment":[{"href":"https:\/\/rickparts.com.br\/loja\/wp-json\/wp\/v2\/media?parent=1508"}],"wp:term":[{"taxonomy":"product_brand","embeddable":true,"href":"https:\/\/rickparts.com.br\/loja\/wp-json\/wp\/v2\/product_brand?post=1508"},{"taxonomy":"product_cat","embeddable":true,"href":"https:\/\/rickparts.com.br\/loja\/wp-json\/wp\/v2\/product_cat?post=1508"},{"taxonomy":"product_tag","embeddable":true,"href":"https:\/\/rickparts.com.br\/loja\/wp-json\/wp\/v2\/product_tag?post=1508"}],"curies":[{"name":"wp","href":"https:\/\/api.w.org\/{rel}","templated":true}]}}