{"id":2131,"date":"2025-01-13T21:19:23","date_gmt":"2025-01-13T18:19:23","guid":{"rendered":"https:\/\/rickparts.com.br\/loja\/produto\/lant-tras-l200-triton-17-22-bic-le\/"},"modified":"2026-02-20T09:08:02","modified_gmt":"2026-02-20T12:08:02","slug":"lant-tras-l200-triton-17-22-bic-le","status":"publish","type":"product","link":"https:\/\/rickparts.com.br\/loja\/produto\/lant-tras-l200-triton-17-22-bic-le\/","title":{"rendered":"LANTERNA TRASEIRA L200 TRITON SPORT 17\/22 BICOLOR LE"},"content":{"rendered":"<p>Refer\u00eancia: MIT31123-LEX<br \/>LANTERNA TRASEIRA L200 TRITON SPORT 17\/22 BICOLOR LE<\/p>\n<p>SPECIFICA\u00e7\u00f5ES T\u00e9CNICAS:<br \/>&#8211; COR: BICOLOR;<br \/>&#8211; COR DA CARCA\u00e7A: CINZA;<br \/>&#8211; FREIO RUBI, R\u00e9 E PISCA CRISTAL;<br \/>&#8211; SUPORTA L\u00e2MPADAS AT\u00e9 55 WATTS;<br \/>&#8211; LENTE LISA EM ACR\u00edLICO RESISTENTE.<\/p>\n<p>COMPAT\u00edVEL COM OS MODELOS:<br \/>&#8211; L200 TRITON SPORT 2017 A 2022.<\/p>\n<p>IMPORTANTE:<br \/>&#8211; N\u00c3O NOS RESPONSABILIZAMOS PELA M\u00e1 INSTALA\u00e7\u00e3O OU MAU USO DO PRODUTO, PARA EVITAR TRANSTORNOS PROCURE POR UM PROFISSIONAL ESPECIALIZADO.<\/p>\n<p>GARANTIA DO VENDEDOR: 90 DIAS<br \/>Refer\u00eancias Auxiliares:<br \/>BB-059387 *TRA<\/p>\n","protected":false},"excerpt":{"rendered":"<p>Refer\u00eancia: MIT31123-LEX<br \/>LANTERNA TRASEIRA L200 TRITON SPORT 17\/22 BICOLOR LE<\/p>\n<p>SPECIFICA\u00e7\u00f5ES T\u00e9CNICAS:<br \/>&#8211; COR: BICOLOR;<br \/>&#8211; COR DA CARCA\u00e7A: CINZA;<br \/>&#8211; FREIO RUBI, R\u00e9 E PISCA CRISTAL;<br \/>&#8211; SUPORTA L\u00e2MPADAS AT\u00e9 55 WATTS;<br \/>&#8211; LENTE LISA EM ACR\u00edLICO RESISTENTE.<\/p>\n<p>COMPAT\u00edVEL COM OS MODELOS:<br \/>&#8211; L200 TRITON SPORT 2017 A 2022.<\/p>\n<p>IMPORTANTE:<br \/>&#8211; N\u00c3O NOS RESPONSABILIZAMOS PELA M\u00e1 INSTALA\u00e7\u00e3O OU MAU USO DO PRODUTO, PARA EVITAR TRANSTORNOS PROCURE POR UM PROFISSIONAL ESPECIALIZADO.<\/p>\n<p>GARANTIA DO VENDEDOR: 90 DIAS<br \/>Refer\u00eancias Auxiliares:<br \/>BB-059387 *TRA<\/p>\n","protected":false},"featured_media":2130,"comment_status":"open","ping_status":"closed","template":"","meta":{"nf_dc_page":"","site-sidebar-layout":"default","site-content-layout":"","ast-site-content-layout":"default","site-content-style":"default","site-sidebar-style":"default","ast-global-header-display":"","ast-banner-title-visibility":"","ast-main-header-display":"","ast-hfb-above-header-display":"","ast-hfb-below-header-display":"","ast-hfb-mobile-header-display":"","site-post-title":"","ast-breadcrumbs-content":"","ast-featured-img":"","footer-sml-layout":"","ast-disable-related-posts":"","theme-transparent-header-meta":"","adv-header-id-meta":"","stick-header-meta":"","header-above-stick-meta":"","header-main-stick-meta":"","header-below-stick-meta":"","astra-migrate-meta-layouts":"default","ast-page-background-enabled":"default","ast-page-background-meta":{"desktop":{"background-color":"var(--ast-global-color-4)","background-image":"","background-repeat":"repeat","background-position":"center center","background-size":"auto","background-attachment":"scroll","background-type":"","background-media":"","overlay-type":"","overlay-color":"","overlay-opacity":"","overlay-gradient":""},"tablet":{"background-color":"","background-image":"","background-repeat":"repeat","background-position":"center center","background-size":"auto","background-attachment":"scroll","background-type":"","background-media":"","overlay-type":"","overlay-color":"","overlay-opacity":"","overlay-gradient":""},"mobile":{"background-color":"","background-image":"","background-repeat":"repeat","background-position":"center center","background-size":"auto","background-attachment":"scroll","background-type":"","background-media":"","overlay-type":"","overlay-color":"","overlay-opacity":"","overlay-gradient":""}},"ast-content-background-meta":{"desktop":{"background-color":"var(--ast-global-color-5)","background-image":"","background-repeat":"repeat","background-position":"center center","background-size":"auto","background-attachment":"scroll","background-type":"","background-media":"","overlay-type":"","overlay-color":"","overlay-opacity":"","overlay-gradient":""},"tablet":{"background-color":"var(--ast-global-color-5)","background-image":"","background-repeat":"repeat","background-position":"center center","background-size":"auto","background-attachment":"scroll","background-type":"","background-media":"","overlay-type":"","overlay-color":"","overlay-opacity":"","overlay-gradient":""},"mobile":{"background-color":"var(--ast-global-color-5)","background-image":"","background-repeat":"repeat","background-position":"center center","background-size":"auto","background-attachment":"scroll","background-type":"","background-media":"","overlay-type":"","overlay-color":"","overlay-opacity":"","overlay-gradient":""}}},"product_brand":[],"product_cat":[35],"product_tag":[],"class_list":{"0":"post-2131","1":"product","2":"type-product","3":"status-publish","4":"has-post-thumbnail","6":"product_cat-iluminaoautomotiva","7":"desktop-align-left","8":"tablet-align-left","9":"mobile-align-left","11":"first","12":"instock","13":"shipping-taxable","14":"purchasable","15":"product-type-simple"},"_links":{"self":[{"href":"https:\/\/rickparts.com.br\/loja\/wp-json\/wp\/v2\/product\/2131","targetHints":{"allow":["GET"]}}],"collection":[{"href":"https:\/\/rickparts.com.br\/loja\/wp-json\/wp\/v2\/product"}],"about":[{"href":"https:\/\/rickparts.com.br\/loja\/wp-json\/wp\/v2\/types\/product"}],"replies":[{"embeddable":true,"href":"https:\/\/rickparts.com.br\/loja\/wp-json\/wp\/v2\/comments?post=2131"}],"wp:featuredmedia":[{"embeddable":true,"href":"https:\/\/rickparts.com.br\/loja\/wp-json\/wp\/v2\/media\/2130"}],"wp:attachment":[{"href":"https:\/\/rickparts.com.br\/loja\/wp-json\/wp\/v2\/media?parent=2131"}],"wp:term":[{"taxonomy":"product_brand","embeddable":true,"href":"https:\/\/rickparts.com.br\/loja\/wp-json\/wp\/v2\/product_brand?post=2131"},{"taxonomy":"product_cat","embeddable":true,"href":"https:\/\/rickparts.com.br\/loja\/wp-json\/wp\/v2\/product_cat?post=2131"},{"taxonomy":"product_tag","embeddable":true,"href":"https:\/\/rickparts.com.br\/loja\/wp-json\/wp\/v2\/product_tag?post=2131"}],"curies":[{"name":"wp","href":"https:\/\/api.w.org\/{rel}","templated":true}]}}