{"id":2138,"date":"2025-01-14T16:53:18","date_gmt":"2025-01-14T13:53:18","guid":{"rendered":"https:\/\/rickparts.com.br\/loja\/produto\/lant-tras-idea-05-bic-gr-preta-ld\/"},"modified":"2026-02-06T16:22:15","modified_gmt":"2026-02-06T19:22:15","slug":"lant-tras-idea-05-bic-gr-preta-ld","status":"publish","type":"product","link":"https:\/\/rickparts.com.br\/loja\/produto\/lant-tras-idea-05-bic-gr-preta-ld\/","title":{"rendered":"LANTERNA TRASEIRA IDEA 2005 A 2009 GRADE PRETA LD"},"content":{"rendered":"<p>Refer\u00eancia: FIAT18508-LDX<br \/>LANTERNA TRASEIRA IDEA 2005 A 2009 <br \/>GRADE PRETA LD<\/p>\n<p>COR DISPON\u00edVEL:<br \/>\u2022 BICOLOR<\/p>\n<p>COMPAT\u00edVEL COM:<br \/>\u2022 IDEA 2005<br \/>\u2022 IDEA 2006<br \/>\u2022 IDEA 2007<br \/>\u2022 IDEA 2008<br \/>\u2022 IDEA 2009<\/p>\n<p>ESPECIFICA\u00e7\u00e3O T\u00e9CNICA:<br \/>\u2022 LENTE EM ACR\u00edLICO RESISTENTE<br \/>\u2022 COR BICOLOR<br \/>\u2022 SIMILAR AO MODELO ORIGINAL<br \/>\u2022 ALTA DURABILIDADE E RESIST\u00eaNCIA<br \/>\u2022 ENCAIXE SOB MEDIDA<br \/>\u2022 PERFEITO ACABAMENTO<br \/>\u2022 PRODUTO NOVO DE \u00d3TIMA QUALIDADE<br \/>\u2022 N\u00e3O ACOMPANHA L\u00e2MPADAS<br \/>\u2022 N\u00e3O ACOMPANHA SOQUETE<\/p>\n<p>GARANTIA:<br \/>\u2022 03 MESES CONTRA DEFEITO DE FABRICA\u00e7\u00e3O.<\/p>\n<p>ATEN\u00c7\u00c3O<\/p>\n<p>N\u00e3O NOS RESPONSABILIZAMOS PELA M\u00e1 INSTALA\u00e7\u00e3O DO PRODUTO. PROCURE UM PROFISSIONAL ESPECIALIZADO!<br \/>Refer\u00eancias Auxiliares:<br \/>BB-032345 *TRA<\/p>\n","protected":false},"excerpt":{"rendered":"<p>Refer\u00eancia: FIAT18508-LDX<br \/>LANTERNA TRASEIRA IDEA 2005 A 2009 <br \/>GRADE PRETA LD<\/p>\n<p>COR DISPON\u00edVEL:<br \/>\u2022 BICOLOR<\/p>\n<p>COMPAT\u00edVEL COM:<br \/>\u2022 IDEA 2005<br \/>\u2022 IDEA 2006<br \/>\u2022 IDEA 2007<br \/>\u2022 IDEA 2008<br \/>\u2022 IDEA 2009<\/p>\n<p>ESPECIFICA\u00e7\u00e3O T\u00e9CNICA:<br \/>\u2022 LENTE EM ACR\u00edLICO RESISTENTE<br \/>\u2022 COR BICOLOR<br \/>\u2022 SIMILAR AO MODELO ORIGINAL<br \/>\u2022 ALTA DURABILIDADE E RESIST\u00eaNCIA<br \/>\u2022 ENCAIXE SOB MEDIDA<br \/>\u2022 PERFEITO ACABAMENTO<br \/>\u2022 PRODUTO NOVO DE \u00d3TIMA QUALIDADE<br \/>\u2022 N\u00e3O ACOMPANHA L\u00e2MPADAS<br \/>\u2022 N\u00e3O ACOMPANHA SOQUETE<\/p>\n<p>GARANTIA:<br \/>\u2022 03 MESES CONTRA DEFEITO DE FABRICA\u00e7\u00e3O.<\/p>\n<p>ATEN\u00c7\u00c3O<\/p>\n<p>N\u00e3O NOS RESPONSABILIZAMOS PELA M\u00e1 INSTALA\u00e7\u00e3O DO PRODUTO. PROCURE UM PROFISSIONAL ESPECIALIZADO!<br \/>Refer\u00eancias Auxiliares:<br \/>BB-032345 *TRA<\/p>\n","protected":false},"featured_media":2137,"comment_status":"open","ping_status":"closed","template":"","meta":{"nf_dc_page":"","site-sidebar-layout":"default","site-content-layout":"","ast-site-content-layout":"default","site-content-style":"default","site-sidebar-style":"default","ast-global-header-display":"","ast-banner-title-visibility":"","ast-main-header-display":"","ast-hfb-above-header-display":"","ast-hfb-below-header-display":"","ast-hfb-mobile-header-display":"","site-post-title":"","ast-breadcrumbs-content":"","ast-featured-img":"","footer-sml-layout":"","ast-disable-related-posts":"","theme-transparent-header-meta":"","adv-header-id-meta":"","stick-header-meta":"","header-above-stick-meta":"","header-main-stick-meta":"","header-below-stick-meta":"","astra-migrate-meta-layouts":"default","ast-page-background-enabled":"default","ast-page-background-meta":{"desktop":{"background-color":"var(--ast-global-color-4)","background-image":"","background-repeat":"repeat","background-position":"center center","background-size":"auto","background-attachment":"scroll","background-type":"","background-media":"","overlay-type":"","overlay-color":"","overlay-opacity":"","overlay-gradient":""},"tablet":{"background-color":"","background-image":"","background-repeat":"repeat","background-position":"center center","background-size":"auto","background-attachment":"scroll","background-type":"","background-media":"","overlay-type":"","overlay-color":"","overlay-opacity":"","overlay-gradient":""},"mobile":{"background-color":"","background-image":"","background-repeat":"repeat","background-position":"center center","background-size":"auto","background-attachment":"scroll","background-type":"","background-media":"","overlay-type":"","overlay-color":"","overlay-opacity":"","overlay-gradient":""}},"ast-content-background-meta":{"desktop":{"background-color":"var(--ast-global-color-5)","background-image":"","background-repeat":"repeat","background-position":"center center","background-size":"auto","background-attachment":"scroll","background-type":"","background-media":"","overlay-type":"","overlay-color":"","overlay-opacity":"","overlay-gradient":""},"tablet":{"background-color":"var(--ast-global-color-5)","background-image":"","background-repeat":"repeat","background-position":"center center","background-size":"auto","background-attachment":"scroll","background-type":"","background-media":"","overlay-type":"","overlay-color":"","overlay-opacity":"","overlay-gradient":""},"mobile":{"background-color":"var(--ast-global-color-5)","background-image":"","background-repeat":"repeat","background-position":"center center","background-size":"auto","background-attachment":"scroll","background-type":"","background-media":"","overlay-type":"","overlay-color":"","overlay-opacity":"","overlay-gradient":""}}},"product_brand":[],"product_cat":[35],"product_tag":[],"class_list":{"0":"post-2138","1":"product","2":"type-product","3":"status-publish","4":"has-post-thumbnail","6":"product_cat-iluminaoautomotiva","7":"desktop-align-left","8":"tablet-align-left","9":"mobile-align-left","11":"first","12":"instock","13":"shipping-taxable","14":"purchasable","15":"product-type-simple"},"_links":{"self":[{"href":"https:\/\/rickparts.com.br\/loja\/wp-json\/wp\/v2\/product\/2138","targetHints":{"allow":["GET"]}}],"collection":[{"href":"https:\/\/rickparts.com.br\/loja\/wp-json\/wp\/v2\/product"}],"about":[{"href":"https:\/\/rickparts.com.br\/loja\/wp-json\/wp\/v2\/types\/product"}],"replies":[{"embeddable":true,"href":"https:\/\/rickparts.com.br\/loja\/wp-json\/wp\/v2\/comments?post=2138"}],"wp:featuredmedia":[{"embeddable":true,"href":"https:\/\/rickparts.com.br\/loja\/wp-json\/wp\/v2\/media\/2137"}],"wp:attachment":[{"href":"https:\/\/rickparts.com.br\/loja\/wp-json\/wp\/v2\/media?parent=2138"}],"wp:term":[{"taxonomy":"product_brand","embeddable":true,"href":"https:\/\/rickparts.com.br\/loja\/wp-json\/wp\/v2\/product_brand?post=2138"},{"taxonomy":"product_cat","embeddable":true,"href":"https:\/\/rickparts.com.br\/loja\/wp-json\/wp\/v2\/product_cat?post=2138"},{"taxonomy":"product_tag","embeddable":true,"href":"https:\/\/rickparts.com.br\/loja\/wp-json\/wp\/v2\/product_tag?post=2138"}],"curies":[{"name":"wp","href":"https:\/\/api.w.org\/{rel}","templated":true}]}}