{"id":2350,"date":"2025-01-23T20:19:59","date_gmt":"2025-01-23T17:19:59","guid":{"rendered":"https:\/\/rickparts.com.br\/loja\/produto\/lant-tras-up-14-17-le\/"},"modified":"2026-02-06T16:23:34","modified_gmt":"2026-02-06T19:23:34","slug":"lant-tras-up-14-17-le","status":"publish","type":"product","link":"https:\/\/rickparts.com.br\/loja\/produto\/lant-tras-up-14-17-le\/","title":{"rendered":"LANTERNA TRASEIRA VW UP 2014 A 2017 LE"},"content":{"rendered":"<p>Refer\u00eancia: VW54049-LEX<br \/>LANTERNA TRASEIRA VW UP 2014 A 2017 LE<\/p>\n<p>A LANTERNA TRASEIRA \u00e9 UMA PE\u00e7A ESSENCIAL PARA SINALIZA\u00e7\u00e3O E VISIBILIDADE EM VIAS NOTURNAS. ESTE ITEM POSSUI MATERIAL DE ALTA QUALIDADE E RESIST\u00eaNCIA, COMPOSTO COM SUA LENTE ACR\u00edLICO, QUE SUPORTA L\u00e2MPADAS DE AT\u00e9 55W.<\/p>\n<p>COMPAT\u00edVEL COM: VW<\/p>\n<p>-VW UP 2014<br \/>-VW UP 2015<br \/>-VW UP 2016<br \/>-VW UP 2017<\/p>\n<p>ESPECIFICA\u00e7\u00f5ES T\u00e9CNICAS:<\/p>\n<p>\u2013 LENTE LISA<br \/>\u2013 MATERIAL DA LENTE EM ACR\u00edLICO<br \/>\u2013 MATERIAL DA CARCA\u00e7A EM PL\u00e1STICO<br \/>\u2013 SUPORTA L\u00e2MPADAS DE AT\u00e9 55W<\/p>\n<p>ATEN\u00c7\u00c3O<\/p>\n<p>GARANTIA \u2013 3 MESES<br \/>A EMPRESA N\u00e3O SE RESPONSABILIZA PELA M\u00e1 INSTALA\u00e7\u00e3O DO PRODUTO. PROCURE POR UM PROFISSIONAL ESPECIALIZADO!<br \/>Refer\u00eancias Auxiliares:<br \/>BB-054049 *TRA<\/p>\n","protected":false},"excerpt":{"rendered":"<p>Refer\u00eancia: VW54049-LEX<br \/>LANTERNA TRASEIRA VW UP 2014 A 2017 LE<\/p>\n<p>A LANTERNA TRASEIRA \u00e9 UMA PE\u00e7A ESSENCIAL PARA SINALIZA\u00e7\u00e3O E VISIBILIDADE EM VIAS NOTURNAS. ESTE ITEM POSSUI MATERIAL DE ALTA QUALIDADE E RESIST\u00eaNCIA, COMPOSTO COM SUA LENTE ACR\u00edLICO, QUE SUPORTA L\u00e2MPADAS DE AT\u00e9 55W.<\/p>\n<p>COMPAT\u00edVEL COM: VW<\/p>\n<p>-VW UP 2014<br \/>-VW UP 2015<br \/>-VW UP 2016<br \/>-VW UP 2017<\/p>\n<p>ESPECIFICA\u00e7\u00f5ES T\u00e9CNICAS:<\/p>\n<p>\u2013 LENTE LISA<br \/>\u2013 MATERIAL DA LENTE EM ACR\u00edLICO<br \/>\u2013 MATERIAL DA CARCA\u00e7A EM PL\u00e1STICO<br \/>\u2013 SUPORTA L\u00e2MPADAS DE AT\u00e9 55W<\/p>\n<p>ATEN\u00c7\u00c3O<\/p>\n<p>GARANTIA \u2013 3 MESES<br \/>A EMPRESA N\u00e3O SE RESPONSABILIZA PELA M\u00e1 INSTALA\u00e7\u00e3O DO PRODUTO. PROCURE POR UM PROFISSIONAL ESPECIALIZADO!<br \/>Refer\u00eancias Auxiliares:<br \/>BB-054049 *TRA<\/p>\n","protected":false},"featured_media":2349,"comment_status":"open","ping_status":"closed","template":"","meta":{"nf_dc_page":"","site-sidebar-layout":"default","site-content-layout":"","ast-site-content-layout":"default","site-content-style":"default","site-sidebar-style":"default","ast-global-header-display":"","ast-banner-title-visibility":"","ast-main-header-display":"","ast-hfb-above-header-display":"","ast-hfb-below-header-display":"","ast-hfb-mobile-header-display":"","site-post-title":"","ast-breadcrumbs-content":"","ast-featured-img":"","footer-sml-layout":"","ast-disable-related-posts":"","theme-transparent-header-meta":"","adv-header-id-meta":"","stick-header-meta":"","header-above-stick-meta":"","header-main-stick-meta":"","header-below-stick-meta":"","astra-migrate-meta-layouts":"default","ast-page-background-enabled":"default","ast-page-background-meta":{"desktop":{"background-color":"var(--ast-global-color-4)","background-image":"","background-repeat":"repeat","background-position":"center center","background-size":"auto","background-attachment":"scroll","background-type":"","background-media":"","overlay-type":"","overlay-color":"","overlay-opacity":"","overlay-gradient":""},"tablet":{"background-color":"","background-image":"","background-repeat":"repeat","background-position":"center center","background-size":"auto","background-attachment":"scroll","background-type":"","background-media":"","overlay-type":"","overlay-color":"","overlay-opacity":"","overlay-gradient":""},"mobile":{"background-color":"","background-image":"","background-repeat":"repeat","background-position":"center center","background-size":"auto","background-attachment":"scroll","background-type":"","background-media":"","overlay-type":"","overlay-color":"","overlay-opacity":"","overlay-gradient":""}},"ast-content-background-meta":{"desktop":{"background-color":"var(--ast-global-color-5)","background-image":"","background-repeat":"repeat","background-position":"center center","background-size":"auto","background-attachment":"scroll","background-type":"","background-media":"","overlay-type":"","overlay-color":"","overlay-opacity":"","overlay-gradient":""},"tablet":{"background-color":"var(--ast-global-color-5)","background-image":"","background-repeat":"repeat","background-position":"center center","background-size":"auto","background-attachment":"scroll","background-type":"","background-media":"","overlay-type":"","overlay-color":"","overlay-opacity":"","overlay-gradient":""},"mobile":{"background-color":"var(--ast-global-color-5)","background-image":"","background-repeat":"repeat","background-position":"center center","background-size":"auto","background-attachment":"scroll","background-type":"","background-media":"","overlay-type":"","overlay-color":"","overlay-opacity":"","overlay-gradient":""}}},"product_brand":[],"product_cat":[35],"product_tag":[],"class_list":{"0":"post-2350","1":"product","2":"type-product","3":"status-publish","4":"has-post-thumbnail","6":"product_cat-iluminaoautomotiva","7":"desktop-align-left","8":"tablet-align-left","9":"mobile-align-left","11":"first","12":"instock","13":"shipping-taxable","14":"purchasable","15":"product-type-simple"},"_links":{"self":[{"href":"https:\/\/rickparts.com.br\/loja\/wp-json\/wp\/v2\/product\/2350","targetHints":{"allow":["GET"]}}],"collection":[{"href":"https:\/\/rickparts.com.br\/loja\/wp-json\/wp\/v2\/product"}],"about":[{"href":"https:\/\/rickparts.com.br\/loja\/wp-json\/wp\/v2\/types\/product"}],"replies":[{"embeddable":true,"href":"https:\/\/rickparts.com.br\/loja\/wp-json\/wp\/v2\/comments?post=2350"}],"wp:featuredmedia":[{"embeddable":true,"href":"https:\/\/rickparts.com.br\/loja\/wp-json\/wp\/v2\/media\/2349"}],"wp:attachment":[{"href":"https:\/\/rickparts.com.br\/loja\/wp-json\/wp\/v2\/media?parent=2350"}],"wp:term":[{"taxonomy":"product_brand","embeddable":true,"href":"https:\/\/rickparts.com.br\/loja\/wp-json\/wp\/v2\/product_brand?post=2350"},{"taxonomy":"product_cat","embeddable":true,"href":"https:\/\/rickparts.com.br\/loja\/wp-json\/wp\/v2\/product_cat?post=2350"},{"taxonomy":"product_tag","embeddable":true,"href":"https:\/\/rickparts.com.br\/loja\/wp-json\/wp\/v2\/product_tag?post=2350"}],"curies":[{"name":"wp","href":"https:\/\/api.w.org\/{rel}","templated":true}]}}