{"id":2406,"date":"2025-03-25T19:50:11","date_gmt":"2025-03-25T16:50:11","guid":{"rendered":"https:\/\/rickparts.com.br\/loja\/produto\/pisca-retrov-ix35-10-22-ld\/"},"modified":"2026-02-06T16:24:09","modified_gmt":"2026-02-06T19:24:09","slug":"pisca-retrov-ix35-10-22-ld","status":"publish","type":"product","link":"https:\/\/rickparts.com.br\/loja\/produto\/pisca-retrov-ix35-10-22-ld\/","title":{"rendered":"PISCA RETROVISOR IX35 10\/22 LD"},"content":{"rendered":"<p>Refer\u00eancia: HYD30568-LDX<br \/>PISCA RETROVISOR IX35 10\/22 LD<\/p>\n<p>O PISCA DE RETROVISOR \u00e9 UMA PE\u00e7A ESSENCIAL PARA SINALIZA\u00e7\u00e3O E N\u00e3O DEVE APRESENTAR FALHAS E DESGASTE POR SER ITEM DE SEGURAN\u00e7A OBRIGAT\u00f3RIO. SE VOC\u00ea EST\u00e1 PRECISANDO DE UMA PISCA NOVO PARA O RETROVISOR, N\u00f3S TEMOS A MELHOR OP\u00e7\u00e3O BEM AQUI.<\/p>\n<p>ESTE ITEM POSSUI MATERIAL RESISTENTE, COMPOSTO EM CARCA\u00e7A DE PL\u00e1STICO EM ALTA QUALIDADE E SUA LENTE EM ACR\u00edLICO LISA QUE MESMO COM EXPOSI\u00e7\u00e3O CONSTANTE A POEIRA E LUZ SOLAR N\u00e3O SER\u00e1 APRESENTADO NENHUM TIPO DE DESGASTE.<\/p>\n<p>COMPAT\u00edVEL COM: HYUNDAI<\/p>\n<p>&#8211; IX35 2010<br \/>&#8211; IX35 2011<br \/>&#8211; IX35 2012<br \/>&#8211; IX35 2013<br \/>&#8211; IX35 2014<br \/>&#8211; IX35 2015<br \/>&#8211; IX35 2016<br \/>&#8211; IX35 2017<br \/>&#8211; IX35 2018<br \/>&#8211; IX35 2019<br \/>&#8211; IX35 2020<br \/>&#8211; IX35 2021<br \/>&#8211; IX35 2022<\/p>\n<p>ESPECIFICA\u00e7\u00f5ES T\u00e9CNICAS:<\/p>\n<p>&#8211; LENTE DE ACR\u00edLICO LISA<br \/>&#8211; MODELO CRISTAL<br \/>&#8211; ACABAMENTO EXCELENTE<br \/>&#8211; ALTA DURABILIDADE<br \/>&#8211; LED<br \/>&#8211; ENCAIXE SOB MEDIDA<br \/>&#8211; CARCA\u00e7A EM PL\u00e1STICO ABS RESISTENTE<\/p>\n<p>ATEN\u00c7\u00c3O<\/p>\n<p>GARANTIA &#8211; 3 MESES<\/p>\n<p>A EMPRESA N\u00e3O SE RESPONSABILIZA PELA M\u00e1 INSTALA\u00e7\u00e3O DO PRODUTO. PROCURE POR UM PROFISSIONAL ESPECIALIZADO!<br \/>Refer\u00eancias Auxiliares:<br \/>067301<br \/>30568<\/p>\n","protected":false},"excerpt":{"rendered":"<p>Refer\u00eancia: HYD30568-LDX<br \/>PISCA RETROVISOR IX35 10\/22 LD<\/p>\n<p>O PISCA DE RETROVISOR \u00e9 UMA PE\u00e7A ESSENCIAL PARA SINALIZA\u00e7\u00e3O E N\u00e3O DEVE APRESENTAR FALHAS E DESGASTE POR SER ITEM DE SEGURAN\u00e7A OBRIGAT\u00f3RIO. SE VOC\u00ea EST\u00e1 PRECISANDO DE UMA PISCA NOVO PARA O RETROVISOR, N\u00f3S TEMOS A MELHOR OP\u00e7\u00e3O BEM AQUI.<\/p>\n<p>ESTE ITEM POSSUI MATERIAL RESISTENTE, COMPOSTO EM CARCA\u00e7A DE PL\u00e1STICO EM ALTA QUALIDADE E SUA LENTE EM ACR\u00edLICO LISA QUE MESMO COM EXPOSI\u00e7\u00e3O CONSTANTE A POEIRA E LUZ SOLAR N\u00e3O SER\u00e1 APRESENTADO NENHUM TIPO DE DESGASTE.<\/p>\n<p>COMPAT\u00edVEL COM: HYUNDAI<\/p>\n<p>&#8211; IX35 2010<br \/>&#8211; IX35 2011<br \/>&#8211; IX35 2012<br \/>&#8211; IX35 2013<br \/>&#8211; IX35 2014<br \/>&#8211; IX35 2015<br \/>&#8211; IX35 2016<br \/>&#8211; IX35 2017<br \/>&#8211; IX35 2018<br \/>&#8211; IX35 2019<br \/>&#8211; IX35 2020<br \/>&#8211; IX35 2021<br \/>&#8211; IX35 2022<\/p>\n<p>ESPECIFICA\u00e7\u00f5ES T\u00e9CNICAS:<\/p>\n<p>&#8211; LENTE DE ACR\u00edLICO LISA<br \/>&#8211; MODELO CRISTAL<br \/>&#8211; ACABAMENTO EXCELENTE<br \/>&#8211; ALTA DURABILIDADE<br \/>&#8211; LED<br \/>&#8211; ENCAIXE SOB MEDIDA<br \/>&#8211; CARCA\u00e7A EM PL\u00e1STICO ABS RESISTENTE<\/p>\n<p>ATEN\u00c7\u00c3O<\/p>\n<p>GARANTIA &#8211; 3 MESES<\/p>\n<p>A EMPRESA N\u00e3O SE RESPONSABILIZA PELA M\u00e1 INSTALA\u00e7\u00e3O DO PRODUTO. PROCURE POR UM PROFISSIONAL ESPECIALIZADO!<br \/>Refer\u00eancias Auxiliares:<br \/>067301<br \/>30568<\/p>\n","protected":false},"featured_media":2405,"comment_status":"open","ping_status":"closed","template":"","meta":{"nf_dc_page":"","site-sidebar-layout":"default","site-content-layout":"","ast-site-content-layout":"default","site-content-style":"default","site-sidebar-style":"default","ast-global-header-display":"","ast-banner-title-visibility":"","ast-main-header-display":"","ast-hfb-above-header-display":"","ast-hfb-below-header-display":"","ast-hfb-mobile-header-display":"","site-post-title":"","ast-breadcrumbs-content":"","ast-featured-img":"","footer-sml-layout":"","ast-disable-related-posts":"","theme-transparent-header-meta":"","adv-header-id-meta":"","stick-header-meta":"","header-above-stick-meta":"","header-main-stick-meta":"","header-below-stick-meta":"","astra-migrate-meta-layouts":"default","ast-page-background-enabled":"default","ast-page-background-meta":{"desktop":{"background-color":"var(--ast-global-color-4)","background-image":"","background-repeat":"repeat","background-position":"center center","background-size":"auto","background-attachment":"scroll","background-type":"","background-media":"","overlay-type":"","overlay-color":"","overlay-opacity":"","overlay-gradient":""},"tablet":{"background-color":"","background-image":"","background-repeat":"repeat","background-position":"center center","background-size":"auto","background-attachment":"scroll","background-type":"","background-media":"","overlay-type":"","overlay-color":"","overlay-opacity":"","overlay-gradient":""},"mobile":{"background-color":"","background-image":"","background-repeat":"repeat","background-position":"center center","background-size":"auto","background-attachment":"scroll","background-type":"","background-media":"","overlay-type":"","overlay-color":"","overlay-opacity":"","overlay-gradient":""}},"ast-content-background-meta":{"desktop":{"background-color":"var(--ast-global-color-5)","background-image":"","background-repeat":"repeat","background-position":"center center","background-size":"auto","background-attachment":"scroll","background-type":"","background-media":"","overlay-type":"","overlay-color":"","overlay-opacity":"","overlay-gradient":""},"tablet":{"background-color":"var(--ast-global-color-5)","background-image":"","background-repeat":"repeat","background-position":"center center","background-size":"auto","background-attachment":"scroll","background-type":"","background-media":"","overlay-type":"","overlay-color":"","overlay-opacity":"","overlay-gradient":""},"mobile":{"background-color":"var(--ast-global-color-5)","background-image":"","background-repeat":"repeat","background-position":"center center","background-size":"auto","background-attachment":"scroll","background-type":"","background-media":"","overlay-type":"","overlay-color":"","overlay-opacity":"","overlay-gradient":""}}},"product_brand":[],"product_cat":[33],"product_tag":[],"class_list":{"0":"post-2406","1":"product","2":"type-product","3":"status-publish","4":"has-post-thumbnail","6":"product_cat-acessriosexternos","7":"desktop-align-left","8":"tablet-align-left","9":"mobile-align-left","11":"first","12":"outofstock","13":"shipping-taxable","14":"purchasable","15":"product-type-simple"},"_links":{"self":[{"href":"https:\/\/rickparts.com.br\/loja\/wp-json\/wp\/v2\/product\/2406","targetHints":{"allow":["GET"]}}],"collection":[{"href":"https:\/\/rickparts.com.br\/loja\/wp-json\/wp\/v2\/product"}],"about":[{"href":"https:\/\/rickparts.com.br\/loja\/wp-json\/wp\/v2\/types\/product"}],"replies":[{"embeddable":true,"href":"https:\/\/rickparts.com.br\/loja\/wp-json\/wp\/v2\/comments?post=2406"}],"wp:featuredmedia":[{"embeddable":true,"href":"https:\/\/rickparts.com.br\/loja\/wp-json\/wp\/v2\/media\/2405"}],"wp:attachment":[{"href":"https:\/\/rickparts.com.br\/loja\/wp-json\/wp\/v2\/media?parent=2406"}],"wp:term":[{"taxonomy":"product_brand","embeddable":true,"href":"https:\/\/rickparts.com.br\/loja\/wp-json\/wp\/v2\/product_brand?post=2406"},{"taxonomy":"product_cat","embeddable":true,"href":"https:\/\/rickparts.com.br\/loja\/wp-json\/wp\/v2\/product_cat?post=2406"},{"taxonomy":"product_tag","embeddable":true,"href":"https:\/\/rickparts.com.br\/loja\/wp-json\/wp\/v2\/product_tag?post=2406"}],"curies":[{"name":"wp","href":"https:\/\/api.w.org\/{rel}","templated":true}]}}