{"id":2667,"date":"2025-04-10T17:07:36","date_gmt":"2025-04-10T14:07:36","guid":{"rendered":"https:\/\/rickparts.com.br\/loja\/produto\/lant-tras-spin-19-22-c-cr-b-vm-le\/"},"modified":"2026-02-06T16:22:17","modified_gmt":"2026-02-06T19:22:17","slug":"lant-tras-spin-19-22-c-cr-b-vm-le","status":"publish","type":"product","link":"https:\/\/rickparts.com.br\/loja\/produto\/lant-tras-spin-19-22-c-cr-b-vm-le\/","title":{"rendered":"LANTERNA TRASEIRA SPIN 19\/24 CRIS C\/BORDA VERMELHA (C) LE"},"content":{"rendered":"<p>Refer\u00eancia: GM30223-LEX<br \/>LANTERNA TRASEIRA SPIN 19\/24 CRIS C\/BORDA VERMELHA (C) LE<\/p>\n<p>A LANTERNA TRASEIRA \u00e9 UMA PE\u00e7A ESSENCIAL PARA SINALIZA\u00e7\u00e3O E VISIBILIDADE EM VIAS NOTURNAS. ESTE ITEM POSSUI MATERIAL DE ALTA QUALIDADE E RESIST\u00eaNCIA, COMPOSTO COM SUA LENTE ACR\u00edLICO, QUE SUPORTA L\u00e2MPADAS DE AT\u00e9 55W.<\/p>\n<p>COMPAT\u00edVEL COM: CHEVROLET<\/p>\n<p>&#8211; SPIN 2019<br \/>&#8211; SPIN 2020<br \/>&#8211; SPIN 2021<br \/>&#8211; SPIN 2022<br \/>&#8211; SPIN 2023<br \/>&#8211; SPIN 2024<\/p>\n<p>ESPECIFICA\u00e7\u00f5ES T\u00e9CNICAS:<\/p>\n<p>\u2013 LENTE LISA<br \/>\u2013 MATERIAL DA LENTE EM ACR\u00edLICO<br \/>\u2013 MATERIAL DA CARCA\u00e7A EM PL\u00e1STICO<br \/>\u2013 SUPORTA L\u00e2MPADAS DE AT\u00e9 55W<\/p>\n<p>ATEN\u00c7\u00c3O<\/p>\n<p>GARANTIA \u2013 3 MESES<br \/>A EMPRESA N\u00e3O SE RESPONSABILIZA PELA M\u00e1 INSTALA\u00e7\u00e3O DO PRODUTO. PROCURE POR UM PROFISSIONAL ESPECIALIZADO!<br \/>Refer\u00eancias Auxiliares:<br \/>30223<\/p>\n","protected":false},"excerpt":{"rendered":"<p>Refer\u00eancia: GM30223-LEX<br \/>LANTERNA TRASEIRA SPIN 19\/24 CRIS C\/BORDA VERMELHA (C) LE<\/p>\n<p>A LANTERNA TRASEIRA \u00e9 UMA PE\u00e7A ESSENCIAL PARA SINALIZA\u00e7\u00e3O E VISIBILIDADE EM VIAS NOTURNAS. ESTE ITEM POSSUI MATERIAL DE ALTA QUALIDADE E RESIST\u00eaNCIA, COMPOSTO COM SUA LENTE ACR\u00edLICO, QUE SUPORTA L\u00e2MPADAS DE AT\u00e9 55W.<\/p>\n<p>COMPAT\u00edVEL COM: CHEVROLET<\/p>\n<p>&#8211; SPIN 2019<br \/>&#8211; SPIN 2020<br \/>&#8211; SPIN 2021<br \/>&#8211; SPIN 2022<br \/>&#8211; SPIN 2023<br \/>&#8211; SPIN 2024<\/p>\n<p>ESPECIFICA\u00e7\u00f5ES T\u00e9CNICAS:<\/p>\n<p>\u2013 LENTE LISA<br \/>\u2013 MATERIAL DA LENTE EM ACR\u00edLICO<br \/>\u2013 MATERIAL DA CARCA\u00e7A EM PL\u00e1STICO<br \/>\u2013 SUPORTA L\u00e2MPADAS DE AT\u00e9 55W<\/p>\n<p>ATEN\u00c7\u00c3O<\/p>\n<p>GARANTIA \u2013 3 MESES<br \/>A EMPRESA N\u00e3O SE RESPONSABILIZA PELA M\u00e1 INSTALA\u00e7\u00e3O DO PRODUTO. PROCURE POR UM PROFISSIONAL ESPECIALIZADO!<br \/>Refer\u00eancias Auxiliares:<br \/>30223<\/p>\n","protected":false},"featured_media":2666,"comment_status":"open","ping_status":"closed","template":"","meta":{"nf_dc_page":"","site-sidebar-layout":"default","site-content-layout":"","ast-site-content-layout":"default","site-content-style":"default","site-sidebar-style":"default","ast-global-header-display":"","ast-banner-title-visibility":"","ast-main-header-display":"","ast-hfb-above-header-display":"","ast-hfb-below-header-display":"","ast-hfb-mobile-header-display":"","site-post-title":"","ast-breadcrumbs-content":"","ast-featured-img":"","footer-sml-layout":"","ast-disable-related-posts":"","theme-transparent-header-meta":"","adv-header-id-meta":"","stick-header-meta":"","header-above-stick-meta":"","header-main-stick-meta":"","header-below-stick-meta":"","astra-migrate-meta-layouts":"default","ast-page-background-enabled":"default","ast-page-background-meta":{"desktop":{"background-color":"var(--ast-global-color-4)","background-image":"","background-repeat":"repeat","background-position":"center center","background-size":"auto","background-attachment":"scroll","background-type":"","background-media":"","overlay-type":"","overlay-color":"","overlay-opacity":"","overlay-gradient":""},"tablet":{"background-color":"","background-image":"","background-repeat":"repeat","background-position":"center center","background-size":"auto","background-attachment":"scroll","background-type":"","background-media":"","overlay-type":"","overlay-color":"","overlay-opacity":"","overlay-gradient":""},"mobile":{"background-color":"","background-image":"","background-repeat":"repeat","background-position":"center center","background-size":"auto","background-attachment":"scroll","background-type":"","background-media":"","overlay-type":"","overlay-color":"","overlay-opacity":"","overlay-gradient":""}},"ast-content-background-meta":{"desktop":{"background-color":"var(--ast-global-color-5)","background-image":"","background-repeat":"repeat","background-position":"center center","background-size":"auto","background-attachment":"scroll","background-type":"","background-media":"","overlay-type":"","overlay-color":"","overlay-opacity":"","overlay-gradient":""},"tablet":{"background-color":"var(--ast-global-color-5)","background-image":"","background-repeat":"repeat","background-position":"center center","background-size":"auto","background-attachment":"scroll","background-type":"","background-media":"","overlay-type":"","overlay-color":"","overlay-opacity":"","overlay-gradient":""},"mobile":{"background-color":"var(--ast-global-color-5)","background-image":"","background-repeat":"repeat","background-position":"center center","background-size":"auto","background-attachment":"scroll","background-type":"","background-media":"","overlay-type":"","overlay-color":"","overlay-opacity":"","overlay-gradient":""}}},"product_brand":[],"product_cat":[35],"product_tag":[],"class_list":{"0":"post-2667","1":"product","2":"type-product","3":"status-publish","4":"has-post-thumbnail","6":"product_cat-iluminaoautomotiva","7":"desktop-align-left","8":"tablet-align-left","9":"mobile-align-left","11":"first","12":"outofstock","13":"shipping-taxable","14":"purchasable","15":"product-type-simple"},"_links":{"self":[{"href":"https:\/\/rickparts.com.br\/loja\/wp-json\/wp\/v2\/product\/2667","targetHints":{"allow":["GET"]}}],"collection":[{"href":"https:\/\/rickparts.com.br\/loja\/wp-json\/wp\/v2\/product"}],"about":[{"href":"https:\/\/rickparts.com.br\/loja\/wp-json\/wp\/v2\/types\/product"}],"replies":[{"embeddable":true,"href":"https:\/\/rickparts.com.br\/loja\/wp-json\/wp\/v2\/comments?post=2667"}],"wp:featuredmedia":[{"embeddable":true,"href":"https:\/\/rickparts.com.br\/loja\/wp-json\/wp\/v2\/media\/2666"}],"wp:attachment":[{"href":"https:\/\/rickparts.com.br\/loja\/wp-json\/wp\/v2\/media?parent=2667"}],"wp:term":[{"taxonomy":"product_brand","embeddable":true,"href":"https:\/\/rickparts.com.br\/loja\/wp-json\/wp\/v2\/product_brand?post=2667"},{"taxonomy":"product_cat","embeddable":true,"href":"https:\/\/rickparts.com.br\/loja\/wp-json\/wp\/v2\/product_cat?post=2667"},{"taxonomy":"product_tag","embeddable":true,"href":"https:\/\/rickparts.com.br\/loja\/wp-json\/wp\/v2\/product_tag?post=2667"}],"curies":[{"name":"wp","href":"https:\/\/api.w.org\/{rel}","templated":true}]}}