{"id":585,"date":"2024-12-17T19:50:03","date_gmt":"2024-12-17T16:50:03","guid":{"rendered":"https:\/\/rickparts.com.br\/loja\/produto\/radio-mp3-blue-5-0-2-usb-4-x-50w\/"},"modified":"2026-02-06T16:22:46","modified_gmt":"2026-02-06T19:22:46","slug":"radio-mp3-blue-5-0-2-usb-4-x-50w","status":"publish","type":"product","link":"https:\/\/rickparts.com.br\/loja\/produto\/radio-mp3-blue-5-0-2-usb-4-x-50w\/","title":{"rendered":"Radio Mp3 Blue 5.0 2 Usb 4 X 50w"},"content":{"rendered":"<p>Refer\u00eancia: KRC1610<br \/>\nRADIO AUTOMOTIVO MP3 PLAYER BLUETOOTH 5.0 COM USB FM KRC1610 KX3<br \/>\nR\u00e1DIO FM COM MEMORIZA\u00e7\u00e3O DE 18 ESTA\u00e7\u00f5ES<br \/>\nDISPLAY DE LED NA COR BRANCO<br \/>\nEQUALIZA\u00e7\u00e3O<br \/>\nCONECTOR ISO 16 VIAS<br \/>\nRELOGIO DIGITAL<br \/>\nLEITOR COM TROCA DE PASTAS<br \/>\nCONEX\u00e3O BLUETOOTH 5.0<br \/>\nMODELO KRC1610<br \/>\nCONTROLE REMOTO VIA APLICATIVO ANDROID E IOS<br \/>\nAUXILIAR P2 FRONTAL<br \/>\nUSB 2.0 32GB<br \/>\nMINI SD CARD 32GB<br \/>\n4 SAIDAS RCA DE AUDIO EST\u00e9REO<br \/>\nPOT\u00eaNCIA 4X50W EST\u00e9REO<br \/>\nRECEPTOR INFRAVERMELHO DE CONTROLE REMOTO<\/p>\n","protected":false},"excerpt":{"rendered":"<p>Refer\u00eancia: KRC1610<br \/>\nRADIO AUTOMOTIVO MP3 PLAYER BLUETOOTH 5.0 COM USB FM KRC1610 KX3<br \/>\nR\u00e1DIO FM COM MEMORIZA\u00e7\u00e3O DE 18 ESTA\u00e7\u00f5ES<br \/>\nDISPLAY DE LED NA COR BRANCO<br \/>\nEQUALIZA\u00e7\u00e3O<br \/>\nCONECTOR ISO 16 VIAS<br \/>\nRELOGIO DIGITAL<br \/>\nLEITOR COM TROCA DE PASTAS<br \/>\nCONEX\u00e3O BLUETOOTH 5.0<br \/>\nMODELO KRC1610<br \/>\nCONTROLE REMOTO VIA APLICATIVO ANDROID E IOS<br \/>\nAUXILIAR P2 FRONTAL<br \/>\nUSB 2.0 32GB<br \/>\nMINI SD CARD 32GB<br \/>\n4 SAIDAS RCA DE AUDIO EST\u00e9REO<br \/>\nPOT\u00eaNCIA 4X50W EST\u00e9REO<br \/>\nRECEPTOR INFRAVERMELHO DE CONTROLE REMOTO<\/p>\n","protected":false},"featured_media":586,"comment_status":"open","ping_status":"closed","template":"","meta":{"nf_dc_page":"","site-sidebar-layout":"default","site-content-layout":"","ast-site-content-layout":"default","site-content-style":"default","site-sidebar-style":"default","ast-global-header-display":"","ast-banner-title-visibility":"","ast-main-header-display":"","ast-hfb-above-header-display":"","ast-hfb-below-header-display":"","ast-hfb-mobile-header-display":"","site-post-title":"","ast-breadcrumbs-content":"","ast-featured-img":"","footer-sml-layout":"","ast-disable-related-posts":"","theme-transparent-header-meta":"default","adv-header-id-meta":"","stick-header-meta":"","header-above-stick-meta":"","header-main-stick-meta":"","header-below-stick-meta":"","astra-migrate-meta-layouts":"set","ast-page-background-enabled":"default","ast-page-background-meta":{"desktop":{"background-color":"var(--ast-global-color-4)","background-image":"","background-repeat":"repeat","background-position":"center center","background-size":"auto","background-attachment":"scroll","background-type":"","background-media":"","overlay-type":"","overlay-color":"","overlay-opacity":"","overlay-gradient":""},"tablet":{"background-color":"","background-image":"","background-repeat":"repeat","background-position":"center center","background-size":"auto","background-attachment":"scroll","background-type":"","background-media":"","overlay-type":"","overlay-color":"","overlay-opacity":"","overlay-gradient":""},"mobile":{"background-color":"","background-image":"","background-repeat":"repeat","background-position":"center center","background-size":"auto","background-attachment":"scroll","background-type":"","background-media":"","overlay-type":"","overlay-color":"","overlay-opacity":"","overlay-gradient":""}},"ast-content-background-meta":{"desktop":{"background-color":"var(--ast-global-color-5)","background-image":"","background-repeat":"repeat","background-position":"center center","background-size":"auto","background-attachment":"scroll","background-type":"","background-media":"","overlay-type":"","overlay-color":"","overlay-opacity":"","overlay-gradient":""},"tablet":{"background-color":"var(--ast-global-color-5)","background-image":"","background-repeat":"repeat","background-position":"center center","background-size":"auto","background-attachment":"scroll","background-type":"","background-media":"","overlay-type":"","overlay-color":"","overlay-opacity":"","overlay-gradient":""},"mobile":{"background-color":"var(--ast-global-color-5)","background-image":"","background-repeat":"repeat","background-position":"center center","background-size":"auto","background-attachment":"scroll","background-type":"","background-media":"","overlay-type":"","overlay-color":"","overlay-opacity":"","overlay-gradient":""}}},"product_brand":[],"product_cat":[38],"product_tag":[],"class_list":{"0":"post-585","1":"product","2":"type-product","3":"status-publish","4":"has-post-thumbnail","6":"product_cat-somevdeo","7":"desktop-align-left","8":"tablet-align-left","9":"mobile-align-left","11":"first","12":"instock","13":"shipping-taxable","14":"purchasable","15":"product-type-simple"},"_links":{"self":[{"href":"https:\/\/rickparts.com.br\/loja\/wp-json\/wp\/v2\/product\/585","targetHints":{"allow":["GET"]}}],"collection":[{"href":"https:\/\/rickparts.com.br\/loja\/wp-json\/wp\/v2\/product"}],"about":[{"href":"https:\/\/rickparts.com.br\/loja\/wp-json\/wp\/v2\/types\/product"}],"replies":[{"embeddable":true,"href":"https:\/\/rickparts.com.br\/loja\/wp-json\/wp\/v2\/comments?post=585"}],"wp:featuredmedia":[{"embeddable":true,"href":"https:\/\/rickparts.com.br\/loja\/wp-json\/wp\/v2\/media\/586"}],"wp:attachment":[{"href":"https:\/\/rickparts.com.br\/loja\/wp-json\/wp\/v2\/media?parent=585"}],"wp:term":[{"taxonomy":"product_brand","embeddable":true,"href":"https:\/\/rickparts.com.br\/loja\/wp-json\/wp\/v2\/product_brand?post=585"},{"taxonomy":"product_cat","embeddable":true,"href":"https:\/\/rickparts.com.br\/loja\/wp-json\/wp\/v2\/product_cat?post=585"},{"taxonomy":"product_tag","embeddable":true,"href":"https:\/\/rickparts.com.br\/loja\/wp-json\/wp\/v2\/product_tag?post=585"}],"curies":[{"name":"wp","href":"https:\/\/api.w.org\/{rel}","templated":true}]}}