{"id":588,"date":"2024-12-17T20:08:59","date_gmt":"2024-12-17T17:08:59","guid":{"rendered":"https:\/\/rickparts.com.br\/loja\/produto\/central-mp6-1din-android-e-carplay\/"},"modified":"2025-08-08T16:04:18","modified_gmt":"2025-08-08T19:04:18","slug":"central-mp6-1din-android-e-carplay","status":"publish","type":"product","link":"https:\/\/rickparts.com.br\/loja\/produto\/central-mp6-1din-android-e-carplay\/","title":{"rendered":"Central Mp6 1din Android E Carplay"},"content":{"rendered":"<p>Refer\u00eancia: MP6-9300S<br \/>\nCONTE\u00faDO DA EMBALAGEM<br \/>\n\u2022 CENTRAL MULTIM\u00edDIA FIRST OPTION\u2122 9300S<br \/>\n\u2022 CONTROLE REMOTO<br \/>\n\u2022 CHICOTE DE INSTALA\u00e7\u00e3O<\/p>\n<p>PRODUTO<br \/>\n\u2022 MARCA: FIRST OPTION<br \/>\n\u2022 MODELO: 9300S<br \/>\n\u2022 FORMATO DE MONTAGEM: 1 DIN<br \/>\n\u2022 TELA SENS\u00edVEL AO TOQUE<br \/>\n\u2022 BLUETOOTH 5.0<br \/>\n\u2022 ESPELHAMENTO DE TELA COM FIO<br \/>\n\u2022 ANDROID AUTO COM FIO<br \/>\n\u2022 APPLE CARPLAY COM FIO<br \/>\n\u2022 ACEITA COMANDOS DE VOLANTE<br \/>\n\u2022 SENHA DE EMPARELHAMENTO: 1234<br \/>\n\u2022 CONTROLE DE VOLUME<br \/>\n\u2022 CONTROLE DE EQUALIZADOR ELETR\u00f4NICO PREDEFINIDO<br \/>\n\u2022 4 SA\u00edDAS DE 50W DE POT\u00eaNCIA M\u00e1XIMA<br \/>\n\u2022 PLUGS DE SA\u00edDA DE LINHA RCA DE BAIXA IMPED\u00e2NCIA<br \/>\n\u2022 PLL ELETR\u00f4NICO SINTONIA EST\u00e9REO AM\/FM, R\u00e1DIO MPX<br \/>\n\u2022 30 PREDEFINI\u00e7\u00f5ES DE ESTA\u00e7\u00f5ES, 12 AM E 18 FM<br \/>\n\u2022 BUSCA DE ESTA\u00e7\u00f5ES, DIGITALIZA\u00e7\u00e3O DE PREDEFINI\u00e7\u00e3O<br \/>\n\u2022 FUN\u00e7\u00e3O DE ARMAZENAMENTO AUTOM\u00e1TICO DE PREDEFINI\u00e7\u00f5ES DE MEM\u00f3RIA<br \/>\n\u2022 DISPLAY TFT DE ALTA DEFINI\u00e7\u00e3O DE 7 POLEGADAS<br \/>\n\u2022 ENTRADA PARA C\u00e2MERA DE R\u00e9 (VENDIDA SEPARADAMENTE)<br \/>\n\u2022 PAL \/ NTSC: CONTROLADO AUTOM\u00e1TICAMENTE PELO SISTEMA<br \/>\n\u2022 PROTEC\u00e3O ELETR\u00f4NICA ANTI-CHOQUE ESP<br \/>\n\u2022 SISTEMA OPERACIONAL COM V\u00e1RIAS L\u00edNGUAS (PORTUGU\u00eaS BRASILEIRO INCLUSO)<br \/>\n\u2022 SUPORTA REPRODU\u00e7\u00e3O DE ARQUIVO MP3 \/ MP4 A PARTIR DE PEN-DRIVE<br \/>\n\u2022 ACEITA ARQUIVOS NOS FORMATOS MP4, RMVB, AVI, FLV, MP3 E JPG<\/p>\n<p>GARANTIA DO VENDEDOR: 3 MESES<\/p>\n","protected":false},"excerpt":{"rendered":"<p>Refer\u00eancia: MP6-9300S<br \/>\nCONTE\u00faDO DA EMBALAGEM<br \/>\n\u2022 CENTRAL MULTIM\u00edDIA FIRST OPTION\u2122 9300S<br \/>\n\u2022 CONTROLE REMOTO<br \/>\n\u2022 CHICOTE DE INSTALA\u00e7\u00e3O<\/p>\n<p>PRODUTO<br \/>\n\u2022 MARCA: FIRST OPTION<br \/>\n\u2022 MODELO: 9300S<br \/>\n\u2022 FORMATO DE MONTAGEM: 1 DIN<br \/>\n\u2022 TELA SENS\u00edVEL AO TOQUE<br \/>\n\u2022 BLUETOOTH 5.0<br \/>\n\u2022 ESPELHAMENTO DE TELA COM FIO<br \/>\n\u2022 ANDROID AUTO COM FIO<br \/>\n\u2022 APPLE CARPLAY COM FIO<br \/>\n\u2022 ACEITA COMANDOS DE VOLANTE<br \/>\n\u2022 SENHA DE EMPARELHAMENTO: 1234<br \/>\n\u2022 CONTROLE DE VOLUME<br \/>\n\u2022 CONTROLE DE EQUALIZADOR ELETR\u00f4NICO PREDEFINIDO<br \/>\n\u2022 4 SA\u00edDAS DE 50W DE POT\u00eaNCIA M\u00e1XIMA<br \/>\n\u2022 PLUGS DE SA\u00edDA DE LINHA RCA DE BAIXA IMPED\u00e2NCIA<br \/>\n\u2022 PLL ELETR\u00f4NICO SINTONIA EST\u00e9REO AM\/FM, R\u00e1DIO MPX<br \/>\n\u2022 30 PREDEFINI\u00e7\u00f5ES DE ESTA\u00e7\u00f5ES, 12 AM E 18 FM<br \/>\n\u2022 BUSCA DE ESTA\u00e7\u00f5ES, DIGITALIZA\u00e7\u00e3O DE PREDEFINI\u00e7\u00e3O<br \/>\n\u2022 FUN\u00e7\u00e3O DE ARMAZENAMENTO AUTOM\u00e1TICO DE PREDEFINI\u00e7\u00f5ES DE MEM\u00f3RIA<br \/>\n\u2022 DISPLAY TFT DE ALTA DEFINI\u00e7\u00e3O DE 7 POLEGADAS<br \/>\n\u2022 ENTRADA PARA C\u00e2MERA DE R\u00e9 (VENDIDA SEPARADAMENTE)<br \/>\n\u2022 PAL \/ NTSC: CONTROLADO AUTOM\u00e1TICAMENTE PELO SISTEMA<br \/>\n\u2022 PROTEC\u00e3O ELETR\u00f4NICA ANTI-CHOQUE ESP<br \/>\n\u2022 SISTEMA OPERACIONAL COM V\u00e1RIAS L\u00edNGUAS (PORTUGU\u00eaS BRASILEIRO INCLUSO)<br \/>\n\u2022 SUPORTA REPRODU\u00e7\u00e3O DE ARQUIVO MP3 \/ MP4 A PARTIR DE PEN-DRIVE<br \/>\n\u2022 ACEITA ARQUIVOS NOS FORMATOS MP4, RMVB, AVI, FLV, MP3 E JPG<\/p>\n<p>GARANTIA DO VENDEDOR: 3 MESES<\/p>\n","protected":false},"featured_media":587,"comment_status":"open","ping_status":"closed","template":"","meta":{"nf_dc_page":"","site-sidebar-layout":"default","site-content-layout":"","ast-site-content-layout":"default","site-content-style":"default","site-sidebar-style":"default","ast-global-header-display":"","ast-banner-title-visibility":"","ast-main-header-display":"","ast-hfb-above-header-display":"","ast-hfb-below-header-display":"","ast-hfb-mobile-header-display":"","site-post-title":"","ast-breadcrumbs-content":"","ast-featured-img":"","footer-sml-layout":"","ast-disable-related-posts":"","theme-transparent-header-meta":"default","adv-header-id-meta":"","stick-header-meta":"","header-above-stick-meta":"","header-main-stick-meta":"","header-below-stick-meta":"","astra-migrate-meta-layouts":"set","ast-page-background-enabled":"default","ast-page-background-meta":{"desktop":{"background-color":"var(--ast-global-color-4)","background-image":"","background-repeat":"repeat","background-position":"center center","background-size":"auto","background-attachment":"scroll","background-type":"","background-media":"","overlay-type":"","overlay-color":"","overlay-opacity":"","overlay-gradient":""},"tablet":{"background-color":"","background-image":"","background-repeat":"repeat","background-position":"center center","background-size":"auto","background-attachment":"scroll","background-type":"","background-media":"","overlay-type":"","overlay-color":"","overlay-opacity":"","overlay-gradient":""},"mobile":{"background-color":"","background-image":"","background-repeat":"repeat","background-position":"center center","background-size":"auto","background-attachment":"scroll","background-type":"","background-media":"","overlay-type":"","overlay-color":"","overlay-opacity":"","overlay-gradient":""}},"ast-content-background-meta":{"desktop":{"background-color":"var(--ast-global-color-5)","background-image":"","background-repeat":"repeat","background-position":"center center","background-size":"auto","background-attachment":"scroll","background-type":"","background-media":"","overlay-type":"","overlay-color":"","overlay-opacity":"","overlay-gradient":""},"tablet":{"background-color":"var(--ast-global-color-5)","background-image":"","background-repeat":"repeat","background-position":"center center","background-size":"auto","background-attachment":"scroll","background-type":"","background-media":"","overlay-type":"","overlay-color":"","overlay-opacity":"","overlay-gradient":""},"mobile":{"background-color":"var(--ast-global-color-5)","background-image":"","background-repeat":"repeat","background-position":"center center","background-size":"auto","background-attachment":"scroll","background-type":"","background-media":"","overlay-type":"","overlay-color":"","overlay-opacity":"","overlay-gradient":""}}},"product_brand":[],"product_cat":[38],"product_tag":[],"class_list":{"0":"post-588","1":"product","2":"type-product","3":"status-publish","4":"has-post-thumbnail","6":"product_cat-somevdeo","7":"desktop-align-left","8":"tablet-align-left","9":"mobile-align-left","11":"first","12":"outofstock","13":"shipping-taxable","14":"purchasable","15":"product-type-simple"},"_links":{"self":[{"href":"https:\/\/rickparts.com.br\/loja\/wp-json\/wp\/v2\/product\/588","targetHints":{"allow":["GET"]}}],"collection":[{"href":"https:\/\/rickparts.com.br\/loja\/wp-json\/wp\/v2\/product"}],"about":[{"href":"https:\/\/rickparts.com.br\/loja\/wp-json\/wp\/v2\/types\/product"}],"replies":[{"embeddable":true,"href":"https:\/\/rickparts.com.br\/loja\/wp-json\/wp\/v2\/comments?post=588"}],"wp:featuredmedia":[{"embeddable":true,"href":"https:\/\/rickparts.com.br\/loja\/wp-json\/wp\/v2\/media\/587"}],"wp:attachment":[{"href":"https:\/\/rickparts.com.br\/loja\/wp-json\/wp\/v2\/media?parent=588"}],"wp:term":[{"taxonomy":"product_brand","embeddable":true,"href":"https:\/\/rickparts.com.br\/loja\/wp-json\/wp\/v2\/product_brand?post=588"},{"taxonomy":"product_cat","embeddable":true,"href":"https:\/\/rickparts.com.br\/loja\/wp-json\/wp\/v2\/product_cat?post=588"},{"taxonomy":"product_tag","embeddable":true,"href":"https:\/\/rickparts.com.br\/loja\/wp-json\/wp\/v2\/product_tag?post=588"}],"curies":[{"name":"wp","href":"https:\/\/api.w.org\/{rel}","templated":true}]}}