{"id":592,"date":"2024-12-17T20:29:11","date_gmt":"2024-12-17T17:29:11","guid":{"rendered":"https:\/\/rickparts.com.br\/loja\/produto\/central-mp5-2din-7pol-amd-e-car-esp\/"},"modified":"2025-08-08T16:04:01","modified_gmt":"2025-08-08T19:04:01","slug":"central-mp5-2din-7pol-amd-e-car-esp","status":"publish","type":"product","link":"https:\/\/rickparts.com.br\/loja\/produto\/central-mp5-2din-7pol-amd-e-car-esp\/","title":{"rendered":"Central Mp5 2din 7pol Amd E Car Esp"},"content":{"rendered":"<p>Refer\u00eancia: MP5-7810HV<br \/>\nConte\u00fado da embalagem<br \/>\n\u2022 Central Multim\u00eddia FirstOption\u2122 8100<br \/>\n\u2022 Controle remoto<br \/>\n\u2022 Chicote de instala\u00e7\u00e3o<\/p>\n<p>Produto<br \/>\n\u2022 Marca: First Option<br \/>\n\u2022 Modelo: 8100<br \/>\n\u2022 Formato de montagem: 2 Din<br \/>\n\u2022 Tela Sens\u00edvel ao toque<br \/>\n\u2022 Bluetooth 5.0<br \/>\n\u2022 Espelhamento de tela sem fio<br \/>\n\u2022 Android Auto com fio<br \/>\n\u2022 Apple Carplay com fio<br \/>\n\u2022 Aceita comandos de volante<br \/>\n\u2022 Bot\u00f5es LED 7 cores<br \/>\n\u2022 Controle de volume<br \/>\n\u2022 Controle de equalizador eletr\u00f4nico predefinido<br \/>\n\u2022 4 sa\u00eddas de 50W de pot\u00eancia m\u00e1xima<br \/>\n\u2022 Plugs de sa\u00edda de linha RCA de baixa imped\u00e2ncia<br \/>\n\u2022 PLL Eletr\u00f4nico Sintonia Est\u00e9reo AM\/FM, R\u00e1dio MPX<br \/>\n\u2022 30 Predefini\u00e7\u00f5es de esta\u00e7\u00f5es, 12 AM e 18 FM<br \/>\n\u2022 Busca de esta\u00e7\u00f5es, digitaliza\u00e7\u00e3o de predefini\u00e7\u00e3o<br \/>\n\u2022 Fun\u00e7\u00e3o de armazenamento autom\u00e1tico de predefini\u00e7\u00f5es de mem\u00f3ria<br \/>\n\u2022 Display TFT de alta defini\u00e7\u00e3o de 7 Polegadas<br \/>\n\u2022 Entrada para c\u00e2mera de R\u00e9 (vendida separadamente)<br \/>\n\u2022 PAL \/ NTSC: Controlado autom\u00e1ticamente pelo sistema<br \/>\n\u2022 Protec\u00e3o Eletr\u00f4nica Anti-choque ESP<br \/>\n\u2022 Sistema operacional com v\u00e1rias l\u00ednguas (portugu\u00eas brasileiro incluso)<br \/>\n\u2022 Suporta reprodu\u00e7\u00e3o de arquivo MP3 \/ MP4 a partir de cart\u00e3o USB \/ SD<br \/>\n\u2022 Aceita arquivos nos formatos MP4, RMVB, AVI, FLV, MP3 e JPG<\/p>\n","protected":false},"excerpt":{"rendered":"<p>Refer\u00eancia: MP5-7810HV<br \/>\nConte\u00fado da embalagem<br \/>\n\u2022 Central Multim\u00eddia FirstOption\u2122 8100<br \/>\n\u2022 Controle remoto<br \/>\n\u2022 Chicote de instala\u00e7\u00e3o<\/p>\n<p>Produto<br \/>\n\u2022 Marca: First Option<br \/>\n\u2022 Modelo: 8100<br \/>\n\u2022 Formato de montagem: 2 Din<br \/>\n\u2022 Tela Sens\u00edvel ao toque<br \/>\n\u2022 Bluetooth 5.0<br \/>\n\u2022 Espelhamento de tela sem fio<br \/>\n\u2022 Android Auto com fio<br \/>\n\u2022 Apple Carplay com fio<br \/>\n\u2022 Aceita comandos de volante<br \/>\n\u2022 Bot\u00f5es LED 7 cores<br \/>\n\u2022 Controle de volume<br \/>\n\u2022 Controle de equalizador eletr\u00f4nico predefinido<br \/>\n\u2022 4 sa\u00eddas de 50W de pot\u00eancia m\u00e1xima<br \/>\n\u2022 Plugs de sa\u00edda de linha RCA de baixa imped\u00e2ncia<br \/>\n\u2022 PLL Eletr\u00f4nico Sintonia Est\u00e9reo AM\/FM, R\u00e1dio MPX<br \/>\n\u2022 30 Predefini\u00e7\u00f5es de esta\u00e7\u00f5es, 12 AM e 18 FM<br \/>\n\u2022 Busca de esta\u00e7\u00f5es, digitaliza\u00e7\u00e3o de predefini\u00e7\u00e3o<br \/>\n\u2022 Fun\u00e7\u00e3o de armazenamento autom\u00e1tico de predefini\u00e7\u00f5es de mem\u00f3ria<br \/>\n\u2022 Display TFT de alta defini\u00e7\u00e3o de 7 Polegadas<br \/>\n\u2022 Entrada para c\u00e2mera de R\u00e9 (vendida separadamente)<br \/>\n\u2022 PAL \/ NTSC: Controlado autom\u00e1ticamente pelo sistema<br \/>\n\u2022 Protec\u00e3o Eletr\u00f4nica Anti-choque ESP<br \/>\n\u2022 Sistema operacional com v\u00e1rias l\u00ednguas (portugu\u00eas brasileiro incluso)<br \/>\n\u2022 Suporta reprodu\u00e7\u00e3o de arquivo MP3 \/ MP4 a partir de cart\u00e3o USB \/ SD<br \/>\n\u2022 Aceita arquivos nos formatos MP4, RMVB, AVI, FLV, MP3 e JPG<\/p>\n","protected":false},"featured_media":591,"comment_status":"open","ping_status":"closed","template":"","meta":{"nf_dc_page":"","site-sidebar-layout":"default","site-content-layout":"","ast-site-content-layout":"default","site-content-style":"default","site-sidebar-style":"default","ast-global-header-display":"","ast-banner-title-visibility":"","ast-main-header-display":"","ast-hfb-above-header-display":"","ast-hfb-below-header-display":"","ast-hfb-mobile-header-display":"","site-post-title":"","ast-breadcrumbs-content":"","ast-featured-img":"","footer-sml-layout":"","ast-disable-related-posts":"","theme-transparent-header-meta":"default","adv-header-id-meta":"","stick-header-meta":"","header-above-stick-meta":"","header-main-stick-meta":"","header-below-stick-meta":"","astra-migrate-meta-layouts":"set","ast-page-background-enabled":"default","ast-page-background-meta":{"desktop":{"background-color":"var(--ast-global-color-4)","background-image":"","background-repeat":"repeat","background-position":"center center","background-size":"auto","background-attachment":"scroll","background-type":"","background-media":"","overlay-type":"","overlay-color":"","overlay-opacity":"","overlay-gradient":""},"tablet":{"background-color":"","background-image":"","background-repeat":"repeat","background-position":"center center","background-size":"auto","background-attachment":"scroll","background-type":"","background-media":"","overlay-type":"","overlay-color":"","overlay-opacity":"","overlay-gradient":""},"mobile":{"background-color":"","background-image":"","background-repeat":"repeat","background-position":"center center","background-size":"auto","background-attachment":"scroll","background-type":"","background-media":"","overlay-type":"","overlay-color":"","overlay-opacity":"","overlay-gradient":""}},"ast-content-background-meta":{"desktop":{"background-color":"var(--ast-global-color-5)","background-image":"","background-repeat":"repeat","background-position":"center center","background-size":"auto","background-attachment":"scroll","background-type":"","background-media":"","overlay-type":"","overlay-color":"","overlay-opacity":"","overlay-gradient":""},"tablet":{"background-color":"var(--ast-global-color-5)","background-image":"","background-repeat":"repeat","background-position":"center center","background-size":"auto","background-attachment":"scroll","background-type":"","background-media":"","overlay-type":"","overlay-color":"","overlay-opacity":"","overlay-gradient":""},"mobile":{"background-color":"var(--ast-global-color-5)","background-image":"","background-repeat":"repeat","background-position":"center center","background-size":"auto","background-attachment":"scroll","background-type":"","background-media":"","overlay-type":"","overlay-color":"","overlay-opacity":"","overlay-gradient":""}}},"product_brand":[],"product_cat":[38],"product_tag":[],"class_list":{"0":"post-592","1":"product","2":"type-product","3":"status-publish","4":"has-post-thumbnail","6":"product_cat-somevdeo","7":"desktop-align-left","8":"tablet-align-left","9":"mobile-align-left","11":"first","12":"outofstock","13":"shipping-taxable","14":"purchasable","15":"product-type-simple"},"_links":{"self":[{"href":"https:\/\/rickparts.com.br\/loja\/wp-json\/wp\/v2\/product\/592","targetHints":{"allow":["GET"]}}],"collection":[{"href":"https:\/\/rickparts.com.br\/loja\/wp-json\/wp\/v2\/product"}],"about":[{"href":"https:\/\/rickparts.com.br\/loja\/wp-json\/wp\/v2\/types\/product"}],"replies":[{"embeddable":true,"href":"https:\/\/rickparts.com.br\/loja\/wp-json\/wp\/v2\/comments?post=592"}],"wp:featuredmedia":[{"embeddable":true,"href":"https:\/\/rickparts.com.br\/loja\/wp-json\/wp\/v2\/media\/591"}],"wp:attachment":[{"href":"https:\/\/rickparts.com.br\/loja\/wp-json\/wp\/v2\/media?parent=592"}],"wp:term":[{"taxonomy":"product_brand","embeddable":true,"href":"https:\/\/rickparts.com.br\/loja\/wp-json\/wp\/v2\/product_brand?post=592"},{"taxonomy":"product_cat","embeddable":true,"href":"https:\/\/rickparts.com.br\/loja\/wp-json\/wp\/v2\/product_cat?post=592"},{"taxonomy":"product_tag","embeddable":true,"href":"https:\/\/rickparts.com.br\/loja\/wp-json\/wp\/v2\/product_tag?post=592"}],"curies":[{"name":"wp","href":"https:\/\/api.w.org\/{rel}","templated":true}]}}