{"id":597,"date":"2024-12-17T20:56:21","date_gmt":"2024-12-17T17:56:21","guid":{"rendered":"https:\/\/rickparts.com.br\/loja\/produto\/central-mp5-9pol-2gb-ram-32gb-mem\/"},"modified":"2025-12-12T11:11:11","modified_gmt":"2025-12-12T14:11:11","slug":"central-mp5-9pol-2gb-ram-32gb-mem","status":"publish","type":"product","link":"https:\/\/rickparts.com.br\/loja\/produto\/central-mp5-9pol-2gb-ram-32gb-mem\/","title":{"rendered":"Central Mp5 9pol 2gb Ram + 32gb Mem"},"content":{"rendered":"<p>Refer\u00eancia: KRC5000<br \/>\u2022 ANDROID 13.0<br \/>\u2022 2 GB DE RAM<br \/>\u2022 32 GB DE MEM\u00f3RIA INTERNA PARA DOWNLOAD DE APLICATIVOS<br \/>\u2022 TELA DE 9 EM VIDRO HD 1280X800P CAPACITIVA<br \/>\u2022 SA\u00edDA DE \u00c1UDIO E V\u00edDEO VIA RCA PARA TELAS AUXILIARES<br \/>\u2022 EQUALIZADOR DE 12 BANDAS E PR\u00e9-EQUALIZADAS<br \/>\u2022 CONECTOR PRINCIPAL (ACOMPANHA CHICOTE)<br \/>\u2022 CONEX\u00e3O KEY 1 E KEY 2 PARA CONTROLE DE VOLANTE<br \/>\u2022 2 USB TRASEIRO COM EXTENS\u00e3O E FUN\u00e7\u00e3O CARREGADOR<br \/>\u2022 FM COM 18 MEM\u00f3RIAS<br \/>\u2022 4 CANAIS EST\u00e9REO DE 52W<br \/>\u2022 ENTRADA PARA C\u00e2MERA DE R\u00e9<br \/>\u2022 ENTRADA DE \u00c1UDIO E V\u00edDEO RCA<br \/>\u2022 CONTROLE DE ANTENA EL\u00e9TRICA<br \/>\u2022 ENTRADA PARA MICROFONE EXTERNO<br \/>\u2022 MICROFONE EMBUTIDO<br \/>\u2022 TECLAS TOUCH COM 7 CORES<br \/>\u2022 ACOMPANHA CABO USB LIGHTNING + PENDRIVE 16 GB<br \/>\u2022 SISTEMA DE V\u00edDEO: AVI &#8211; MP4 &#8211; DIVX &#8211; MPEG &#8211; DAT &#8211; FI.V RMVB &#8211; VCB &#8211; MOV &#8211; JPEG<br \/>\u2022 SISTEMA DE \u00c1UDIO: MP1 &#8211; MP2 &#8211; MP3 &#8211; MP4 &#8211; MP5 &#8211; MP5 DOLBY DIGITAL &#8211; WMA &#8211; PCM &#8211; LPCM &#8211; MPEG<\/p>\n","protected":false},"excerpt":{"rendered":"<p>Refer\u00eancia: KRC5000<br \/>\u2022 ANDROID 13.0<br \/>\u2022 2 GB DE RAM<br \/>\u2022 32 GB DE MEM\u00f3RIA INTERNA PARA DOWNLOAD DE APLICATIVOS<br \/>\u2022 TELA DE 9 EM VIDRO HD 1280X800P CAPACITIVA<br \/>\u2022 SA\u00edDA DE \u00c1UDIO E V\u00edDEO VIA RCA PARA TELAS AUXILIARES<br \/>\u2022 EQUALIZADOR DE 12 BANDAS E PR\u00e9-EQUALIZADAS<br \/>\u2022 CONECTOR PRINCIPAL (ACOMPANHA CHICOTE)<br \/>\u2022 CONEX\u00e3O KEY 1 E KEY 2 PARA CONTROLE DE VOLANTE<br \/>\u2022 2 USB TRASEIRO COM EXTENS\u00e3O E FUN\u00e7\u00e3O CARREGADOR<br \/>\u2022 FM COM 18 MEM\u00f3RIAS<br \/>\u2022 4 CANAIS EST\u00e9REO DE 52W<br \/>\u2022 ENTRADA PARA C\u00e2MERA DE R\u00e9<br \/>\u2022 ENTRADA DE \u00c1UDIO E V\u00edDEO RCA<br \/>\u2022 CONTROLE DE ANTENA EL\u00e9TRICA<br \/>\u2022 ENTRADA PARA MICROFONE EXTERNO<br \/>\u2022 MICROFONE EMBUTIDO<br \/>\u2022 TECLAS TOUCH COM 7 CORES<br \/>\u2022 ACOMPANHA CABO USB LIGHTNING + PENDRIVE 16 GB<br \/>\u2022 SISTEMA DE V\u00edDEO: AVI &#8211; MP4 &#8211; DIVX &#8211; MPEG &#8211; DAT &#8211; FI.V RMVB &#8211; VCB &#8211; MOV &#8211; JPEG<br \/>\u2022 SISTEMA DE \u00c1UDIO: MP1 &#8211; MP2 &#8211; MP3 &#8211; MP4 &#8211; MP5 &#8211; MP5 DOLBY DIGITAL &#8211; WMA &#8211; PCM &#8211; LPCM &#8211; MPEG<\/p>\n","protected":false},"featured_media":596,"comment_status":"open","ping_status":"closed","template":"","meta":{"nf_dc_page":"","site-sidebar-layout":"default","site-content-layout":"","ast-site-content-layout":"default","site-content-style":"default","site-sidebar-style":"default","ast-global-header-display":"","ast-banner-title-visibility":"","ast-main-header-display":"","ast-hfb-above-header-display":"","ast-hfb-below-header-display":"","ast-hfb-mobile-header-display":"","site-post-title":"","ast-breadcrumbs-content":"","ast-featured-img":"","footer-sml-layout":"","ast-disable-related-posts":"","theme-transparent-header-meta":"","adv-header-id-meta":"","stick-header-meta":"","header-above-stick-meta":"","header-main-stick-meta":"","header-below-stick-meta":"","astra-migrate-meta-layouts":"default","ast-page-background-enabled":"default","ast-page-background-meta":{"desktop":{"background-color":"var(--ast-global-color-4)","background-image":"","background-repeat":"repeat","background-position":"center center","background-size":"auto","background-attachment":"scroll","background-type":"","background-media":"","overlay-type":"","overlay-color":"","overlay-opacity":"","overlay-gradient":""},"tablet":{"background-color":"","background-image":"","background-repeat":"repeat","background-position":"center center","background-size":"auto","background-attachment":"scroll","background-type":"","background-media":"","overlay-type":"","overlay-color":"","overlay-opacity":"","overlay-gradient":""},"mobile":{"background-color":"","background-image":"","background-repeat":"repeat","background-position":"center center","background-size":"auto","background-attachment":"scroll","background-type":"","background-media":"","overlay-type":"","overlay-color":"","overlay-opacity":"","overlay-gradient":""}},"ast-content-background-meta":{"desktop":{"background-color":"var(--ast-global-color-5)","background-image":"","background-repeat":"repeat","background-position":"center center","background-size":"auto","background-attachment":"scroll","background-type":"","background-media":"","overlay-type":"","overlay-color":"","overlay-opacity":"","overlay-gradient":""},"tablet":{"background-color":"var(--ast-global-color-5)","background-image":"","background-repeat":"repeat","background-position":"center center","background-size":"auto","background-attachment":"scroll","background-type":"","background-media":"","overlay-type":"","overlay-color":"","overlay-opacity":"","overlay-gradient":""},"mobile":{"background-color":"var(--ast-global-color-5)","background-image":"","background-repeat":"repeat","background-position":"center center","background-size":"auto","background-attachment":"scroll","background-type":"","background-media":"","overlay-type":"","overlay-color":"","overlay-opacity":"","overlay-gradient":""}}},"product_brand":[],"product_cat":[38],"product_tag":[],"class_list":{"0":"post-597","1":"product","2":"type-product","3":"status-publish","4":"has-post-thumbnail","6":"product_cat-somevdeo","7":"desktop-align-left","8":"tablet-align-left","9":"mobile-align-left","11":"first","12":"instock","13":"shipping-taxable","14":"purchasable","15":"product-type-simple"},"_links":{"self":[{"href":"https:\/\/rickparts.com.br\/loja\/wp-json\/wp\/v2\/product\/597","targetHints":{"allow":["GET"]}}],"collection":[{"href":"https:\/\/rickparts.com.br\/loja\/wp-json\/wp\/v2\/product"}],"about":[{"href":"https:\/\/rickparts.com.br\/loja\/wp-json\/wp\/v2\/types\/product"}],"replies":[{"embeddable":true,"href":"https:\/\/rickparts.com.br\/loja\/wp-json\/wp\/v2\/comments?post=597"}],"wp:featuredmedia":[{"embeddable":true,"href":"https:\/\/rickparts.com.br\/loja\/wp-json\/wp\/v2\/media\/596"}],"wp:attachment":[{"href":"https:\/\/rickparts.com.br\/loja\/wp-json\/wp\/v2\/media?parent=597"}],"wp:term":[{"taxonomy":"product_brand","embeddable":true,"href":"https:\/\/rickparts.com.br\/loja\/wp-json\/wp\/v2\/product_brand?post=597"},{"taxonomy":"product_cat","embeddable":true,"href":"https:\/\/rickparts.com.br\/loja\/wp-json\/wp\/v2\/product_cat?post=597"},{"taxonomy":"product_tag","embeddable":true,"href":"https:\/\/rickparts.com.br\/loja\/wp-json\/wp\/v2\/product_tag?post=597"}],"curies":[{"name":"wp","href":"https:\/\/api.w.org\/{rel}","templated":true}]}}