{"id":615,"date":"2024-12-17T22:43:38","date_gmt":"2024-12-17T19:43:38","guid":{"rendered":"https:\/\/rickparts.com.br\/loja\/produto\/sensor-estacionamento-pt-fosco-18mm\/"},"modified":"2026-02-06T16:23:52","modified_gmt":"2026-02-06T19:23:52","slug":"sensor-estacionamento-pt-fosco-18mm","status":"publish","type":"product","link":"https:\/\/rickparts.com.br\/loja\/produto\/sensor-estacionamento-pt-fosco-18mm\/","title":{"rendered":"Sensor Estacionamento Pt Fosco 18mm"},"content":{"rendered":"<p>Refer\u00eancia: KXECO210A<br \/>\u2022 SENSOR TRASEIRO COM 4 PONTOS<br \/>\u2022 C\u00e1PSULA COM PLUG R\u00e1PIDO<br \/>\u2022 MINI CENTRAL EXCLUSIVA<br \/>\u2022 DISPLAY DIGITAL NUM\u00e9RICO<br \/>\u2022 APLICA\u00e7\u00e3O POR DUPLA FACE<br \/>\u2022 DISTANCIA DE DETEC\u00e7\u00e3O: 2.0M-0.3 M<br \/>\u2022 DETEC\u00e7\u00e3O PRECISA: &lt;+\/- 1CM<br \/>\u2022 O MELHOR ALCANCE:&lt;0,9 M<br \/>\u2022 FREQU\u00eaNCIA DE OPERA\u00e7\u00e3O: 40 KHZ<br \/>\u2022 VOLTAGEM DE ALCANCE: 9-15 V<br \/>\u2022 TEMPERATURA DE FUNCIONAMENTO: -40-85 C<\/p>\n<p>CONTE\u00faDO DA EMBALAGEM:<\/p>\n<p>\u2022 01 CENTRAL ELETR\u00f4NICA<br \/>\u2022 04 SENSORES<br \/>\u2022 01 BROCA TIPO SERRA COPO<br \/>\u2022 01 DISPLAY DIGITAL<br \/>\u2022 02 FITAS DUPLA FACE<br \/>\u2022 01 CABO DE ALIMENTA\u00e7\u00e3O 12V<\/p>\n","protected":false},"excerpt":{"rendered":"<p>Refer\u00eancia: KXECO210A<br \/>\u2022 SENSOR TRASEIRO COM 4 PONTOS<br \/>\u2022 C\u00e1PSULA COM PLUG R\u00e1PIDO<br \/>\u2022 MINI CENTRAL EXCLUSIVA<br \/>\u2022 DISPLAY DIGITAL NUM\u00e9RICO<br \/>\u2022 APLICA\u00e7\u00e3O POR DUPLA FACE<br \/>\u2022 DISTANCIA DE DETEC\u00e7\u00e3O: 2.0M-0.3 M<br \/>\u2022 DETEC\u00e7\u00e3O PRECISA: &lt;+\/- 1CM<br \/>\u2022 O MELHOR ALCANCE:&lt;0,9 M<br \/>\u2022 FREQU\u00eaNCIA DE OPERA\u00e7\u00e3O: 40 KHZ<br \/>\u2022 VOLTAGEM DE ALCANCE: 9-15 V<br \/>\u2022 TEMPERATURA DE FUNCIONAMENTO: -40-85 C<\/p>\n<p>CONTE\u00faDO DA EMBALAGEM:<\/p>\n<p>\u2022 01 CENTRAL ELETR\u00f4NICA<br \/>\u2022 04 SENSORES<br \/>\u2022 01 BROCA TIPO SERRA COPO<br \/>\u2022 01 DISPLAY DIGITAL<br \/>\u2022 02 FITAS DUPLA FACE<br \/>\u2022 01 CABO DE ALIMENTA\u00e7\u00e3O 12V<\/p>\n","protected":false},"featured_media":614,"comment_status":"open","ping_status":"closed","template":"","meta":{"nf_dc_page":"","site-sidebar-layout":"default","site-content-layout":"","ast-site-content-layout":"default","site-content-style":"default","site-sidebar-style":"default","ast-global-header-display":"","ast-banner-title-visibility":"","ast-main-header-display":"","ast-hfb-above-header-display":"","ast-hfb-below-header-display":"","ast-hfb-mobile-header-display":"","site-post-title":"","ast-breadcrumbs-content":"","ast-featured-img":"","footer-sml-layout":"","ast-disable-related-posts":"","theme-transparent-header-meta":"","adv-header-id-meta":"","stick-header-meta":"","header-above-stick-meta":"","header-main-stick-meta":"","header-below-stick-meta":"","astra-migrate-meta-layouts":"default","ast-page-background-enabled":"default","ast-page-background-meta":{"desktop":{"background-color":"var(--ast-global-color-4)","background-image":"","background-repeat":"repeat","background-position":"center center","background-size":"auto","background-attachment":"scroll","background-type":"","background-media":"","overlay-type":"","overlay-color":"","overlay-opacity":"","overlay-gradient":""},"tablet":{"background-color":"","background-image":"","background-repeat":"repeat","background-position":"center center","background-size":"auto","background-attachment":"scroll","background-type":"","background-media":"","overlay-type":"","overlay-color":"","overlay-opacity":"","overlay-gradient":""},"mobile":{"background-color":"","background-image":"","background-repeat":"repeat","background-position":"center center","background-size":"auto","background-attachment":"scroll","background-type":"","background-media":"","overlay-type":"","overlay-color":"","overlay-opacity":"","overlay-gradient":""}},"ast-content-background-meta":{"desktop":{"background-color":"var(--ast-global-color-5)","background-image":"","background-repeat":"repeat","background-position":"center center","background-size":"auto","background-attachment":"scroll","background-type":"","background-media":"","overlay-type":"","overlay-color":"","overlay-opacity":"","overlay-gradient":""},"tablet":{"background-color":"var(--ast-global-color-5)","background-image":"","background-repeat":"repeat","background-position":"center center","background-size":"auto","background-attachment":"scroll","background-type":"","background-media":"","overlay-type":"","overlay-color":"","overlay-opacity":"","overlay-gradient":""},"mobile":{"background-color":"var(--ast-global-color-5)","background-image":"","background-repeat":"repeat","background-position":"center center","background-size":"auto","background-attachment":"scroll","background-type":"","background-media":"","overlay-type":"","overlay-color":"","overlay-opacity":"","overlay-gradient":""}}},"product_brand":[],"product_cat":[38],"product_tag":[],"class_list":{"0":"post-615","1":"product","2":"type-product","3":"status-publish","4":"has-post-thumbnail","6":"product_cat-somevdeo","7":"desktop-align-left","8":"tablet-align-left","9":"mobile-align-left","11":"first","12":"instock","13":"shipping-taxable","14":"purchasable","15":"product-type-simple"},"_links":{"self":[{"href":"https:\/\/rickparts.com.br\/loja\/wp-json\/wp\/v2\/product\/615","targetHints":{"allow":["GET"]}}],"collection":[{"href":"https:\/\/rickparts.com.br\/loja\/wp-json\/wp\/v2\/product"}],"about":[{"href":"https:\/\/rickparts.com.br\/loja\/wp-json\/wp\/v2\/types\/product"}],"replies":[{"embeddable":true,"href":"https:\/\/rickparts.com.br\/loja\/wp-json\/wp\/v2\/comments?post=615"}],"wp:featuredmedia":[{"embeddable":true,"href":"https:\/\/rickparts.com.br\/loja\/wp-json\/wp\/v2\/media\/614"}],"wp:attachment":[{"href":"https:\/\/rickparts.com.br\/loja\/wp-json\/wp\/v2\/media?parent=615"}],"wp:term":[{"taxonomy":"product_brand","embeddable":true,"href":"https:\/\/rickparts.com.br\/loja\/wp-json\/wp\/v2\/product_brand?post=615"},{"taxonomy":"product_cat","embeddable":true,"href":"https:\/\/rickparts.com.br\/loja\/wp-json\/wp\/v2\/product_cat?post=615"},{"taxonomy":"product_tag","embeddable":true,"href":"https:\/\/rickparts.com.br\/loja\/wp-json\/wp\/v2\/product_tag?post=615"}],"curies":[{"name":"wp","href":"https:\/\/api.w.org\/{rel}","templated":true}]}}