{"id":619,"date":"2024-12-17T23:08:28","date_gmt":"2024-12-17T20:08:28","guid":{"rendered":"https:\/\/rickparts.com.br\/loja\/produto\/camera-re-2x1-d-lux-borboleta\/"},"modified":"2026-01-05T13:29:11","modified_gmt":"2026-01-05T16:29:11","slug":"camera-re-2x1-d-lux-borboleta","status":"publish","type":"product","link":"https:\/\/rickparts.com.br\/loja\/produto\/camera-re-2x1-d-lux-borboleta\/","title":{"rendered":"Camera Re 2&#215;1 D-lux (borboleta)"},"content":{"rendered":"<p>Refer\u00eancia: 40-K9000<br \/>C\u00c2MERA DE R\u00c9 2X1<br \/>DESIGN MODERNO<\/p>\n<p>170 GRAUS DE VIS\u00e3O;<br \/>DI\u00e2METRO DE 15MM;<br \/>SISTEMA AUTOM\u00e1TICO DE RESOLU\u00e7\u00e3O;<br \/>ACOMPANHA SUPORTE DE INSTALA\u00e7\u00e3O BORBOLETA OU PODE SER EMBUTIDA;<br \/>\u00c0 PROVA D\u00b4\u00e1GUA;<br \/>GARANTIA NACIONAL DE 1 ANO CONTRA DEFEITOS DE FABRICA\u00e7\u00e3O.<\/p>\n","protected":false},"excerpt":{"rendered":"<p>Refer\u00eancia: 40-K9000<br \/>C\u00c2MERA DE R\u00c9 2X1<br \/>DESIGN MODERNO<\/p>\n<p>170 GRAUS DE VIS\u00e3O;<br \/>DI\u00e2METRO DE 15MM;<br \/>SISTEMA AUTOM\u00e1TICO DE RESOLU\u00e7\u00e3O;<br \/>ACOMPANHA SUPORTE DE INSTALA\u00e7\u00e3O BORBOLETA OU PODE SER EMBUTIDA;<br \/>\u00c0 PROVA D\u00b4\u00e1GUA;<br \/>GARANTIA NACIONAL DE 1 ANO CONTRA DEFEITOS DE FABRICA\u00e7\u00e3O.<\/p>\n","protected":false},"featured_media":618,"comment_status":"open","ping_status":"closed","template":"","meta":{"nf_dc_page":"","site-sidebar-layout":"default","site-content-layout":"","ast-site-content-layout":"default","site-content-style":"default","site-sidebar-style":"default","ast-global-header-display":"","ast-banner-title-visibility":"","ast-main-header-display":"","ast-hfb-above-header-display":"","ast-hfb-below-header-display":"","ast-hfb-mobile-header-display":"","site-post-title":"","ast-breadcrumbs-content":"","ast-featured-img":"","footer-sml-layout":"","ast-disable-related-posts":"","theme-transparent-header-meta":"","adv-header-id-meta":"","stick-header-meta":"","header-above-stick-meta":"","header-main-stick-meta":"","header-below-stick-meta":"","astra-migrate-meta-layouts":"default","ast-page-background-enabled":"default","ast-page-background-meta":{"desktop":{"background-color":"var(--ast-global-color-4)","background-image":"","background-repeat":"repeat","background-position":"center center","background-size":"auto","background-attachment":"scroll","background-type":"","background-media":"","overlay-type":"","overlay-color":"","overlay-opacity":"","overlay-gradient":""},"tablet":{"background-color":"","background-image":"","background-repeat":"repeat","background-position":"center center","background-size":"auto","background-attachment":"scroll","background-type":"","background-media":"","overlay-type":"","overlay-color":"","overlay-opacity":"","overlay-gradient":""},"mobile":{"background-color":"","background-image":"","background-repeat":"repeat","background-position":"center center","background-size":"auto","background-attachment":"scroll","background-type":"","background-media":"","overlay-type":"","overlay-color":"","overlay-opacity":"","overlay-gradient":""}},"ast-content-background-meta":{"desktop":{"background-color":"var(--ast-global-color-5)","background-image":"","background-repeat":"repeat","background-position":"center center","background-size":"auto","background-attachment":"scroll","background-type":"","background-media":"","overlay-type":"","overlay-color":"","overlay-opacity":"","overlay-gradient":""},"tablet":{"background-color":"var(--ast-global-color-5)","background-image":"","background-repeat":"repeat","background-position":"center center","background-size":"auto","background-attachment":"scroll","background-type":"","background-media":"","overlay-type":"","overlay-color":"","overlay-opacity":"","overlay-gradient":""},"mobile":{"background-color":"var(--ast-global-color-5)","background-image":"","background-repeat":"repeat","background-position":"center center","background-size":"auto","background-attachment":"scroll","background-type":"","background-media":"","overlay-type":"","overlay-color":"","overlay-opacity":"","overlay-gradient":""}}},"product_brand":[],"product_cat":[34],"product_tag":[],"class_list":{"0":"post-619","1":"product","2":"type-product","3":"status-publish","4":"has-post-thumbnail","6":"product_cat-acessriosinternos","7":"desktop-align-left","8":"tablet-align-left","9":"mobile-align-left","11":"first","12":"outofstock","13":"shipping-taxable","14":"purchasable","15":"product-type-simple"},"_links":{"self":[{"href":"https:\/\/rickparts.com.br\/loja\/wp-json\/wp\/v2\/product\/619","targetHints":{"allow":["GET"]}}],"collection":[{"href":"https:\/\/rickparts.com.br\/loja\/wp-json\/wp\/v2\/product"}],"about":[{"href":"https:\/\/rickparts.com.br\/loja\/wp-json\/wp\/v2\/types\/product"}],"replies":[{"embeddable":true,"href":"https:\/\/rickparts.com.br\/loja\/wp-json\/wp\/v2\/comments?post=619"}],"wp:featuredmedia":[{"embeddable":true,"href":"https:\/\/rickparts.com.br\/loja\/wp-json\/wp\/v2\/media\/618"}],"wp:attachment":[{"href":"https:\/\/rickparts.com.br\/loja\/wp-json\/wp\/v2\/media?parent=619"}],"wp:term":[{"taxonomy":"product_brand","embeddable":true,"href":"https:\/\/rickparts.com.br\/loja\/wp-json\/wp\/v2\/product_brand?post=619"},{"taxonomy":"product_cat","embeddable":true,"href":"https:\/\/rickparts.com.br\/loja\/wp-json\/wp\/v2\/product_cat?post=619"},{"taxonomy":"product_tag","embeddable":true,"href":"https:\/\/rickparts.com.br\/loja\/wp-json\/wp\/v2\/product_tag?post=619"}],"curies":[{"name":"wp","href":"https:\/\/api.w.org\/{rel}","templated":true}]}}