{"id":623,"date":"2024-12-17T23:18:48","date_gmt":"2024-12-17T20:18:48","guid":{"rendered":"https:\/\/rickparts.com.br\/loja\/produto\/camera-re-tartaruga-45-120-visao\/"},"modified":"2026-02-06T16:23:52","modified_gmt":"2026-02-06T19:23:52","slug":"camera-re-tartaruga-45-120-visao","status":"publish","type":"product","link":"https:\/\/rickparts.com.br\/loja\/produto\/camera-re-tartaruga-45-120-visao\/","title":{"rendered":"Camera Re Tartaruga 45 (120 Visao)"},"content":{"rendered":"<p>Refer\u00eancia: 40-K8000<br \/>C\u00e2MERA DE R\u00e9 TARTARUGA PRETA<br \/>C\u00e2MERA:<\/p>\n<p>CAMPO DE VIS\u00e3O 170\u00b0<br \/>MINI CONECTOR \u00e1 PROVA D\u2019\u00e1GUA TIPO BMW<br \/>RESOLU\u00e7\u00e3O AUTOM\u00e1TICA<br \/>LENTE DE VIDRO <br \/>ACESS\u00f3RIOS:<\/p>\n<p>SISTEMA DE CABOS \u00e0 PROVA D\u2019\u00e1GUA COM MINI CONECTOR<br \/>CABO DE V\u00edDEO DE 6 METROS COM SISTEMA REVERSE<br \/>BROCA PARA PERFURA\u00e7\u00e3O DO PARA-CHOQUE PL\u00e1STICO<br \/>MANUAIS E CERTIFICADOS EM PORTUGU\u00eaS<\/p>\n","protected":false},"excerpt":{"rendered":"<p>Refer\u00eancia: 40-K8000<br \/>C\u00e2MERA DE R\u00e9 TARTARUGA PRETA<br \/>C\u00e2MERA:<\/p>\n<p>CAMPO DE VIS\u00e3O 170\u00b0<br \/>MINI CONECTOR \u00e1 PROVA D\u2019\u00e1GUA TIPO BMW<br \/>RESOLU\u00e7\u00e3O AUTOM\u00e1TICA<br \/>LENTE DE VIDRO <br \/>ACESS\u00f3RIOS:<\/p>\n<p>SISTEMA DE CABOS \u00e0 PROVA D\u2019\u00e1GUA COM MINI CONECTOR<br \/>CABO DE V\u00edDEO DE 6 METROS COM SISTEMA REVERSE<br \/>BROCA PARA PERFURA\u00e7\u00e3O DO PARA-CHOQUE PL\u00e1STICO<br \/>MANUAIS E CERTIFICADOS EM PORTUGU\u00eaS<\/p>\n","protected":false},"featured_media":622,"comment_status":"open","ping_status":"closed","template":"","meta":{"nf_dc_page":"","site-sidebar-layout":"default","site-content-layout":"","ast-site-content-layout":"default","site-content-style":"default","site-sidebar-style":"default","ast-global-header-display":"","ast-banner-title-visibility":"","ast-main-header-display":"","ast-hfb-above-header-display":"","ast-hfb-below-header-display":"","ast-hfb-mobile-header-display":"","site-post-title":"","ast-breadcrumbs-content":"","ast-featured-img":"","footer-sml-layout":"","ast-disable-related-posts":"","theme-transparent-header-meta":"","adv-header-id-meta":"","stick-header-meta":"","header-above-stick-meta":"","header-main-stick-meta":"","header-below-stick-meta":"","astra-migrate-meta-layouts":"default","ast-page-background-enabled":"default","ast-page-background-meta":{"desktop":{"background-color":"var(--ast-global-color-4)","background-image":"","background-repeat":"repeat","background-position":"center center","background-size":"auto","background-attachment":"scroll","background-type":"","background-media":"","overlay-type":"","overlay-color":"","overlay-opacity":"","overlay-gradient":""},"tablet":{"background-color":"","background-image":"","background-repeat":"repeat","background-position":"center center","background-size":"auto","background-attachment":"scroll","background-type":"","background-media":"","overlay-type":"","overlay-color":"","overlay-opacity":"","overlay-gradient":""},"mobile":{"background-color":"","background-image":"","background-repeat":"repeat","background-position":"center center","background-size":"auto","background-attachment":"scroll","background-type":"","background-media":"","overlay-type":"","overlay-color":"","overlay-opacity":"","overlay-gradient":""}},"ast-content-background-meta":{"desktop":{"background-color":"var(--ast-global-color-5)","background-image":"","background-repeat":"repeat","background-position":"center center","background-size":"auto","background-attachment":"scroll","background-type":"","background-media":"","overlay-type":"","overlay-color":"","overlay-opacity":"","overlay-gradient":""},"tablet":{"background-color":"var(--ast-global-color-5)","background-image":"","background-repeat":"repeat","background-position":"center center","background-size":"auto","background-attachment":"scroll","background-type":"","background-media":"","overlay-type":"","overlay-color":"","overlay-opacity":"","overlay-gradient":""},"mobile":{"background-color":"var(--ast-global-color-5)","background-image":"","background-repeat":"repeat","background-position":"center center","background-size":"auto","background-attachment":"scroll","background-type":"","background-media":"","overlay-type":"","overlay-color":"","overlay-opacity":"","overlay-gradient":""}}},"product_brand":[],"product_cat":[33],"product_tag":[],"class_list":{"0":"post-623","1":"product","2":"type-product","3":"status-publish","4":"has-post-thumbnail","6":"product_cat-acessriosexternos","7":"desktop-align-left","8":"tablet-align-left","9":"mobile-align-left","11":"first","12":"instock","13":"shipping-taxable","14":"purchasable","15":"product-type-simple"},"_links":{"self":[{"href":"https:\/\/rickparts.com.br\/loja\/wp-json\/wp\/v2\/product\/623","targetHints":{"allow":["GET"]}}],"collection":[{"href":"https:\/\/rickparts.com.br\/loja\/wp-json\/wp\/v2\/product"}],"about":[{"href":"https:\/\/rickparts.com.br\/loja\/wp-json\/wp\/v2\/types\/product"}],"replies":[{"embeddable":true,"href":"https:\/\/rickparts.com.br\/loja\/wp-json\/wp\/v2\/comments?post=623"}],"wp:featuredmedia":[{"embeddable":true,"href":"https:\/\/rickparts.com.br\/loja\/wp-json\/wp\/v2\/media\/622"}],"wp:attachment":[{"href":"https:\/\/rickparts.com.br\/loja\/wp-json\/wp\/v2\/media?parent=623"}],"wp:term":[{"taxonomy":"product_brand","embeddable":true,"href":"https:\/\/rickparts.com.br\/loja\/wp-json\/wp\/v2\/product_brand?post=623"},{"taxonomy":"product_cat","embeddable":true,"href":"https:\/\/rickparts.com.br\/loja\/wp-json\/wp\/v2\/product_cat?post=623"},{"taxonomy":"product_tag","embeddable":true,"href":"https:\/\/rickparts.com.br\/loja\/wp-json\/wp\/v2\/product_tag?post=623"}],"curies":[{"name":"wp","href":"https:\/\/api.w.org\/{rel}","templated":true}]}}