{"id":635,"date":"2024-12-18T16:48:41","date_gmt":"2024-12-18T13:48:41","guid":{"rendered":"https:\/\/rickparts.com.br\/loja\/produto\/central-mp5-2din-7pol-and-e-car-esp\/"},"modified":"2025-08-08T16:04:20","modified_gmt":"2025-08-08T19:04:20","slug":"central-mp5-2din-7pol-and-e-car-esp","status":"publish","type":"product","link":"https:\/\/rickparts.com.br\/loja\/produto\/central-mp5-2din-7pol-and-e-car-esp\/","title":{"rendered":"Central Mp5 2din 7pol And E Car Esp"},"content":{"rendered":"<p>Refer\u00eancia: MP5-7810H<br \/>CONTE\u00faDO DA EMBALAGEM<br \/>\u2022 CENTRAL MULTIM\u00edDIA FIRSTOPTION\u2122 7810HV<br \/>\u2022 CONTROLE REMOTO<br \/>\u2022 CHICOTE DE INSTALA\u00e7\u00e3O<\/p>\n<p>PRODUTO<br \/>\u2022 MARCA: FIRST OPTION<br \/>\u2022 MODELO: 7810H<br \/>\u2022 FORMATO DE MONTAGEM: 2 DIN<br \/>\u2022 PAINEL TF DE 7 POLEGADAS<br \/>\u2022 RESOLU\u00e7\u00e3O DE 800X480 PIXELS<br \/>\u2022 ENTRADA USB<br \/>\u2022 LEITOR DE CART\u00e3O DE MEM\u00f3RIA<br \/>\u2022 R\u00e1DIO FM<br \/>\u2022 BLUETOOTH 3.0 ( A SENHA DE EMPARELHAMENTO DE F\u00e1BRICA \u00e9 0000 )<br \/>\u2022 ENTRADA PARA C\u00e2MERA DE R\u00e9<br \/>\u2022 ENTRADA AUXILIAR RCA<br \/>\u2022 IDIOMAS: PORTUGU\u00eaS BRASILEIRO, ESPANHOL, INGL\u00eaS, CHIN\u00eaS E RUSSO<br \/>\u2022 FORMATOS DE V\u00edDEO SUPORTADOS: .RMVB .RM .FLV .3GP .MPEG .DIVX .XVID .DAT .VOB .AVI E .MP4<br \/>\u2022 FORMATOS DE \u00e1UDIO SUPORTADOS: .MP3 .WMA .OGG .APE .AAC .FLAC E .WAV<br \/>\u2022 FORMATO DE IMAGEM SUPORTADO: JPG<br \/>\u2022 4 CANAIS DE SA\u00edDA DE 45W DE POT\u00eaNCIA<br \/>\u2022 TENS\u00e3O DE ENTRADA: 12V<br \/>\u2022 SENHA DE EMPARELHAMENTO BLUETOOTH: 0000<br \/>\u2022 TAMANHO: 180MM * 103MM (7.08 DE POLEGADA * 4.06 POLEGADA)<\/p>\n","protected":false},"excerpt":{"rendered":"<p>Refer\u00eancia: MP5-7810H<br \/>CONTE\u00faDO DA EMBALAGEM<br \/>\u2022 CENTRAL MULTIM\u00edDIA FIRSTOPTION\u2122 7810HV<br \/>\u2022 CONTROLE REMOTO<br \/>\u2022 CHICOTE DE INSTALA\u00e7\u00e3O<\/p>\n<p>PRODUTO<br \/>\u2022 MARCA: FIRST OPTION<br \/>\u2022 MODELO: 7810H<br \/>\u2022 FORMATO DE MONTAGEM: 2 DIN<br \/>\u2022 PAINEL TF DE 7 POLEGADAS<br \/>\u2022 RESOLU\u00e7\u00e3O DE 800X480 PIXELS<br \/>\u2022 ENTRADA USB<br \/>\u2022 LEITOR DE CART\u00e3O DE MEM\u00f3RIA<br \/>\u2022 R\u00e1DIO FM<br \/>\u2022 BLUETOOTH 3.0 ( A SENHA DE EMPARELHAMENTO DE F\u00e1BRICA \u00e9 0000 )<br \/>\u2022 ENTRADA PARA C\u00e2MERA DE R\u00e9<br \/>\u2022 ENTRADA AUXILIAR RCA<br \/>\u2022 IDIOMAS: PORTUGU\u00eaS BRASILEIRO, ESPANHOL, INGL\u00eaS, CHIN\u00eaS E RUSSO<br \/>\u2022 FORMATOS DE V\u00edDEO SUPORTADOS: .RMVB .RM .FLV .3GP .MPEG .DIVX .XVID .DAT .VOB .AVI E .MP4<br \/>\u2022 FORMATOS DE \u00e1UDIO SUPORTADOS: .MP3 .WMA .OGG .APE .AAC .FLAC E .WAV<br \/>\u2022 FORMATO DE IMAGEM SUPORTADO: JPG<br \/>\u2022 4 CANAIS DE SA\u00edDA DE 45W DE POT\u00eaNCIA<br \/>\u2022 TENS\u00e3O DE ENTRADA: 12V<br \/>\u2022 SENHA DE EMPARELHAMENTO BLUETOOTH: 0000<br \/>\u2022 TAMANHO: 180MM * 103MM (7.08 DE POLEGADA * 4.06 POLEGADA)<\/p>\n","protected":false},"featured_media":634,"comment_status":"open","ping_status":"closed","template":"","meta":{"nf_dc_page":"","site-sidebar-layout":"default","site-content-layout":"","ast-site-content-layout":"default","site-content-style":"default","site-sidebar-style":"default","ast-global-header-display":"","ast-banner-title-visibility":"","ast-main-header-display":"","ast-hfb-above-header-display":"","ast-hfb-below-header-display":"","ast-hfb-mobile-header-display":"","site-post-title":"","ast-breadcrumbs-content":"","ast-featured-img":"","footer-sml-layout":"","ast-disable-related-posts":"","theme-transparent-header-meta":"","adv-header-id-meta":"","stick-header-meta":"","header-above-stick-meta":"","header-main-stick-meta":"","header-below-stick-meta":"","astra-migrate-meta-layouts":"default","ast-page-background-enabled":"default","ast-page-background-meta":{"desktop":{"background-color":"var(--ast-global-color-4)","background-image":"","background-repeat":"repeat","background-position":"center center","background-size":"auto","background-attachment":"scroll","background-type":"","background-media":"","overlay-type":"","overlay-color":"","overlay-opacity":"","overlay-gradient":""},"tablet":{"background-color":"","background-image":"","background-repeat":"repeat","background-position":"center center","background-size":"auto","background-attachment":"scroll","background-type":"","background-media":"","overlay-type":"","overlay-color":"","overlay-opacity":"","overlay-gradient":""},"mobile":{"background-color":"","background-image":"","background-repeat":"repeat","background-position":"center center","background-size":"auto","background-attachment":"scroll","background-type":"","background-media":"","overlay-type":"","overlay-color":"","overlay-opacity":"","overlay-gradient":""}},"ast-content-background-meta":{"desktop":{"background-color":"var(--ast-global-color-5)","background-image":"","background-repeat":"repeat","background-position":"center center","background-size":"auto","background-attachment":"scroll","background-type":"","background-media":"","overlay-type":"","overlay-color":"","overlay-opacity":"","overlay-gradient":""},"tablet":{"background-color":"var(--ast-global-color-5)","background-image":"","background-repeat":"repeat","background-position":"center center","background-size":"auto","background-attachment":"scroll","background-type":"","background-media":"","overlay-type":"","overlay-color":"","overlay-opacity":"","overlay-gradient":""},"mobile":{"background-color":"var(--ast-global-color-5)","background-image":"","background-repeat":"repeat","background-position":"center center","background-size":"auto","background-attachment":"scroll","background-type":"","background-media":"","overlay-type":"","overlay-color":"","overlay-opacity":"","overlay-gradient":""}}},"product_brand":[],"product_cat":[38],"product_tag":[],"class_list":{"0":"post-635","1":"product","2":"type-product","3":"status-publish","4":"has-post-thumbnail","6":"product_cat-somevdeo","7":"desktop-align-left","8":"tablet-align-left","9":"mobile-align-left","11":"first","12":"outofstock","13":"shipping-taxable","14":"purchasable","15":"product-type-simple"},"_links":{"self":[{"href":"https:\/\/rickparts.com.br\/loja\/wp-json\/wp\/v2\/product\/635","targetHints":{"allow":["GET"]}}],"collection":[{"href":"https:\/\/rickparts.com.br\/loja\/wp-json\/wp\/v2\/product"}],"about":[{"href":"https:\/\/rickparts.com.br\/loja\/wp-json\/wp\/v2\/types\/product"}],"replies":[{"embeddable":true,"href":"https:\/\/rickparts.com.br\/loja\/wp-json\/wp\/v2\/comments?post=635"}],"wp:featuredmedia":[{"embeddable":true,"href":"https:\/\/rickparts.com.br\/loja\/wp-json\/wp\/v2\/media\/634"}],"wp:attachment":[{"href":"https:\/\/rickparts.com.br\/loja\/wp-json\/wp\/v2\/media?parent=635"}],"wp:term":[{"taxonomy":"product_brand","embeddable":true,"href":"https:\/\/rickparts.com.br\/loja\/wp-json\/wp\/v2\/product_brand?post=635"},{"taxonomy":"product_cat","embeddable":true,"href":"https:\/\/rickparts.com.br\/loja\/wp-json\/wp\/v2\/product_cat?post=635"},{"taxonomy":"product_tag","embeddable":true,"href":"https:\/\/rickparts.com.br\/loja\/wp-json\/wp\/v2\/product_tag?post=635"}],"curies":[{"name":"wp","href":"https:\/\/api.w.org\/{rel}","templated":true}]}}