{"id":740,"date":"2024-12-23T16:43:19","date_gmt":"2024-12-23T13:43:19","guid":{"rendered":"https:\/\/rickparts.com.br\/loja\/produto\/farol-palio-10-h7-h1-m-cr-a-cr-ld\/"},"modified":"2026-03-02T10:27:56","modified_gmt":"2026-03-02T13:27:56","slug":"farol-palio-10-h7-h1-m-cr-a-cr-ld","status":"publish","type":"product","link":"https:\/\/rickparts.com.br\/loja\/produto\/farol-palio-10-h7-h1-m-cr-a-cr-ld\/","title":{"rendered":"FAROL PALIO\/SIENA G4 2008 A 2016 FOCO DUPLO CROMADO LD"},"content":{"rendered":"<p>Refer\u00eancia: FIAT0084-LDX<br \/>O farol \u00e9 uma pe\u00e7a essencial para sinaliza\u00e7\u00e3o e visibilidade em vias noturnas e para maior seguran\u00e7a eles devem estar sempre em bom estado. E aqui temos o produto ideal para voc\u00ea.<\/p>\n<p>Este item possui material de alta qualidade e resist\u00eancia, composto com sua lente acr\u00edlico lisa,encaixe da l\u00e2mpada H1\/H1 que suporta at\u00e9 55W e um design que deixa seu carro com aspecto diferenciado de todos os outros.<\/p>\n<p>Compat\u00edvel com: Fiat<\/p>\n<p>-Weekend G4 2008 &#8211; Strada G4 2008 &#8211; Siena G4 2008 &#8211; Palio G4 2008<br \/>-Weekend G4 2009 &#8211; Strada G4 2009 &#8211; Siena G4 2009 &#8211; Palio G4 2009<br \/>-Weekend G4 2010 &#8211; Strada G4 2010 &#8211; Siena G4 2010 &#8211; Palio G4 2010<br \/>-Weekend G4 2011 &#8211; Strada G4 2011 &#8211; Siena G4 2011 &#8211; Palio G4 2011<br \/>-Weekend G4 2012 &#8211; Strada G4 2012 &#8211; Siena G4 2012<br \/>-Weekend G4 2013 &#8211; Strada G4 2013<br \/>-Weekend G4 2014 &#8211; Strada G4 2014<br \/>-Weekend G4 2015 &#8211; Strada G4 2015<br \/>-Weekend G4 2016 &#8211; Strada G4 2016<\/p>\n<p>Especifica\u00e7\u00f5es T\u00e9cnicas:<\/p>\n<p>&#8211; Foco Duplo<\/p>\n<p>&#8211; Encaixe da l\u00e2mpada H1\/H1<br \/>&#8211; Lente Lisa<br \/>&#8211; Material da Lente em Acr\u00edlico<br \/>&#8211; Material da Carca\u00e7a em Pl\u00e1stico<br \/>&#8211; Suporta l\u00e2mpadas de at\u00e9 55W<\/p>\n<p>ATEN\u00c7\u00c3O<\/p>\n<p>Garantia &#8211; 3 Meses<\/p>\n<p>A empresa n\u00e3o se responsabiliza pela m\u00e1 instala\u00e7\u00e3o do produto.<br \/>Procure por um profissional especializado!<\/p>\n","protected":false},"excerpt":{"rendered":"<p>Refer\u00eancia: FIAT0084-LDX<br \/>O farol \u00e9 uma pe\u00e7a essencial para sinaliza\u00e7\u00e3o e visibilidade em vias noturnas e para maior seguran\u00e7a eles devem estar sempre em bom estado. E aqui temos o produto ideal para voc\u00ea.<\/p>\n<p>Este item possui material de alta qualidade e resist\u00eancia, composto com sua lente acr\u00edlico lisa,encaixe da l\u00e2mpada H1\/H1 que suporta at\u00e9 55W e um design que deixa seu carro com aspecto diferenciado de todos os outros.<\/p>\n<p>Compat\u00edvel com: Fiat<\/p>\n<p>-Weekend G4 2008 &#8211; Strada G4 2008 &#8211; Siena G4 2008 &#8211; Palio G4 2008<br \/>-Weekend G4 2009 &#8211; Strada G4 2009 &#8211; Siena G4 2009 &#8211; Palio G4 2009<br \/>-Weekend G4 2010 &#8211; Strada G4 2010 &#8211; Siena G4 2010 &#8211; Palio G4 2010<br \/>-Weekend G4 2011 &#8211; Strada G4 2011 &#8211; Siena G4 2011 &#8211; Palio G4 2011<br \/>-Weekend G4 2012 &#8211; Strada G4 2012 &#8211; Siena G4 2012<br \/>-Weekend G4 2013 &#8211; Strada G4 2013<br \/>-Weekend G4 2014 &#8211; Strada G4 2014<br \/>-Weekend G4 2015 &#8211; Strada G4 2015<br \/>-Weekend G4 2016 &#8211; Strada G4 2016<\/p>\n<p>Especifica\u00e7\u00f5es T\u00e9cnicas:<\/p>\n<p>&#8211; Foco Duplo<\/p>\n<p>&#8211; Encaixe da l\u00e2mpada H1\/H1<br \/>&#8211; Lente Lisa<br \/>&#8211; Material da Lente em Acr\u00edlico<br \/>&#8211; Material da Carca\u00e7a em Pl\u00e1stico<br \/>&#8211; Suporta l\u00e2mpadas de at\u00e9 55W<\/p>\n<p>ATEN\u00c7\u00c3O<\/p>\n<p>Garantia &#8211; 3 Meses<\/p>\n<p>A empresa n\u00e3o se responsabiliza pela m\u00e1 instala\u00e7\u00e3o do produto.<br \/>Procure por um profissional especializado!<\/p>\n","protected":false},"featured_media":739,"comment_status":"open","ping_status":"closed","template":"","meta":{"nf_dc_page":"","site-sidebar-layout":"default","site-content-layout":"","ast-site-content-layout":"default","site-content-style":"default","site-sidebar-style":"default","ast-global-header-display":"","ast-banner-title-visibility":"","ast-main-header-display":"","ast-hfb-above-header-display":"","ast-hfb-below-header-display":"","ast-hfb-mobile-header-display":"","site-post-title":"","ast-breadcrumbs-content":"","ast-featured-img":"","footer-sml-layout":"","ast-disable-related-posts":"","theme-transparent-header-meta":"","adv-header-id-meta":"","stick-header-meta":"","header-above-stick-meta":"","header-main-stick-meta":"","header-below-stick-meta":"","astra-migrate-meta-layouts":"default","ast-page-background-enabled":"default","ast-page-background-meta":{"desktop":{"background-color":"var(--ast-global-color-4)","background-image":"","background-repeat":"repeat","background-position":"center center","background-size":"auto","background-attachment":"scroll","background-type":"","background-media":"","overlay-type":"","overlay-color":"","overlay-opacity":"","overlay-gradient":""},"tablet":{"background-color":"","background-image":"","background-repeat":"repeat","background-position":"center center","background-size":"auto","background-attachment":"scroll","background-type":"","background-media":"","overlay-type":"","overlay-color":"","overlay-opacity":"","overlay-gradient":""},"mobile":{"background-color":"","background-image":"","background-repeat":"repeat","background-position":"center center","background-size":"auto","background-attachment":"scroll","background-type":"","background-media":"","overlay-type":"","overlay-color":"","overlay-opacity":"","overlay-gradient":""}},"ast-content-background-meta":{"desktop":{"background-color":"var(--ast-global-color-5)","background-image":"","background-repeat":"repeat","background-position":"center center","background-size":"auto","background-attachment":"scroll","background-type":"","background-media":"","overlay-type":"","overlay-color":"","overlay-opacity":"","overlay-gradient":""},"tablet":{"background-color":"var(--ast-global-color-5)","background-image":"","background-repeat":"repeat","background-position":"center center","background-size":"auto","background-attachment":"scroll","background-type":"","background-media":"","overlay-type":"","overlay-color":"","overlay-opacity":"","overlay-gradient":""},"mobile":{"background-color":"var(--ast-global-color-5)","background-image":"","background-repeat":"repeat","background-position":"center center","background-size":"auto","background-attachment":"scroll","background-type":"","background-media":"","overlay-type":"","overlay-color":"","overlay-opacity":"","overlay-gradient":""}}},"product_brand":[],"product_cat":[35],"product_tag":[],"class_list":{"0":"post-740","1":"product","2":"type-product","3":"status-publish","4":"has-post-thumbnail","6":"product_cat-iluminaoautomotiva","7":"desktop-align-left","8":"tablet-align-left","9":"mobile-align-left","11":"first","12":"instock","13":"shipping-taxable","14":"purchasable","15":"product-type-simple"},"_links":{"self":[{"href":"https:\/\/rickparts.com.br\/loja\/wp-json\/wp\/v2\/product\/740","targetHints":{"allow":["GET"]}}],"collection":[{"href":"https:\/\/rickparts.com.br\/loja\/wp-json\/wp\/v2\/product"}],"about":[{"href":"https:\/\/rickparts.com.br\/loja\/wp-json\/wp\/v2\/types\/product"}],"replies":[{"embeddable":true,"href":"https:\/\/rickparts.com.br\/loja\/wp-json\/wp\/v2\/comments?post=740"}],"wp:featuredmedia":[{"embeddable":true,"href":"https:\/\/rickparts.com.br\/loja\/wp-json\/wp\/v2\/media\/739"}],"wp:attachment":[{"href":"https:\/\/rickparts.com.br\/loja\/wp-json\/wp\/v2\/media?parent=740"}],"wp:term":[{"taxonomy":"product_brand","embeddable":true,"href":"https:\/\/rickparts.com.br\/loja\/wp-json\/wp\/v2\/product_brand?post=740"},{"taxonomy":"product_cat","embeddable":true,"href":"https:\/\/rickparts.com.br\/loja\/wp-json\/wp\/v2\/product_cat?post=740"},{"taxonomy":"product_tag","embeddable":true,"href":"https:\/\/rickparts.com.br\/loja\/wp-json\/wp\/v2\/product_tag?post=740"}],"curies":[{"name":"wp","href":"https:\/\/api.w.org\/{rel}","templated":true}]}}