{"id":785,"date":"2024-12-23T20:32:40","date_gmt":"2024-12-23T17:32:40","guid":{"rendered":"https:\/\/rickparts.com.br\/loja\/produto\/farol-mobi-16-20-h4-m-negra-le\/"},"modified":"2026-02-06T16:22:49","modified_gmt":"2026-02-06T19:22:49","slug":"farol-mobi-16-20-h4-m-negra-le","status":"publish","type":"product","link":"https:\/\/rickparts.com.br\/loja\/produto\/farol-mobi-16-20-h4-m-negra-le\/","title":{"rendered":"FAROL MOBI 2016 A 2024 MSCARA NEGRA LE"},"content":{"rendered":"<p>Refer\u00eancia: FIAT0714-LEX<br \/>FAROL MOBI 2016 2017 2018 2019 2020 2021 2022<\/p>\n<p>COMPAT\u00edVEL COM: FIAT<\/p>\n<p>&#8211; MOBI 2016<br \/>&#8211; MOBI 2017<br \/>&#8211; MOBI 2018<br \/>&#8211; MOBI 2019<br \/>&#8211; MOBI 2020<br \/>&#8211; MOBI 2021<br \/>&#8211; MOBI 2022<\/p>\n<p>ESPECIFICA\u00e7\u00f5ES T\u00e9CNICAS:<\/p>\n<p>&#8211; M\u00e1SCARA NEGRA<br \/>&#8211; FOCO SIMPLES<\/p>\n<p>&#8211; ENCAIXE DA L\u00e2MPADA H4<br \/>&#8211; LENTELISA<br \/>&#8211; MATERIAL DA LENTE EM ACR\u00edLICO<br \/>&#8211; MATERIAL DA CARCA\u00e7A EM PL\u00e1STICO<br \/>&#8211; SUPORTA L\u00e2MPADAS DE AT\u00e9 55W<\/p>\n<p>ATEN\u00e7\u00e3O: A EMPRESA N\u00e3O SE RESPONSABILIZA PELA M\u00e1 INSTALA\u00e7\u00e3O DO PRODUTO, PROCURE O AUXILIO DE UM PROFISSIONAL ESPECIALIZADO.<\/p>\n<p>GARANTIA DO VENDEDOR: 3 MESES<\/p>\n","protected":false},"excerpt":{"rendered":"<p>Refer\u00eancia: FIAT0714-LEX<br \/>FAROL MOBI 2016 2017 2018 2019 2020 2021 2022<\/p>\n<p>COMPAT\u00edVEL COM: FIAT<\/p>\n<p>&#8211; MOBI 2016<br \/>&#8211; MOBI 2017<br \/>&#8211; MOBI 2018<br \/>&#8211; MOBI 2019<br \/>&#8211; MOBI 2020<br \/>&#8211; MOBI 2021<br \/>&#8211; MOBI 2022<\/p>\n<p>ESPECIFICA\u00e7\u00f5ES T\u00e9CNICAS:<\/p>\n<p>&#8211; M\u00e1SCARA NEGRA<br \/>&#8211; FOCO SIMPLES<\/p>\n<p>&#8211; ENCAIXE DA L\u00e2MPADA H4<br \/>&#8211; LENTELISA<br \/>&#8211; MATERIAL DA LENTE EM ACR\u00edLICO<br \/>&#8211; MATERIAL DA CARCA\u00e7A EM PL\u00e1STICO<br \/>&#8211; SUPORTA L\u00e2MPADAS DE AT\u00e9 55W<\/p>\n<p>ATEN\u00e7\u00e3O: A EMPRESA N\u00e3O SE RESPONSABILIZA PELA M\u00e1 INSTALA\u00e7\u00e3O DO PRODUTO, PROCURE O AUXILIO DE UM PROFISSIONAL ESPECIALIZADO.<\/p>\n<p>GARANTIA DO VENDEDOR: 3 MESES<\/p>\n","protected":false},"featured_media":784,"comment_status":"open","ping_status":"closed","template":"","meta":{"nf_dc_page":"","site-sidebar-layout":"default","site-content-layout":"","ast-site-content-layout":"default","site-content-style":"default","site-sidebar-style":"default","ast-global-header-display":"","ast-banner-title-visibility":"","ast-main-header-display":"","ast-hfb-above-header-display":"","ast-hfb-below-header-display":"","ast-hfb-mobile-header-display":"","site-post-title":"","ast-breadcrumbs-content":"","ast-featured-img":"","footer-sml-layout":"","ast-disable-related-posts":"","theme-transparent-header-meta":"","adv-header-id-meta":"","stick-header-meta":"","header-above-stick-meta":"","header-main-stick-meta":"","header-below-stick-meta":"","astra-migrate-meta-layouts":"default","ast-page-background-enabled":"default","ast-page-background-meta":{"desktop":{"background-color":"var(--ast-global-color-4)","background-image":"","background-repeat":"repeat","background-position":"center center","background-size":"auto","background-attachment":"scroll","background-type":"","background-media":"","overlay-type":"","overlay-color":"","overlay-opacity":"","overlay-gradient":""},"tablet":{"background-color":"","background-image":"","background-repeat":"repeat","background-position":"center center","background-size":"auto","background-attachment":"scroll","background-type":"","background-media":"","overlay-type":"","overlay-color":"","overlay-opacity":"","overlay-gradient":""},"mobile":{"background-color":"","background-image":"","background-repeat":"repeat","background-position":"center center","background-size":"auto","background-attachment":"scroll","background-type":"","background-media":"","overlay-type":"","overlay-color":"","overlay-opacity":"","overlay-gradient":""}},"ast-content-background-meta":{"desktop":{"background-color":"var(--ast-global-color-5)","background-image":"","background-repeat":"repeat","background-position":"center center","background-size":"auto","background-attachment":"scroll","background-type":"","background-media":"","overlay-type":"","overlay-color":"","overlay-opacity":"","overlay-gradient":""},"tablet":{"background-color":"var(--ast-global-color-5)","background-image":"","background-repeat":"repeat","background-position":"center center","background-size":"auto","background-attachment":"scroll","background-type":"","background-media":"","overlay-type":"","overlay-color":"","overlay-opacity":"","overlay-gradient":""},"mobile":{"background-color":"var(--ast-global-color-5)","background-image":"","background-repeat":"repeat","background-position":"center center","background-size":"auto","background-attachment":"scroll","background-type":"","background-media":"","overlay-type":"","overlay-color":"","overlay-opacity":"","overlay-gradient":""}}},"product_brand":[],"product_cat":[35],"product_tag":[],"class_list":{"0":"post-785","1":"product","2":"type-product","3":"status-publish","4":"has-post-thumbnail","6":"product_cat-iluminaoautomotiva","7":"desktop-align-left","8":"tablet-align-left","9":"mobile-align-left","11":"first","12":"outofstock","13":"shipping-taxable","14":"purchasable","15":"product-type-simple"},"_links":{"self":[{"href":"https:\/\/rickparts.com.br\/loja\/wp-json\/wp\/v2\/product\/785","targetHints":{"allow":["GET"]}}],"collection":[{"href":"https:\/\/rickparts.com.br\/loja\/wp-json\/wp\/v2\/product"}],"about":[{"href":"https:\/\/rickparts.com.br\/loja\/wp-json\/wp\/v2\/types\/product"}],"replies":[{"embeddable":true,"href":"https:\/\/rickparts.com.br\/loja\/wp-json\/wp\/v2\/comments?post=785"}],"wp:featuredmedia":[{"embeddable":true,"href":"https:\/\/rickparts.com.br\/loja\/wp-json\/wp\/v2\/media\/784"}],"wp:attachment":[{"href":"https:\/\/rickparts.com.br\/loja\/wp-json\/wp\/v2\/media?parent=785"}],"wp:term":[{"taxonomy":"product_brand","embeddable":true,"href":"https:\/\/rickparts.com.br\/loja\/wp-json\/wp\/v2\/product_brand?post=785"},{"taxonomy":"product_cat","embeddable":true,"href":"https:\/\/rickparts.com.br\/loja\/wp-json\/wp\/v2\/product_cat?post=785"},{"taxonomy":"product_tag","embeddable":true,"href":"https:\/\/rickparts.com.br\/loja\/wp-json\/wp\/v2\/product_tag?post=785"}],"curies":[{"name":"wp","href":"https:\/\/api.w.org\/{rel}","templated":true}]}}