{"id":792,"date":"2024-12-23T20:44:45","date_gmt":"2024-12-23T17:44:45","guid":{"rendered":"https:\/\/rickparts.com.br\/loja\/produto\/farol-argo-18-24-h7-h7-s-led-ld\/"},"modified":"2026-02-06T16:23:01","modified_gmt":"2026-02-06T19:23:01","slug":"farol-argo-18-24-h7-h7-s-led-ld","status":"publish","type":"product","link":"https:\/\/rickparts.com.br\/loja\/produto\/farol-argo-18-24-h7-h7-s-led-ld\/","title":{"rendered":"FAROL ARGO\/CRONOS 2017 A 2024 M.NEGRA S\/LED LD"},"content":{"rendered":"<p>Refer\u00eancia: FIAT0801-LDX<br \/>ESPECIFICA\u00c7\u00d5ES T\u00c9CNICAS:<br \/>FOCO DUPLO<br \/>SEM LED<br \/>REGULAGEM DE FOCO MANUAL<br \/>ENCAIXE DE L\u00e2MPADA NA BAIXA H7<br \/>ENCAIXE DE L\u00e2MPADA NA ALTA H11<br \/>SUPORTA XENON E L\u00e2MPADAS AT\u00e9 55 WATTS<br \/>N\u00e3O ACOMPANHA L\u00e2MPADAS<\/p>\n<p>COMPAT\u00cdVEL COM OS MODELOS:<br \/>ARGO 2017<br \/>ARGO 2018<br \/>ARGO 2019<br \/>ARGO 2020<br \/>ARGO 2021<br \/>ARGO 2022<br \/>ARGO 2023<br \/>CRONOS 2018<br \/>CRONOS 2019<br \/>CRONOS 2020<br \/>CRONOS 2021<br \/>CRONOS 2022<br \/>CRONOS 2023<\/p>\n<p>IMPORTANTE:<\/p>\n<p>N\u00e3O NOS RESPONSABILIZAMOS POR INSTALA\u00e7\u00e3O MAL REALIZADA<br \/>A INSTALA\u00e7\u00e3O DEVE SER FEITA POR UM PROFISSIONAL ESPECIALIZADO<\/p>\n<p>GARANTIA DO VENDEDOR: 30 DIAS<\/p>\n","protected":false},"excerpt":{"rendered":"<p>Refer\u00eancia: FIAT0801-LDX<br \/>ESPECIFICA\u00c7\u00d5ES T\u00c9CNICAS:<br \/>FOCO DUPLO<br \/>SEM LED<br \/>REGULAGEM DE FOCO MANUAL<br \/>ENCAIXE DE L\u00e2MPADA NA BAIXA H7<br \/>ENCAIXE DE L\u00e2MPADA NA ALTA H11<br \/>SUPORTA XENON E L\u00e2MPADAS AT\u00e9 55 WATTS<br \/>N\u00e3O ACOMPANHA L\u00e2MPADAS<\/p>\n<p>COMPAT\u00cdVEL COM OS MODELOS:<br \/>ARGO 2017<br \/>ARGO 2018<br \/>ARGO 2019<br \/>ARGO 2020<br \/>ARGO 2021<br \/>ARGO 2022<br \/>ARGO 2023<br \/>CRONOS 2018<br \/>CRONOS 2019<br \/>CRONOS 2020<br \/>CRONOS 2021<br \/>CRONOS 2022<br \/>CRONOS 2023<\/p>\n<p>IMPORTANTE:<\/p>\n<p>N\u00e3O NOS RESPONSABILIZAMOS POR INSTALA\u00e7\u00e3O MAL REALIZADA<br \/>A INSTALA\u00e7\u00e3O DEVE SER FEITA POR UM PROFISSIONAL ESPECIALIZADO<\/p>\n<p>GARANTIA DO VENDEDOR: 30 DIAS<\/p>\n","protected":false},"featured_media":791,"comment_status":"open","ping_status":"closed","template":"","meta":{"nf_dc_page":"","site-sidebar-layout":"default","site-content-layout":"","ast-site-content-layout":"default","site-content-style":"default","site-sidebar-style":"default","ast-global-header-display":"","ast-banner-title-visibility":"","ast-main-header-display":"","ast-hfb-above-header-display":"","ast-hfb-below-header-display":"","ast-hfb-mobile-header-display":"","site-post-title":"","ast-breadcrumbs-content":"","ast-featured-img":"","footer-sml-layout":"","ast-disable-related-posts":"","theme-transparent-header-meta":"","adv-header-id-meta":"","stick-header-meta":"","header-above-stick-meta":"","header-main-stick-meta":"","header-below-stick-meta":"","astra-migrate-meta-layouts":"default","ast-page-background-enabled":"default","ast-page-background-meta":{"desktop":{"background-color":"var(--ast-global-color-4)","background-image":"","background-repeat":"repeat","background-position":"center center","background-size":"auto","background-attachment":"scroll","background-type":"","background-media":"","overlay-type":"","overlay-color":"","overlay-opacity":"","overlay-gradient":""},"tablet":{"background-color":"","background-image":"","background-repeat":"repeat","background-position":"center center","background-size":"auto","background-attachment":"scroll","background-type":"","background-media":"","overlay-type":"","overlay-color":"","overlay-opacity":"","overlay-gradient":""},"mobile":{"background-color":"","background-image":"","background-repeat":"repeat","background-position":"center center","background-size":"auto","background-attachment":"scroll","background-type":"","background-media":"","overlay-type":"","overlay-color":"","overlay-opacity":"","overlay-gradient":""}},"ast-content-background-meta":{"desktop":{"background-color":"var(--ast-global-color-5)","background-image":"","background-repeat":"repeat","background-position":"center center","background-size":"auto","background-attachment":"scroll","background-type":"","background-media":"","overlay-type":"","overlay-color":"","overlay-opacity":"","overlay-gradient":""},"tablet":{"background-color":"var(--ast-global-color-5)","background-image":"","background-repeat":"repeat","background-position":"center center","background-size":"auto","background-attachment":"scroll","background-type":"","background-media":"","overlay-type":"","overlay-color":"","overlay-opacity":"","overlay-gradient":""},"mobile":{"background-color":"var(--ast-global-color-5)","background-image":"","background-repeat":"repeat","background-position":"center center","background-size":"auto","background-attachment":"scroll","background-type":"","background-media":"","overlay-type":"","overlay-color":"","overlay-opacity":"","overlay-gradient":""}}},"product_brand":[],"product_cat":[35],"product_tag":[],"class_list":{"0":"post-792","1":"product","2":"type-product","3":"status-publish","4":"has-post-thumbnail","6":"product_cat-iluminaoautomotiva","7":"desktop-align-left","8":"tablet-align-left","9":"mobile-align-left","11":"first","12":"instock","13":"shipping-taxable","14":"purchasable","15":"product-type-simple"},"_links":{"self":[{"href":"https:\/\/rickparts.com.br\/loja\/wp-json\/wp\/v2\/product\/792","targetHints":{"allow":["GET"]}}],"collection":[{"href":"https:\/\/rickparts.com.br\/loja\/wp-json\/wp\/v2\/product"}],"about":[{"href":"https:\/\/rickparts.com.br\/loja\/wp-json\/wp\/v2\/types\/product"}],"replies":[{"embeddable":true,"href":"https:\/\/rickparts.com.br\/loja\/wp-json\/wp\/v2\/comments?post=792"}],"wp:featuredmedia":[{"embeddable":true,"href":"https:\/\/rickparts.com.br\/loja\/wp-json\/wp\/v2\/media\/791"}],"wp:attachment":[{"href":"https:\/\/rickparts.com.br\/loja\/wp-json\/wp\/v2\/media?parent=792"}],"wp:term":[{"taxonomy":"product_brand","embeddable":true,"href":"https:\/\/rickparts.com.br\/loja\/wp-json\/wp\/v2\/product_brand?post=792"},{"taxonomy":"product_cat","embeddable":true,"href":"https:\/\/rickparts.com.br\/loja\/wp-json\/wp\/v2\/product_cat?post=792"},{"taxonomy":"product_tag","embeddable":true,"href":"https:\/\/rickparts.com.br\/loja\/wp-json\/wp\/v2\/product_tag?post=792"}],"curies":[{"name":"wp","href":"https:\/\/api.w.org\/{rel}","templated":true}]}}