{"id":804,"date":"2024-12-23T21:05:33","date_gmt":"2024-12-23T18:05:33","guid":{"rendered":"https:\/\/rickparts.com.br\/loja\/produto\/farol-palio-96-00-h4-ld\/"},"modified":"2026-03-02T10:28:01","modified_gmt":"2026-03-02T13:28:01","slug":"farol-palio-96-00-h4-ld","status":"publish","type":"product","link":"https:\/\/rickparts.com.br\/loja\/produto\/farol-palio-96-00-h4-ld\/","title":{"rendered":"FAROL PALIO 1996 A 2000 LD"},"content":{"rendered":"<p>Refer\u00eancia: FIAT0818-LDX<br \/>FAROL PALIO 1996 A 2000 DIREITO<\/p>\n<p>CARACTER\u00edSTICAS:<br \/>-PRODUTO NOVO DE \u00d3TIMA QUALIDADE;<br \/>-LENTE ESTRIADA DE PLASTICO.<\/p>\n<p>ESPECIFICA\u00e7\u00f5ES T\u00e9CNICAS:<br \/>-FOCO SIMPLES;<br \/>-ENCAIXE DE L\u00e2MPADA H4;<br \/>-REGULAGEM DE FOCO MANUAL;<br \/>-SUPORTA L\u00e2MPADAS AT\u00e9 35WTS.<\/p>\n<p>COMPAT\u00edVEL COM OS MODELOS:<br \/>-PALIO G1 1996;<br \/>-PALIO G1 1997;<br \/>-PALIO G1 1998;<br \/>-PALIO G1 1999;<br \/>-PALIO G1 2000;<br \/>-SIENA G1 1996;<br \/>-SIENA G1 1997;<br \/>-SIENA G1 1998;<br \/>-SIENA G1 1999;<br \/>-SIENA G1 2000;<br \/>-STRADA G1 1996;<br \/>-STRADA G1 1997;<br \/>-STRADA G1 1998;<br \/>-STRADA G1 1999;<br \/>-STRADA G1 2000.<\/p>\n<p>GARANTIA: 90 DIAS.<\/p>\n<p>MPORTANTE:<br \/>-N\u00c3O SOMOS RESPONS\u00e1VEIS PELA M\u00e1 INSTALA\u00e7\u00e3O OU MAU USO DO PRODUTO, PARA EVITAR TRANSTORNOS PROCURE POR UM PROFISSIONAL ESPECIA<\/p>\n","protected":false},"excerpt":{"rendered":"<p>Refer\u00eancia: FIAT0818-LDX<br \/>FAROL PALIO 1996 A 2000 DIREITO<\/p>\n<p>CARACTER\u00edSTICAS:<br \/>-PRODUTO NOVO DE \u00d3TIMA QUALIDADE;<br \/>-LENTE ESTRIADA DE PLASTICO.<\/p>\n<p>ESPECIFICA\u00e7\u00f5ES T\u00e9CNICAS:<br \/>-FOCO SIMPLES;<br \/>-ENCAIXE DE L\u00e2MPADA H4;<br \/>-REGULAGEM DE FOCO MANUAL;<br \/>-SUPORTA L\u00e2MPADAS AT\u00e9 35WTS.<\/p>\n<p>COMPAT\u00edVEL COM OS MODELOS:<br \/>-PALIO G1 1996;<br \/>-PALIO G1 1997;<br \/>-PALIO G1 1998;<br \/>-PALIO G1 1999;<br \/>-PALIO G1 2000;<br \/>-SIENA G1 1996;<br \/>-SIENA G1 1997;<br \/>-SIENA G1 1998;<br \/>-SIENA G1 1999;<br \/>-SIENA G1 2000;<br \/>-STRADA G1 1996;<br \/>-STRADA G1 1997;<br \/>-STRADA G1 1998;<br \/>-STRADA G1 1999;<br \/>-STRADA G1 2000.<\/p>\n<p>GARANTIA: 90 DIAS.<\/p>\n<p>MPORTANTE:<br \/>-N\u00c3O SOMOS RESPONS\u00e1VEIS PELA M\u00e1 INSTALA\u00e7\u00e3O OU MAU USO DO PRODUTO, PARA EVITAR TRANSTORNOS PROCURE POR UM PROFISSIONAL ESPECIA<\/p>\n","protected":false},"featured_media":803,"comment_status":"open","ping_status":"closed","template":"","meta":{"nf_dc_page":"","site-sidebar-layout":"default","site-content-layout":"","ast-site-content-layout":"default","site-content-style":"default","site-sidebar-style":"default","ast-global-header-display":"","ast-banner-title-visibility":"","ast-main-header-display":"","ast-hfb-above-header-display":"","ast-hfb-below-header-display":"","ast-hfb-mobile-header-display":"","site-post-title":"","ast-breadcrumbs-content":"","ast-featured-img":"","footer-sml-layout":"","ast-disable-related-posts":"","theme-transparent-header-meta":"","adv-header-id-meta":"","stick-header-meta":"","header-above-stick-meta":"","header-main-stick-meta":"","header-below-stick-meta":"","astra-migrate-meta-layouts":"default","ast-page-background-enabled":"default","ast-page-background-meta":{"desktop":{"background-color":"var(--ast-global-color-4)","background-image":"","background-repeat":"repeat","background-position":"center center","background-size":"auto","background-attachment":"scroll","background-type":"","background-media":"","overlay-type":"","overlay-color":"","overlay-opacity":"","overlay-gradient":""},"tablet":{"background-color":"","background-image":"","background-repeat":"repeat","background-position":"center center","background-size":"auto","background-attachment":"scroll","background-type":"","background-media":"","overlay-type":"","overlay-color":"","overlay-opacity":"","overlay-gradient":""},"mobile":{"background-color":"","background-image":"","background-repeat":"repeat","background-position":"center center","background-size":"auto","background-attachment":"scroll","background-type":"","background-media":"","overlay-type":"","overlay-color":"","overlay-opacity":"","overlay-gradient":""}},"ast-content-background-meta":{"desktop":{"background-color":"var(--ast-global-color-5)","background-image":"","background-repeat":"repeat","background-position":"center center","background-size":"auto","background-attachment":"scroll","background-type":"","background-media":"","overlay-type":"","overlay-color":"","overlay-opacity":"","overlay-gradient":""},"tablet":{"background-color":"var(--ast-global-color-5)","background-image":"","background-repeat":"repeat","background-position":"center center","background-size":"auto","background-attachment":"scroll","background-type":"","background-media":"","overlay-type":"","overlay-color":"","overlay-opacity":"","overlay-gradient":""},"mobile":{"background-color":"var(--ast-global-color-5)","background-image":"","background-repeat":"repeat","background-position":"center center","background-size":"auto","background-attachment":"scroll","background-type":"","background-media":"","overlay-type":"","overlay-color":"","overlay-opacity":"","overlay-gradient":""}}},"product_brand":[],"product_cat":[35],"product_tag":[],"class_list":{"0":"post-804","1":"product","2":"type-product","3":"status-publish","4":"has-post-thumbnail","6":"product_cat-iluminaoautomotiva","7":"desktop-align-left","8":"tablet-align-left","9":"mobile-align-left","11":"first","12":"instock","13":"shipping-taxable","14":"purchasable","15":"product-type-simple"},"_links":{"self":[{"href":"https:\/\/rickparts.com.br\/loja\/wp-json\/wp\/v2\/product\/804","targetHints":{"allow":["GET"]}}],"collection":[{"href":"https:\/\/rickparts.com.br\/loja\/wp-json\/wp\/v2\/product"}],"about":[{"href":"https:\/\/rickparts.com.br\/loja\/wp-json\/wp\/v2\/types\/product"}],"replies":[{"embeddable":true,"href":"https:\/\/rickparts.com.br\/loja\/wp-json\/wp\/v2\/comments?post=804"}],"wp:featuredmedia":[{"embeddable":true,"href":"https:\/\/rickparts.com.br\/loja\/wp-json\/wp\/v2\/media\/803"}],"wp:attachment":[{"href":"https:\/\/rickparts.com.br\/loja\/wp-json\/wp\/v2\/media?parent=804"}],"wp:term":[{"taxonomy":"product_brand","embeddable":true,"href":"https:\/\/rickparts.com.br\/loja\/wp-json\/wp\/v2\/product_brand?post=804"},{"taxonomy":"product_cat","embeddable":true,"href":"https:\/\/rickparts.com.br\/loja\/wp-json\/wp\/v2\/product_cat?post=804"},{"taxonomy":"product_tag","embeddable":true,"href":"https:\/\/rickparts.com.br\/loja\/wp-json\/wp\/v2\/product_tag?post=804"}],"curies":[{"name":"wp","href":"https:\/\/api.w.org\/{rel}","templated":true}]}}