{"id":848,"date":"2024-12-23T22:51:10","date_gmt":"2024-12-23T19:51:10","guid":{"rendered":"https:\/\/rickparts.com.br\/loja\/produto\/farol-uno-91-03-ld\/"},"modified":"2026-02-06T16:22:35","modified_gmt":"2026-02-06T19:22:35","slug":"farol-uno-91-03-ld","status":"publish","type":"product","link":"https:\/\/rickparts.com.br\/loja\/produto\/farol-uno-91-03-ld\/","title":{"rendered":"FAROL UNO 1991 A 2003 LD"},"content":{"rendered":"<p>Refer\u00eancia: FIAT12540-LDX<br \/>ESPECIFICA\u00e7\u00f5ES:<\/p>\n<p>LENTES DE VIDRO;<br \/>LENTE RAIADA COM FOCO SIMPLES;<br \/>CARCA\u00e7A EM ABS R\u00edGIDO RESISTENTE AO CALOR;<br \/>COMPAT\u00edVEL COM X\u00eaNON, L\u00e2MPADAS SUPER BRANCAS E HAL\u00f3GENAS DE AT\u00e9 55 WATTS (N\u00e3O ACOMPANHAM O PRODUTO);<br \/>UTILIZA L\u00e2MPADAS H4.<\/p>\n<p>APLIC\u00e1VEL NOS SEGUINTES VE\u00edCULOS:<\/p>\n<p>MONTADORA: FIAT<br \/>VE\u00edCULO: UNO (TODOS OS MODELOS);<br \/>ANO DE FABRICA\u00e7\u00e3O: 1991 ,1992, 1993, 1994, 1995, 1996, 1997, 1998, 1999, 2000, 2001, 2002, 2003 E 2004.<\/p>\n<p>MONTADORA: FIAT<br \/>VE\u00edCULO: FIORINO (TODOS OS MODELOS);<br \/>ANO DE FABRICA\u00e7\u00e3O: 1991 ,1992, 1993, 1994, 1995, 1996, 1997, 1998, 1999, 2000, 2001, 2002, 2003 E 2004.<\/p>\n<p>MONTADORA: FIAT<br \/>VE\u00edCULO: PREMIO<br \/>ANO DE FABRICA\u00e7\u00e3O: 1991, 1992, 1993, 1994, 1995 E 1996.<\/p>\n<p>MONTADORA: FIAT<br \/>VE\u00edCULO: ELBA<br \/>ANO DE FABRICA\u00e7\u00e3O: 1991, 1992, 1993, 1994, 1995 E 1996.<\/p>\n","protected":false},"excerpt":{"rendered":"<p>Refer\u00eancia: FIAT12540-LDX<br \/>ESPECIFICA\u00e7\u00f5ES:<\/p>\n<p>LENTES DE VIDRO;<br \/>LENTE RAIADA COM FOCO SIMPLES;<br \/>CARCA\u00e7A EM ABS R\u00edGIDO RESISTENTE AO CALOR;<br \/>COMPAT\u00edVEL COM X\u00eaNON, L\u00e2MPADAS SUPER BRANCAS E HAL\u00f3GENAS DE AT\u00e9 55 WATTS (N\u00e3O ACOMPANHAM O PRODUTO);<br \/>UTILIZA L\u00e2MPADAS H4.<\/p>\n<p>APLIC\u00e1VEL NOS SEGUINTES VE\u00edCULOS:<\/p>\n<p>MONTADORA: FIAT<br \/>VE\u00edCULO: UNO (TODOS OS MODELOS);<br \/>ANO DE FABRICA\u00e7\u00e3O: 1991 ,1992, 1993, 1994, 1995, 1996, 1997, 1998, 1999, 2000, 2001, 2002, 2003 E 2004.<\/p>\n<p>MONTADORA: FIAT<br \/>VE\u00edCULO: FIORINO (TODOS OS MODELOS);<br \/>ANO DE FABRICA\u00e7\u00e3O: 1991 ,1992, 1993, 1994, 1995, 1996, 1997, 1998, 1999, 2000, 2001, 2002, 2003 E 2004.<\/p>\n<p>MONTADORA: FIAT<br \/>VE\u00edCULO: PREMIO<br \/>ANO DE FABRICA\u00e7\u00e3O: 1991, 1992, 1993, 1994, 1995 E 1996.<\/p>\n<p>MONTADORA: FIAT<br \/>VE\u00edCULO: ELBA<br \/>ANO DE FABRICA\u00e7\u00e3O: 1991, 1992, 1993, 1994, 1995 E 1996.<\/p>\n","protected":false},"featured_media":847,"comment_status":"open","ping_status":"closed","template":"","meta":{"nf_dc_page":"","site-sidebar-layout":"default","site-content-layout":"","ast-site-content-layout":"default","site-content-style":"default","site-sidebar-style":"default","ast-global-header-display":"","ast-banner-title-visibility":"","ast-main-header-display":"","ast-hfb-above-header-display":"","ast-hfb-below-header-display":"","ast-hfb-mobile-header-display":"","site-post-title":"","ast-breadcrumbs-content":"","ast-featured-img":"","footer-sml-layout":"","ast-disable-related-posts":"","theme-transparent-header-meta":"","adv-header-id-meta":"","stick-header-meta":"","header-above-stick-meta":"","header-main-stick-meta":"","header-below-stick-meta":"","astra-migrate-meta-layouts":"default","ast-page-background-enabled":"default","ast-page-background-meta":{"desktop":{"background-color":"var(--ast-global-color-4)","background-image":"","background-repeat":"repeat","background-position":"center center","background-size":"auto","background-attachment":"scroll","background-type":"","background-media":"","overlay-type":"","overlay-color":"","overlay-opacity":"","overlay-gradient":""},"tablet":{"background-color":"","background-image":"","background-repeat":"repeat","background-position":"center center","background-size":"auto","background-attachment":"scroll","background-type":"","background-media":"","overlay-type":"","overlay-color":"","overlay-opacity":"","overlay-gradient":""},"mobile":{"background-color":"","background-image":"","background-repeat":"repeat","background-position":"center center","background-size":"auto","background-attachment":"scroll","background-type":"","background-media":"","overlay-type":"","overlay-color":"","overlay-opacity":"","overlay-gradient":""}},"ast-content-background-meta":{"desktop":{"background-color":"var(--ast-global-color-5)","background-image":"","background-repeat":"repeat","background-position":"center center","background-size":"auto","background-attachment":"scroll","background-type":"","background-media":"","overlay-type":"","overlay-color":"","overlay-opacity":"","overlay-gradient":""},"tablet":{"background-color":"var(--ast-global-color-5)","background-image":"","background-repeat":"repeat","background-position":"center center","background-size":"auto","background-attachment":"scroll","background-type":"","background-media":"","overlay-type":"","overlay-color":"","overlay-opacity":"","overlay-gradient":""},"mobile":{"background-color":"var(--ast-global-color-5)","background-image":"","background-repeat":"repeat","background-position":"center center","background-size":"auto","background-attachment":"scroll","background-type":"","background-media":"","overlay-type":"","overlay-color":"","overlay-opacity":"","overlay-gradient":""}}},"product_brand":[],"product_cat":[35],"product_tag":[],"class_list":{"0":"post-848","1":"product","2":"type-product","3":"status-publish","4":"has-post-thumbnail","6":"product_cat-iluminaoautomotiva","7":"desktop-align-left","8":"tablet-align-left","9":"mobile-align-left","11":"first","12":"instock","13":"shipping-taxable","14":"purchasable","15":"product-type-simple"},"_links":{"self":[{"href":"https:\/\/rickparts.com.br\/loja\/wp-json\/wp\/v2\/product\/848","targetHints":{"allow":["GET"]}}],"collection":[{"href":"https:\/\/rickparts.com.br\/loja\/wp-json\/wp\/v2\/product"}],"about":[{"href":"https:\/\/rickparts.com.br\/loja\/wp-json\/wp\/v2\/types\/product"}],"replies":[{"embeddable":true,"href":"https:\/\/rickparts.com.br\/loja\/wp-json\/wp\/v2\/comments?post=848"}],"wp:featuredmedia":[{"embeddable":true,"href":"https:\/\/rickparts.com.br\/loja\/wp-json\/wp\/v2\/media\/847"}],"wp:attachment":[{"href":"https:\/\/rickparts.com.br\/loja\/wp-json\/wp\/v2\/media?parent=848"}],"wp:term":[{"taxonomy":"product_brand","embeddable":true,"href":"https:\/\/rickparts.com.br\/loja\/wp-json\/wp\/v2\/product_brand?post=848"},{"taxonomy":"product_cat","embeddable":true,"href":"https:\/\/rickparts.com.br\/loja\/wp-json\/wp\/v2\/product_cat?post=848"},{"taxonomy":"product_tag","embeddable":true,"href":"https:\/\/rickparts.com.br\/loja\/wp-json\/wp\/v2\/product_tag?post=848"}],"curies":[{"name":"wp","href":"https:\/\/api.w.org\/{rel}","templated":true}]}}