{"id":850,"date":"2024-12-23T23:07:10","date_gmt":"2024-12-23T20:07:10","guid":{"rendered":"https:\/\/rickparts.com.br\/loja\/produto\/farol-palio-10-h7-h1-m-cr-a-pt-le\/"},"modified":"2026-02-06T16:23:04","modified_gmt":"2026-02-06T19:23:04","slug":"farol-palio-10-h7-h1-m-cr-a-pt-le","status":"publish","type":"product","link":"https:\/\/rickparts.com.br\/loja\/produto\/farol-palio-10-h7-h1-m-cr-a-pt-le\/","title":{"rendered":"FAROL PALIO\/SIENA G4 2008 A 2016 F.DUPLO CROM ARO PRETO LE"},"content":{"rendered":"<p>Refer\u00eancia: FIAT16813-LEX<br \/>FAROL PALIO 2010 2011 SIENA 2008 2009 STRADA AVENTURE 2009 2010 2011 2012 2013 M\u00c1SCARA CROMADA COM ARO PRETO<\/p>\n<p>COMPAT\u00cdVEL COM:<br \/>&#8211; PALIO G4 2010 A 2011;<br \/>&#8211; SIENA G4 2008 A 2009;<br \/>&#8211; STRADA LOCKER ADVENTURE 2009 A 2013;<\/p>\n<p>ESPECIFICA\u00c7\u00d5ES T\u00c9CNICAS:<br \/>&#8211; PRODUTO NOVO;<br \/>&#8211; LENTE LISA EM ACR\u00edLICO;<br \/>&#8211; M\u00e1SCARA CROMADA COM ARO PRETO;<br \/>&#8211; FOCO DUPLO;<br \/>&#8211; REGULAGEM DE FOCO MANUAL;<br \/>&#8211; ENCAIXE DE L\u00e2MPADA: ALTA \u2013 H1 (N\u00e3O ACOMPANHA L\u00e2MPADA E SOQUETE);<br \/>&#8211; ENCAIXE DE L\u00e2MPADA: BAIXA \u2013 H7 (N\u00e3O ACOMPANHA L\u00e2MPADA E SOQUETE);<br \/>&#8211; SUPORTA XENON E L\u00e2MPADAS DE AT\u00e9 55W;<br \/>&#8211; CARCA\u00e7A EM PL\u00e1STICO RESISTENTE;<br \/>&#8211; ENCAIXE PERFEITO SOB MEDIDA;<br \/>&#8211; \u00d3TIMA QUALIDADE E ACABAMENTO.<\/p>\n<p>ATEN\u00c7\u00c3O:<br \/>&#8211; GARANTIA DE 3 MESES;<br \/>COMPAT\u00cdVEL COM:<br \/>&#8211; PALIO G4 2010 A 2011;<br \/>&#8211; SIENA G4 2008 A 2009;<br \/>&#8211; STRADA LOCKER ADVENTURE 2009 A 2013;<\/p>\n<p>ESPECIFICA\u00c7\u00d5ES T\u00c9CNICAS:<br \/>&#8211; PRODUTO NOVO;<br \/>&#8211; LENTE LISA EM ACR\u00edLICO;<br \/>&#8211; M\u00e1SCARA CROMADA COM ARO PRETO;<br \/>&#8211; FOCO DUPLO;<br \/>&#8211; REGULAGEM DE FOCO MANUAL;<br \/>&#8211; ENCAIXE DE L\u00e2MPADA: ALTA \u2013 H1 (N\u00e3O ACOMPANHA L\u00e2MPADA E SOQUETE);<br \/>&#8211; ENCAIXE DE L\u00e2MPADA: BAIXA \u2013 H7 (N\u00e3O ACOMPANHA L\u00e2MPADA E SOQUETE);<br \/>&#8211; SUPORTA XENON E L\u00e2MPADAS DE AT\u00e9 55W;<br \/>&#8211; CARCA\u00e7A EM PL\u00e1STICO RESISTENTE;<br \/>&#8211; ENCAIXE PERFEITO SOB MEDIDA;<br \/>&#8211; \u00d3TIMA QUALIDADE E ACABAMENTO.<\/p>\n<p>ATEN\u00c7\u00c3O:<br \/>&#8211; GARANTIA DE 3 MESES;<br \/>&#8211; RECOMENDAMOS QUE A INSTALA\u00e7\u00e3O SEJA FEITA POR UM PROFISSIONAL E N\u00e3O NOS RESPONSABILIZAMOS PELO MAU USO DO PRODUTO.<\/p>\n","protected":false},"excerpt":{"rendered":"<p>Refer\u00eancia: FIAT16813-LEX<br \/>FAROL PALIO 2010 2011 SIENA 2008 2009 STRADA AVENTURE 2009 2010 2011 2012 2013 M\u00c1SCARA CROMADA COM ARO PRETO<\/p>\n<p>COMPAT\u00cdVEL COM:<br \/>&#8211; PALIO G4 2010 A 2011;<br \/>&#8211; SIENA G4 2008 A 2009;<br \/>&#8211; STRADA LOCKER ADVENTURE 2009 A 2013;<\/p>\n<p>ESPECIFICA\u00c7\u00d5ES T\u00c9CNICAS:<br \/>&#8211; PRODUTO NOVO;<br \/>&#8211; LENTE LISA EM ACR\u00edLICO;<br \/>&#8211; M\u00e1SCARA CROMADA COM ARO PRETO;<br \/>&#8211; FOCO DUPLO;<br \/>&#8211; REGULAGEM DE FOCO MANUAL;<br \/>&#8211; ENCAIXE DE L\u00e2MPADA: ALTA \u2013 H1 (N\u00e3O ACOMPANHA L\u00e2MPADA E SOQUETE);<br \/>&#8211; ENCAIXE DE L\u00e2MPADA: BAIXA \u2013 H7 (N\u00e3O ACOMPANHA L\u00e2MPADA E SOQUETE);<br \/>&#8211; SUPORTA XENON E L\u00e2MPADAS DE AT\u00e9 55W;<br \/>&#8211; CARCA\u00e7A EM PL\u00e1STICO RESISTENTE;<br \/>&#8211; ENCAIXE PERFEITO SOB MEDIDA;<br \/>&#8211; \u00d3TIMA QUALIDADE E ACABAMENTO.<\/p>\n<p>ATEN\u00c7\u00c3O:<br \/>&#8211; GARANTIA DE 3 MESES;<br \/>COMPAT\u00cdVEL COM:<br \/>&#8211; PALIO G4 2010 A 2011;<br \/>&#8211; SIENA G4 2008 A 2009;<br \/>&#8211; STRADA LOCKER ADVENTURE 2009 A 2013;<\/p>\n<p>ESPECIFICA\u00c7\u00d5ES T\u00c9CNICAS:<br \/>&#8211; PRODUTO NOVO;<br \/>&#8211; LENTE LISA EM ACR\u00edLICO;<br \/>&#8211; M\u00e1SCARA CROMADA COM ARO PRETO;<br \/>&#8211; FOCO DUPLO;<br \/>&#8211; REGULAGEM DE FOCO MANUAL;<br \/>&#8211; ENCAIXE DE L\u00e2MPADA: ALTA \u2013 H1 (N\u00e3O ACOMPANHA L\u00e2MPADA E SOQUETE);<br \/>&#8211; ENCAIXE DE L\u00e2MPADA: BAIXA \u2013 H7 (N\u00e3O ACOMPANHA L\u00e2MPADA E SOQUETE);<br \/>&#8211; SUPORTA XENON E L\u00e2MPADAS DE AT\u00e9 55W;<br \/>&#8211; CARCA\u00e7A EM PL\u00e1STICO RESISTENTE;<br \/>&#8211; ENCAIXE PERFEITO SOB MEDIDA;<br \/>&#8211; \u00d3TIMA QUALIDADE E ACABAMENTO.<\/p>\n<p>ATEN\u00c7\u00c3O:<br \/>&#8211; GARANTIA DE 3 MESES;<br \/>&#8211; RECOMENDAMOS QUE A INSTALA\u00e7\u00e3O SEJA FEITA POR UM PROFISSIONAL E N\u00e3O NOS RESPONSABILIZAMOS PELO MAU USO DO PRODUTO.<\/p>\n","protected":false},"featured_media":853,"comment_status":"open","ping_status":"closed","template":"","meta":{"nf_dc_page":"","site-sidebar-layout":"default","site-content-layout":"","ast-site-content-layout":"default","site-content-style":"default","site-sidebar-style":"default","ast-global-header-display":"","ast-banner-title-visibility":"","ast-main-header-display":"","ast-hfb-above-header-display":"","ast-hfb-below-header-display":"","ast-hfb-mobile-header-display":"","site-post-title":"","ast-breadcrumbs-content":"","ast-featured-img":"","footer-sml-layout":"","ast-disable-related-posts":"","theme-transparent-header-meta":"","adv-header-id-meta":"","stick-header-meta":"","header-above-stick-meta":"","header-main-stick-meta":"","header-below-stick-meta":"","astra-migrate-meta-layouts":"default","ast-page-background-enabled":"default","ast-page-background-meta":{"desktop":{"background-color":"var(--ast-global-color-4)","background-image":"","background-repeat":"repeat","background-position":"center center","background-size":"auto","background-attachment":"scroll","background-type":"","background-media":"","overlay-type":"","overlay-color":"","overlay-opacity":"","overlay-gradient":""},"tablet":{"background-color":"","background-image":"","background-repeat":"repeat","background-position":"center center","background-size":"auto","background-attachment":"scroll","background-type":"","background-media":"","overlay-type":"","overlay-color":"","overlay-opacity":"","overlay-gradient":""},"mobile":{"background-color":"","background-image":"","background-repeat":"repeat","background-position":"center center","background-size":"auto","background-attachment":"scroll","background-type":"","background-media":"","overlay-type":"","overlay-color":"","overlay-opacity":"","overlay-gradient":""}},"ast-content-background-meta":{"desktop":{"background-color":"var(--ast-global-color-5)","background-image":"","background-repeat":"repeat","background-position":"center center","background-size":"auto","background-attachment":"scroll","background-type":"","background-media":"","overlay-type":"","overlay-color":"","overlay-opacity":"","overlay-gradient":""},"tablet":{"background-color":"var(--ast-global-color-5)","background-image":"","background-repeat":"repeat","background-position":"center center","background-size":"auto","background-attachment":"scroll","background-type":"","background-media":"","overlay-type":"","overlay-color":"","overlay-opacity":"","overlay-gradient":""},"mobile":{"background-color":"var(--ast-global-color-5)","background-image":"","background-repeat":"repeat","background-position":"center center","background-size":"auto","background-attachment":"scroll","background-type":"","background-media":"","overlay-type":"","overlay-color":"","overlay-opacity":"","overlay-gradient":""}}},"product_brand":[],"product_cat":[35],"product_tag":[],"class_list":{"0":"post-850","1":"product","2":"type-product","3":"status-publish","4":"has-post-thumbnail","6":"product_cat-iluminaoautomotiva","7":"desktop-align-left","8":"tablet-align-left","9":"mobile-align-left","11":"first","12":"instock","13":"shipping-taxable","14":"purchasable","15":"product-type-simple"},"_links":{"self":[{"href":"https:\/\/rickparts.com.br\/loja\/wp-json\/wp\/v2\/product\/850","targetHints":{"allow":["GET"]}}],"collection":[{"href":"https:\/\/rickparts.com.br\/loja\/wp-json\/wp\/v2\/product"}],"about":[{"href":"https:\/\/rickparts.com.br\/loja\/wp-json\/wp\/v2\/types\/product"}],"replies":[{"embeddable":true,"href":"https:\/\/rickparts.com.br\/loja\/wp-json\/wp\/v2\/comments?post=850"}],"wp:featuredmedia":[{"embeddable":true,"href":"https:\/\/rickparts.com.br\/loja\/wp-json\/wp\/v2\/media\/853"}],"wp:attachment":[{"href":"https:\/\/rickparts.com.br\/loja\/wp-json\/wp\/v2\/media?parent=850"}],"wp:term":[{"taxonomy":"product_brand","embeddable":true,"href":"https:\/\/rickparts.com.br\/loja\/wp-json\/wp\/v2\/product_brand?post=850"},{"taxonomy":"product_cat","embeddable":true,"href":"https:\/\/rickparts.com.br\/loja\/wp-json\/wp\/v2\/product_cat?post=850"},{"taxonomy":"product_tag","embeddable":true,"href":"https:\/\/rickparts.com.br\/loja\/wp-json\/wp\/v2\/product_tag?post=850"}],"curies":[{"name":"wp","href":"https:\/\/api.w.org\/{rel}","templated":true}]}}