{"id":984,"date":"2024-12-26T17:54:09","date_gmt":"2024-12-26T14:54:09","guid":{"rendered":"https:\/\/rickparts.com.br\/loja\/produto\/farol-grand-siena-12-16-m-negro-le\/"},"modified":"2026-02-06T16:22:35","modified_gmt":"2026-02-06T19:22:35","slug":"farol-grand-siena-12-16-m-negro-le","status":"publish","type":"product","link":"https:\/\/rickparts.com.br\/loja\/produto\/farol-grand-siena-12-16-m-negro-le\/","title":{"rendered":"FAROL GRAND SIENA 2012 A 2016 MASCARA NEGRA LE"},"content":{"rendered":"<p>Refer\u00eancia: FIAT26195-LEX<br \/>CARACTER\u00cdSTICAS:<br \/>\u2022 PRODUTO NOVO DE \u00d3TIMA QUALIDADE<br \/>\u2022 LENTE LISA EM ACR\u00edLICO<br \/>\u2022 M\u00e1SCARA NEGRA<\/p>\n<p>ESPECIFICA\u00c7\u00d5ES T\u00c9CNICAS:<br \/>\u2022 FOCO DUPLO<br \/>\u2022 REGULAGEM DE FOCO MANUAL<br \/>\u2022 ENCAIXE DE L\u00e2MPADA H7 NA BAIXA<br \/>\u2022 ENCAIXE DE L\u00e2MPADA H1 NA ALTA<br \/>\u2022 SUPORTA XENON E L\u00e2MPADAS AT\u00e9 55 WATTS<\/p>\n<p>COMPAT\u00cdVEL COM OS MODELOS:<br \/>\u2022 GRAND SIENA 2012<br \/>\u2022 GRAND SIENA 2013<br \/>\u2022 GRAND SIENA 2014<br \/>\u2022 GRAND SIENA 2015<br \/>* N\u00e3O ACOMPANHA L\u00e2MPADAS<\/p>\n<p>IMPORTANTE:<br \/>\u2022 GARANTIA DE 3 MESES<br \/>\u2022 N\u00e3O NOS RESPONSABILIZAMOS POR INSTALA\u00e7\u00e3O MAL REALIZADA<br \/>\u2022 A INSTALA\u00e7\u00e3O DEVE SER FEITA POR UM PROFISSIONAL ESPECIALIZADO<\/p>\n","protected":false},"excerpt":{"rendered":"<p>Refer\u00eancia: FIAT26195-LEX<br \/>CARACTER\u00cdSTICAS:<br \/>\u2022 PRODUTO NOVO DE \u00d3TIMA QUALIDADE<br \/>\u2022 LENTE LISA EM ACR\u00edLICO<br \/>\u2022 M\u00e1SCARA NEGRA<\/p>\n<p>ESPECIFICA\u00c7\u00d5ES T\u00c9CNICAS:<br \/>\u2022 FOCO DUPLO<br \/>\u2022 REGULAGEM DE FOCO MANUAL<br \/>\u2022 ENCAIXE DE L\u00e2MPADA H7 NA BAIXA<br \/>\u2022 ENCAIXE DE L\u00e2MPADA H1 NA ALTA<br \/>\u2022 SUPORTA XENON E L\u00e2MPADAS AT\u00e9 55 WATTS<\/p>\n<p>COMPAT\u00cdVEL COM OS MODELOS:<br \/>\u2022 GRAND SIENA 2012<br \/>\u2022 GRAND SIENA 2013<br \/>\u2022 GRAND SIENA 2014<br \/>\u2022 GRAND SIENA 2015<br \/>* N\u00e3O ACOMPANHA L\u00e2MPADAS<\/p>\n<p>IMPORTANTE:<br \/>\u2022 GARANTIA DE 3 MESES<br \/>\u2022 N\u00e3O NOS RESPONSABILIZAMOS POR INSTALA\u00e7\u00e3O MAL REALIZADA<br \/>\u2022 A INSTALA\u00e7\u00e3O DEVE SER FEITA POR UM PROFISSIONAL ESPECIALIZADO<\/p>\n","protected":false},"featured_media":983,"comment_status":"open","ping_status":"closed","template":"","meta":{"nf_dc_page":"","site-sidebar-layout":"default","site-content-layout":"","ast-site-content-layout":"default","site-content-style":"default","site-sidebar-style":"default","ast-global-header-display":"","ast-banner-title-visibility":"","ast-main-header-display":"","ast-hfb-above-header-display":"","ast-hfb-below-header-display":"","ast-hfb-mobile-header-display":"","site-post-title":"","ast-breadcrumbs-content":"","ast-featured-img":"","footer-sml-layout":"","ast-disable-related-posts":"","theme-transparent-header-meta":"","adv-header-id-meta":"","stick-header-meta":"","header-above-stick-meta":"","header-main-stick-meta":"","header-below-stick-meta":"","astra-migrate-meta-layouts":"default","ast-page-background-enabled":"default","ast-page-background-meta":{"desktop":{"background-color":"var(--ast-global-color-4)","background-image":"","background-repeat":"repeat","background-position":"center center","background-size":"auto","background-attachment":"scroll","background-type":"","background-media":"","overlay-type":"","overlay-color":"","overlay-opacity":"","overlay-gradient":""},"tablet":{"background-color":"","background-image":"","background-repeat":"repeat","background-position":"center center","background-size":"auto","background-attachment":"scroll","background-type":"","background-media":"","overlay-type":"","overlay-color":"","overlay-opacity":"","overlay-gradient":""},"mobile":{"background-color":"","background-image":"","background-repeat":"repeat","background-position":"center center","background-size":"auto","background-attachment":"scroll","background-type":"","background-media":"","overlay-type":"","overlay-color":"","overlay-opacity":"","overlay-gradient":""}},"ast-content-background-meta":{"desktop":{"background-color":"var(--ast-global-color-5)","background-image":"","background-repeat":"repeat","background-position":"center center","background-size":"auto","background-attachment":"scroll","background-type":"","background-media":"","overlay-type":"","overlay-color":"","overlay-opacity":"","overlay-gradient":""},"tablet":{"background-color":"var(--ast-global-color-5)","background-image":"","background-repeat":"repeat","background-position":"center center","background-size":"auto","background-attachment":"scroll","background-type":"","background-media":"","overlay-type":"","overlay-color":"","overlay-opacity":"","overlay-gradient":""},"mobile":{"background-color":"var(--ast-global-color-5)","background-image":"","background-repeat":"repeat","background-position":"center center","background-size":"auto","background-attachment":"scroll","background-type":"","background-media":"","overlay-type":"","overlay-color":"","overlay-opacity":"","overlay-gradient":""}}},"product_brand":[],"product_cat":[35],"product_tag":[],"class_list":{"0":"post-984","1":"product","2":"type-product","3":"status-publish","4":"has-post-thumbnail","6":"product_cat-iluminaoautomotiva","7":"desktop-align-left","8":"tablet-align-left","9":"mobile-align-left","11":"first","12":"instock","13":"shipping-taxable","14":"purchasable","15":"product-type-simple"},"_links":{"self":[{"href":"https:\/\/rickparts.com.br\/loja\/wp-json\/wp\/v2\/product\/984","targetHints":{"allow":["GET"]}}],"collection":[{"href":"https:\/\/rickparts.com.br\/loja\/wp-json\/wp\/v2\/product"}],"about":[{"href":"https:\/\/rickparts.com.br\/loja\/wp-json\/wp\/v2\/types\/product"}],"replies":[{"embeddable":true,"href":"https:\/\/rickparts.com.br\/loja\/wp-json\/wp\/v2\/comments?post=984"}],"wp:featuredmedia":[{"embeddable":true,"href":"https:\/\/rickparts.com.br\/loja\/wp-json\/wp\/v2\/media\/983"}],"wp:attachment":[{"href":"https:\/\/rickparts.com.br\/loja\/wp-json\/wp\/v2\/media?parent=984"}],"wp:term":[{"taxonomy":"product_brand","embeddable":true,"href":"https:\/\/rickparts.com.br\/loja\/wp-json\/wp\/v2\/product_brand?post=984"},{"taxonomy":"product_cat","embeddable":true,"href":"https:\/\/rickparts.com.br\/loja\/wp-json\/wp\/v2\/product_cat?post=984"},{"taxonomy":"product_tag","embeddable":true,"href":"https:\/\/rickparts.com.br\/loja\/wp-json\/wp\/v2\/product_tag?post=984"}],"curies":[{"name":"wp","href":"https:\/\/api.w.org\/{rel}","templated":true}]}}