{"id":999,"date":"2024-12-26T18:35:44","date_gmt":"2024-12-26T15:35:44","guid":{"rendered":"https:\/\/rickparts.com.br\/loja\/produto\/farol-ducato-17-21-h7-h1-m-crom-le\/"},"modified":"2026-02-06T16:23:06","modified_gmt":"2026-02-06T19:23:06","slug":"farol-ducato-17-21-h7-h1-m-crom-le","status":"publish","type":"product","link":"https:\/\/rickparts.com.br\/loja\/produto\/farol-ducato-17-21-h7-h1-m-crom-le\/","title":{"rendered":"FAROL DUCATO 2017 A 2021 CROMADO LE"},"content":{"rendered":"<p>Refer\u00eancia: FIAT66117-LEX<br \/>FAROL DUCATO 2018 2019 2020 CROMADO REGULAGEM EL\u00e9TRICA<\/p>\n<p>COR DISPON\u00edVEL:<br \/>\u2022 M\u00e1SCARA CROMADA<\/p>\n<p>COMPAT\u00edVEL COM:<br \/>\u2022 DUCATO 2018<br \/>\u2022 DUCATO 2019<br \/>\u2022 DUCATO 2020<\/p>\n<p>ESPECIFICA\u00e7\u00e3O T\u00e9CNICA:<br \/>\u2022 M\u00e1SCARA CROMADA<br \/>\u2022 LENTE LISA EM ACR\u00edLICO RESISTENTE<br \/>\u2022 REGULAGEM DE FOCO EL\u00e9TRICO<br \/>\u2022 FOCO DUPLO<br \/>\u2022 SUPORTA L\u00e2MPADAS AT\u00e9 55 WATTS<br \/>\u2022 N\u00e3O ACOMPANHA LAMPADAS E SOQUETES<br \/>\u2022 EXCELENTE ACABAMENTO<br \/>\u2022 ALTA QUALIDADE E RESIST\u00eaNCIA<\/p>\n<p>GARANTIA:<br \/>\u2022 03 MESES CONTRA DEFEITO DE FABRICA\u00e7\u00e3O.<\/p>\n<p>ATEN\u00c7\u00c3O:<br \/>N\u00e3O NOS RESPONSABILIZAMOS PELA M\u00e1 INSTALA\u00e7\u00e3O DO PRODUTO. PROCURE UM PROFISSIONAL ESPECIALIZADO!<\/p>\n","protected":false},"excerpt":{"rendered":"<p>Refer\u00eancia: FIAT66117-LEX<br \/>FAROL DUCATO 2018 2019 2020 CROMADO REGULAGEM EL\u00e9TRICA<\/p>\n<p>COR DISPON\u00edVEL:<br \/>\u2022 M\u00e1SCARA CROMADA<\/p>\n<p>COMPAT\u00edVEL COM:<br \/>\u2022 DUCATO 2018<br \/>\u2022 DUCATO 2019<br \/>\u2022 DUCATO 2020<\/p>\n<p>ESPECIFICA\u00e7\u00e3O T\u00e9CNICA:<br \/>\u2022 M\u00e1SCARA CROMADA<br \/>\u2022 LENTE LISA EM ACR\u00edLICO RESISTENTE<br \/>\u2022 REGULAGEM DE FOCO EL\u00e9TRICO<br \/>\u2022 FOCO DUPLO<br \/>\u2022 SUPORTA L\u00e2MPADAS AT\u00e9 55 WATTS<br \/>\u2022 N\u00e3O ACOMPANHA LAMPADAS E SOQUETES<br \/>\u2022 EXCELENTE ACABAMENTO<br \/>\u2022 ALTA QUALIDADE E RESIST\u00eaNCIA<\/p>\n<p>GARANTIA:<br \/>\u2022 03 MESES CONTRA DEFEITO DE FABRICA\u00e7\u00e3O.<\/p>\n<p>ATEN\u00c7\u00c3O:<br \/>N\u00e3O NOS RESPONSABILIZAMOS PELA M\u00e1 INSTALA\u00e7\u00e3O DO PRODUTO. PROCURE UM PROFISSIONAL ESPECIALIZADO!<\/p>\n","protected":false},"featured_media":998,"comment_status":"open","ping_status":"closed","template":"","meta":{"nf_dc_page":"","site-sidebar-layout":"default","site-content-layout":"","ast-site-content-layout":"default","site-content-style":"default","site-sidebar-style":"default","ast-global-header-display":"","ast-banner-title-visibility":"","ast-main-header-display":"","ast-hfb-above-header-display":"","ast-hfb-below-header-display":"","ast-hfb-mobile-header-display":"","site-post-title":"","ast-breadcrumbs-content":"","ast-featured-img":"","footer-sml-layout":"","ast-disable-related-posts":"","theme-transparent-header-meta":"","adv-header-id-meta":"","stick-header-meta":"","header-above-stick-meta":"","header-main-stick-meta":"","header-below-stick-meta":"","astra-migrate-meta-layouts":"default","ast-page-background-enabled":"default","ast-page-background-meta":{"desktop":{"background-color":"var(--ast-global-color-4)","background-image":"","background-repeat":"repeat","background-position":"center center","background-size":"auto","background-attachment":"scroll","background-type":"","background-media":"","overlay-type":"","overlay-color":"","overlay-opacity":"","overlay-gradient":""},"tablet":{"background-color":"","background-image":"","background-repeat":"repeat","background-position":"center center","background-size":"auto","background-attachment":"scroll","background-type":"","background-media":"","overlay-type":"","overlay-color":"","overlay-opacity":"","overlay-gradient":""},"mobile":{"background-color":"","background-image":"","background-repeat":"repeat","background-position":"center center","background-size":"auto","background-attachment":"scroll","background-type":"","background-media":"","overlay-type":"","overlay-color":"","overlay-opacity":"","overlay-gradient":""}},"ast-content-background-meta":{"desktop":{"background-color":"var(--ast-global-color-5)","background-image":"","background-repeat":"repeat","background-position":"center center","background-size":"auto","background-attachment":"scroll","background-type":"","background-media":"","overlay-type":"","overlay-color":"","overlay-opacity":"","overlay-gradient":""},"tablet":{"background-color":"var(--ast-global-color-5)","background-image":"","background-repeat":"repeat","background-position":"center center","background-size":"auto","background-attachment":"scroll","background-type":"","background-media":"","overlay-type":"","overlay-color":"","overlay-opacity":"","overlay-gradient":""},"mobile":{"background-color":"var(--ast-global-color-5)","background-image":"","background-repeat":"repeat","background-position":"center center","background-size":"auto","background-attachment":"scroll","background-type":"","background-media":"","overlay-type":"","overlay-color":"","overlay-opacity":"","overlay-gradient":""}}},"product_brand":[],"product_cat":[35],"product_tag":[],"class_list":{"0":"post-999","1":"product","2":"type-product","3":"status-publish","4":"has-post-thumbnail","6":"product_cat-iluminaoautomotiva","7":"desktop-align-left","8":"tablet-align-left","9":"mobile-align-left","11":"first","12":"instock","13":"shipping-taxable","14":"purchasable","15":"product-type-simple"},"_links":{"self":[{"href":"https:\/\/rickparts.com.br\/loja\/wp-json\/wp\/v2\/product\/999","targetHints":{"allow":["GET"]}}],"collection":[{"href":"https:\/\/rickparts.com.br\/loja\/wp-json\/wp\/v2\/product"}],"about":[{"href":"https:\/\/rickparts.com.br\/loja\/wp-json\/wp\/v2\/types\/product"}],"replies":[{"embeddable":true,"href":"https:\/\/rickparts.com.br\/loja\/wp-json\/wp\/v2\/comments?post=999"}],"wp:featuredmedia":[{"embeddable":true,"href":"https:\/\/rickparts.com.br\/loja\/wp-json\/wp\/v2\/media\/998"}],"wp:attachment":[{"href":"https:\/\/rickparts.com.br\/loja\/wp-json\/wp\/v2\/media?parent=999"}],"wp:term":[{"taxonomy":"product_brand","embeddable":true,"href":"https:\/\/rickparts.com.br\/loja\/wp-json\/wp\/v2\/product_brand?post=999"},{"taxonomy":"product_cat","embeddable":true,"href":"https:\/\/rickparts.com.br\/loja\/wp-json\/wp\/v2\/product_cat?post=999"},{"taxonomy":"product_tag","embeddable":true,"href":"https:\/\/rickparts.com.br\/loja\/wp-json\/wp\/v2\/product_tag?post=999"}],"curies":[{"name":"wp","href":"https:\/\/api.w.org\/{rel}","templated":true}]}}